{"id":564,"date":"2025-10-08T05:19:29","date_gmt":"2025-10-08T05:19:29","guid":{"rendered":"https:\/\/yobipet.elesteam.com\/?post_type=product&#038;p=564"},"modified":"2025-10-15T20:21:59","modified_gmt":"2025-10-15T20:21:59","slug":"concentrado-para-perro-adulto-science-diet-maintence-lamb-rice","status":"publish","type":"product","link":"https:\/\/yobipet.elesteam.com\/index.php\/producto\/concentrado-para-perro-adulto-science-diet-maintence-lamb-rice\/","title":{"rendered":"Concentrado Hills Science Diet para Perro Adulto 1-6.  15.5 Libras"},"content":{"rendered":"<p><strong>\u00bfQU\u00c9 ES?<\/strong><\/p>\n<p>Concentrado Super Premium que ofrece la nutrici\u00f3n precisa para perros adultos menos activos.<\/p>\n<p><strong>BENEFICIOS<\/strong><\/p>\n<p>Para perros adultos menos activos que requieren un alimento bajo en calor\u00edas para mantener un peso y estilo de vida sanos.<\/p>\n<p><strong>INGREDIENTES<\/strong><\/p>\n<p>Pollo, cebada perlada agrietada, trigo integral, ma\u00edz integral, sorgo integral, harina de gluten de ma\u00edz, harina de soja, grasa de pollo, arroz cervecero, sabor a h\u00edgado de pollo, harina de pollo, pulpa de remolacha seca, aceite de soja, sabor a cerdo, \u00e1cido l\u00e1ctico , Carbonato de calcio, linaza, cloruro de potasio, cloruro de colina, sal yodada, vitaminas (suplemento de vitamina E, L-ascorbil-2-polifosfato (fuente de vitamina C), suplemento de niacina, mononitrato de tiamina, suplemento de vitamina A, pantotenato de calcio, suplemento de riboflavina , Biotina, suplemento de vitamina B12, clorhidrato de piridoxina, \u00e1cido f\u00f3lico, suplemento de vitamina D3), taurina, minerales (sulfato ferroso, \u00f3xido de zinc, sulfato de cobre, \u00f3xido de manganous, yodato de calcio, selenito de sodio), fibra de avena, tocoferoles mixtos para la frescura, natural Sabores, Betacaroteno, Manzanas, Br\u00f3coli, Zanahorias, Ar\u00e1ndanos, Guisantes Verdes.<\/p>\n<p>&nbsp;<\/p>\n<p><strong>INDICACIONES<\/strong><\/p>\n<p>Recomendado para perros adultos de raza mediana y grande DE 1-6 a\u00f1os. Idealmente proporcionar 2 veces al d\u00eda, seg\u00fan<\/p>\n<p>indicaciones de peso.<\/p>\n<p><strong>NO RECOMENDADO<\/strong><\/p>\n<p>No recomendado para: Cachorros, perras gestantes o lactantes. Durante la gestaci\u00f3n o lactancia las perras deben ser cambiadas a: Science Diet\u00ae Puppy Healthy Development, Science Diet\u00ae Puppy Healthy Development Small Bites o Science Diet\u00ae Puppy Small and Toy Breed<\/p>\n<p><strong>DOSIS \/APLICACI\u00d3N<\/strong><\/p>\n<p>Peso del perro (kg) Cantidad diaria (g)<br \/>\n2.5 kg 60 gramos<br \/>\n5 kg 100 gramos<br \/>\n10 kg 170 gramos<br \/>\n20 kg 290 gramos<br \/>\n30 kg 395 gramos<br \/>\n40 kg 485 gramos<br \/>\n50 kg 575 gramos<br \/>\n60 kg 660 gramos<br \/>\n<strong>\u00a0<\/strong><\/p>\n<p><strong>CONTRAINDICACIONES <\/strong><\/p>\n<p>Consulte a su m\u00e9dico veterinario<\/p>\n","protected":false},"excerpt":{"rendered":"<p>Alimento seco para perro adulto, sabor a <strong>cordero y arroz.<\/strong><\/p>\n<p>&nbsp;<\/p>\n","protected":false},"featured_media":565,"template":"","meta":[],"product_brand":[50],"product_cat":[46,47],"product_tag":[],"class_list":{"0":"post-564","1":"product","2":"type-product","3":"status-publish","4":"has-post-thumbnail","6":"product_brand-hills-science-diet","7":"product_cat-comida","8":"product_cat-comida-para-perros","10":"first","11":"instock","12":"shipping-taxable","13":"purchasable","14":"product-type-simple"},"_links":{"self":[{"href":"https:\/\/yobipet.elesteam.com\/index.php\/wp-json\/wp\/v2\/product\/564","targetHints":{"allow":["GET"]}}],"collection":[{"href":"https:\/\/yobipet.elesteam.com\/index.php\/wp-json\/wp\/v2\/product"}],"about":[{"href":"https:\/\/yobipet.elesteam.com\/index.php\/wp-json\/wp\/v2\/types\/product"}],"wp:featuredmedia":[{"embeddable":true,"href":"https:\/\/yobipet.elesteam.com\/index.php\/wp-json\/wp\/v2\/media\/565"}],"wp:attachment":[{"href":"https:\/\/yobipet.elesteam.com\/index.php\/wp-json\/wp\/v2\/media?parent=564"}],"wp:term":[{"taxonomy":"product_brand","embeddable":true,"href":"https:\/\/yobipet.elesteam.com\/index.php\/wp-json\/wp\/v2\/product_brand?post=564"},{"taxonomy":"product_cat","embeddable":true,"href":"https:\/\/yobipet.elesteam.com\/index.php\/wp-json\/wp\/v2\/product_cat?post=564"},{"taxonomy":"product_tag","embeddable":true,"href":"https:\/\/yobipet.elesteam.com\/index.php\/wp-json\/wp\/v2\/product_tag?post=564"}],"curies":[{"name":"wp","href":"https:\/\/api.w.org\/{rel}","templated":true}]}}