{"id":566,"date":"2025-10-08T05:22:00","date_gmt":"2025-10-08T05:22:00","guid":{"rendered":"https:\/\/yobipet.elesteam.com\/?post_type=product&#038;p=566"},"modified":"2025-10-15T20:15:37","modified_gmt":"2025-10-15T20:15:37","slug":"science-diet-senior-small-bites","status":"publish","type":"product","link":"https:\/\/yobipet.elesteam.com\/index.php\/producto\/science-diet-senior-small-bites\/","title":{"rendered":"Concentrado Hills Science Diet para Perro Adulto Mayor Raza Peque\u00f1a.  4.4 Libras"},"content":{"rendered":"<p><strong>SMALL BITES<\/strong><\/p>\n<p><strong>\u00bfQU\u00c9 ES?<\/strong><\/p>\n<p>El alimento seco para perros formulado para necesidades espec\u00edficas del envejecimiento.<\/p>\n<p>Perros adultos de 7+ a\u00f1os de edad. Con ingredientes saludables y los nutrientes correctos, Hill &#8216;s Science Diet est\u00e1 elaborado con precisi\u00f3n para ofrecer a su perro la nutrici\u00f3n que necesita para una salud y felicidad de por vida.<\/p>\n<p><strong>BENEFICIOS<\/strong><\/p>\n<p>Proporciona nutrici\u00f3n f\u00e1cil de digerir con una mezcla sin\u00e9rgica de ingredientes para ayudar a favorecer el nivel de energ\u00eda y actividad. Delicioso sabor pollo en un bocado de tama\u00f1o peque\u00f1o para aquellos que prefieren la variedad.<\/p>\n<p>Minerales balanceados para la salud del coraz\u00f3n y ri\u00f1ones Omega-6 y vitamina E para una piel y pelaje hermosos.<\/p>\n<p>Prote\u00edna de alta calidad para m\u00fasculos magros.<\/p>\n<p><strong>INGREDIENTES<\/strong><\/p>\n<p>Harina de pollo, cebada perlada agrietada, arroz de cervecer\u00eda, trigo integral, ma\u00edz integral, sorgo integral, grasa de pollo, pulpa de remolacha seca, avena integral, sabor a h\u00edgado de pollo, harina de soja, aceite de soja, \u00e1cido l\u00e1ctico, sabor a cerdo, linaza , Cloruro de potasio, carbonato de calcio, sal yodada, cloruro de colina, vitaminas (suplemento de vitamina E, L-ascorbil-2-polifosfato (fuente de vitamina C), suplemento de niacina, mononitrato de tiamina, suplemento de vitamina A, pantotenato de calcio, suplemento de riboflavina, biotina , Suplemento de vitamina B12, clorhidrato de piridoxina, \u00e1cido f\u00f3lico, suplemento de vitamina D3), L-lisina, minerales (sulfato ferroso, \u00f3xido de zinc, sulfato de cobre, \u00f3xido de mangano, yodato de calcio, selenito de sodio), taurina, DL-metionina, fibra de avena, Mezcla de tocoferoles para frescura, sabores naturales, L-carnitina, beta caroteno, manzanas, br\u00f3coli, zanahorias, ar\u00e1ndanos, guisantes verdes.<\/p>\n<p>&nbsp;<\/p>\n<p><strong>RECOMENDADO<\/strong><\/p>\n<p>Solo para perros mayores de 7 a\u00f1os est\u00e1 dise\u00f1ado para satisfacer las necesidades nutricionales de perros senior (envejecientes), ayudando a mantener su salud general.<\/p>\n<p><strong>NO RECOMENDADO<\/strong><\/p>\n<p>No apto para cachorros ni perros adultos j\u00f3venes: No cubre las necesidades nutricionales de perros en crecimiento o adultos activos (menos de 7 a\u00f1os).<\/p>\n<p><strong>\u00a0<\/strong><\/p>\n<p><strong>DOSIS \/ APLICACI\u00d3N<\/strong><\/p>\n<p>Peso del perro (kg) Cantidad diaria (g)<\/p>\n<p>2,5 kg: 55 Gramos<br \/>\n5 kg: 90 Gramos<br \/>\n10 kg: 155 Gramos<br \/>\n20 kg: 260 Gramos<br \/>\n30 kg: 350 Gramos<br \/>\n40 kg: 435 Gramos<br \/>\n50 kg: 515 Gramos<br \/>\n60 kg: 590 Gramos<\/p>\n<p>&nbsp;<\/p>\n<p><strong>CONTRAINDICACIONES<\/strong><\/p>\n<p>Consulte a su m\u00e9dico veterinario<\/p>\n","protected":false},"excerpt":{"rendered":"<p>Alimento seco para perro adulto mayor, sabor a <strong>pollo, cebada y arroz<\/strong>.<\/p>\n","protected":false},"featured_media":567,"template":"","meta":[],"product_brand":[50],"product_cat":[46,47],"product_tag":[],"class_list":{"0":"post-566","1":"product","2":"type-product","3":"status-publish","4":"has-post-thumbnail","6":"product_brand-hills-science-diet","7":"product_cat-comida","8":"product_cat-comida-para-perros","10":"first","11":"instock","12":"shipping-taxable","13":"purchasable","14":"product-type-simple"},"_links":{"self":[{"href":"https:\/\/yobipet.elesteam.com\/index.php\/wp-json\/wp\/v2\/product\/566","targetHints":{"allow":["GET"]}}],"collection":[{"href":"https:\/\/yobipet.elesteam.com\/index.php\/wp-json\/wp\/v2\/product"}],"about":[{"href":"https:\/\/yobipet.elesteam.com\/index.php\/wp-json\/wp\/v2\/types\/product"}],"wp:featuredmedia":[{"embeddable":true,"href":"https:\/\/yobipet.elesteam.com\/index.php\/wp-json\/wp\/v2\/media\/567"}],"wp:attachment":[{"href":"https:\/\/yobipet.elesteam.com\/index.php\/wp-json\/wp\/v2\/media?parent=566"}],"wp:term":[{"taxonomy":"product_brand","embeddable":true,"href":"https:\/\/yobipet.elesteam.com\/index.php\/wp-json\/wp\/v2\/product_brand?post=566"},{"taxonomy":"product_cat","embeddable":true,"href":"https:\/\/yobipet.elesteam.com\/index.php\/wp-json\/wp\/v2\/product_cat?post=566"},{"taxonomy":"product_tag","embeddable":true,"href":"https:\/\/yobipet.elesteam.com\/index.php\/wp-json\/wp\/v2\/product_tag?post=566"}],"curies":[{"name":"wp","href":"https:\/\/api.w.org\/{rel}","templated":true}]}}