{"id":568,"date":"2025-10-08T05:23:40","date_gmt":"2025-10-08T05:23:40","guid":{"rendered":"https:\/\/yobipet.elesteam.com\/?post_type=product&#038;p=568"},"modified":"2025-11-08T02:05:11","modified_gmt":"2025-11-08T02:05:11","slug":"concentrado-para-perro-science-diet-puppy-small-bites","status":"publish","type":"product","link":"https:\/\/yobipet.elesteam.com\/index.php\/producto\/concentrado-para-perro-science-diet-puppy-small-bites\/","title":{"rendered":"Concentrado Hills Science Diet para Cachorro Raza Peque\u00f1a. 4.5 Libras"},"content":{"rendered":"<p><strong>\u00bfQU\u00c9 ES?<\/strong><\/p>\n<p>Concentrado Super Premium formulado espec\u00edficamente para cachorros, hembras lactantes o gestantes de raza peque\u00f1a. Tama\u00f1o de croqueta peque\u00f1a para facilitar su consumo.<\/p>\n<p><strong>BENEFICIOS<\/strong><\/p>\n<p>Est\u00e1 formulado especialmente para cachorros, con croquetas peque\u00f1as ideales para razas peque\u00f1as o cachorros que prefieren bocados m\u00e1s f\u00e1ciles de masticar. Ofrece una nutrici\u00f3n balanceada con DHA de aceite de pescado para el desarrollo del cerebro y la visi\u00f3n, prote\u00ednas de alta calidad para m\u00fasculos fuertes, minerales esenciales para huesos y dientes sanos, y antioxidantes que fortalecen el sistema inmunol\u00f3gico. Es de f\u00e1cil digesti\u00f3n y no contiene colorantes ni conservantes artificiales. Ideal para un crecimiento saludable desde los primeros meses de vida.<\/p>\n<p><strong>INGREDIENTES<\/strong><\/p>\n<p>Harina de pollo, trigo integral, cebada perlada agrietada, sorgo integral, ma\u00edz integral, grasa de pollo, harina de gluten de ma\u00edz, sabor a h\u00edgado de pollo, pulpa de remolacha seca, sabor a h\u00edgado de cerdo, aceite de pescado, linaza, \u00e1cido l\u00e1ctico, aceite de soja, dic\u00e1lcico Fosfato, sal yodada, cloruro de potasio, cloruro de colina, vitaminas (suplemento de vitamina E, L-ascorbil-2-polifosfato (fuente de vitamina C), suplemento de niacina, mononitrato de tiamina, suplemento de vitamina A, pantotenato de calcio, suplemento de riboflavina, biotina, vitamina Suplemento B12, clorhidrato de piridoxina, \u00e1cido f\u00f3lico, suplemento de vitamina D3), minerales (sulfato ferroso, \u00f3xido de zinc, sulfato de cobre, \u00f3xido manganoso, yodato de calcio, selenito de sodio), taurina, fibra de avena, tocoferoles mixtos para la frescura.<\/p>\n<p>&nbsp;<\/p>\n<p><strong>DOSIS \/ APLICACI\u00d3N<\/strong><\/p>\n<p>MESES 1- 3 4-9 10-12<\/p>\n<p>kilogramos, peso de mascota &#8211; gramos, cantidad diaria.<br \/>\n0.25 kg 20g<br \/>\n0.5 kg 35g<br \/>\n1 kg 55g 45g 35g<br \/>\n1.5 kg 75g 60g 50g<br \/>\n2 kg 90g 75g 60g<br \/>\n2.5 kg 110g 90g 75g<br \/>\n3 kg 105g 85g<br \/>\n3.5 kg 120g 95g<br \/>\n4 kg 130g 105g<br \/>\n5 kg 150g 125g<br \/>\n7.5 kg 210g 165g<br \/>\n10 kg 260g 205g<\/p>\n<p>Para hembras gestantes y lactantes el alimento debe estar siempre disponible.<\/p>\n<p><strong>INDICACIONES<\/strong><\/p>\n<p>Indicado para perros de raza peque\u00f1a de hasta 12 meses de edad, hembras gestantes o lactantes. Dosis seg\u00fan el peso y edad de la mascota.<br \/>\nDar a cachorros de manera ideal 3 veces al d\u00eda, con tiempos establecidos previamente.<\/p>\n","protected":false},"excerpt":{"rendered":"<p>Alimento seco Super Premium para cachorro raza peque\u00f1a con sabor a <strong>pollo y arroz.<\/strong><\/p>\n<p>2.04 kg<\/p>\n","protected":false},"featured_media":655,"template":"","meta":[],"product_brand":[50],"product_cat":[46,47],"product_tag":[],"class_list":{"0":"post-568","1":"product","2":"type-product","3":"status-publish","4":"has-post-thumbnail","6":"product_brand-hills-science-diet","7":"product_cat-comida","8":"product_cat-comida-para-perros","10":"first","11":"instock","12":"shipping-taxable","13":"purchasable","14":"product-type-simple"},"_links":{"self":[{"href":"https:\/\/yobipet.elesteam.com\/index.php\/wp-json\/wp\/v2\/product\/568","targetHints":{"allow":["GET"]}}],"collection":[{"href":"https:\/\/yobipet.elesteam.com\/index.php\/wp-json\/wp\/v2\/product"}],"about":[{"href":"https:\/\/yobipet.elesteam.com\/index.php\/wp-json\/wp\/v2\/types\/product"}],"wp:featuredmedia":[{"embeddable":true,"href":"https:\/\/yobipet.elesteam.com\/index.php\/wp-json\/wp\/v2\/media\/655"}],"wp:attachment":[{"href":"https:\/\/yobipet.elesteam.com\/index.php\/wp-json\/wp\/v2\/media?parent=568"}],"wp:term":[{"taxonomy":"product_brand","embeddable":true,"href":"https:\/\/yobipet.elesteam.com\/index.php\/wp-json\/wp\/v2\/product_brand?post=568"},{"taxonomy":"product_cat","embeddable":true,"href":"https:\/\/yobipet.elesteam.com\/index.php\/wp-json\/wp\/v2\/product_cat?post=568"},{"taxonomy":"product_tag","embeddable":true,"href":"https:\/\/yobipet.elesteam.com\/index.php\/wp-json\/wp\/v2\/product_tag?post=568"}],"curies":[{"name":"wp","href":"https:\/\/api.w.org\/{rel}","templated":true}]}}