{"id":570,"date":"2025-10-08T05:26:17","date_gmt":"2025-10-08T05:26:17","guid":{"rendered":"https:\/\/yobipet.elesteam.com\/?post_type=product&#038;p=570"},"modified":"2025-10-15T19:46:27","modified_gmt":"2025-10-15T19:46:27","slug":"concentrado-para-perro-science-diet-puppy","status":"publish","type":"product","link":"https:\/\/yobipet.elesteam.com\/index.php\/producto\/concentrado-para-perro-science-diet-puppy\/","title":{"rendered":"Concentrado Hills Science Diet para Cachorro Orginal. 4 Libras"},"content":{"rendered":"<p><strong>\u00bfQU\u00c9 ES?<\/strong><\/p>\n<p>Concentrado Super Premium formulado espec\u00edficamente para cachorros, hembras lactantes o gestantes de raza mediana.<\/p>\n<p><strong>INGREDIENTES<\/strong><\/p>\n<p>Haina de pollo, trigo integral, cebada perlada agrietada, sorgo integral, ma\u00edz integral, grasa de pollo, harina de gluten de ma\u00edz, sabor a h\u00edgado de pollo, pulpa de remolacha seca, sabor a h\u00edgado de cerdo, aceite de pescado, linaza, \u00e1cido l\u00e1ctico, aceite de soja, dic\u00e1lcico Fosfato, sal yodada, cloruro de potasio, cloruro de colina, vitaminas (suplemento de vitamina E, L-ascorbil-2-polifosfato (fuente de vitamina C), suplemento de niacina, mononitrato de tiamina, suplemento de vitamina A, pantotenato de calcio, suplemento de riboflavina, biotina, vitamina Suplemento B12, clorhidrato de piridoxina, \u00e1cido f\u00f3lico, suplemento de vitamina D3), minerales (sulfato ferroso, \u00f3xido de zinc, sulfato de cobre, \u00f3xido manganoso, yodato de calcio, selenito de sodio), taurina, fibra de avena, tocoferoles mixtos para la frescura, sabores naturales, beta- Caroteno.<\/p>\n<p>&nbsp;<\/p>\n<p><strong>DOSIS \/APLICACI\u00d3N<\/strong><\/p>\n<p>Peso del perro 2 a 4 meses- 9meses &#8211; 10 a 12 meses<br \/>\n1 kg 55g 45g 35g<br \/>\n2 kg 95g 80g 60g<br \/>\n4 kg 155g 130g 105g<br \/>\n5 kg 185g 155g 125g<br \/>\n10 kg 315g 260g 210g<br \/>\n20 kg 525g 440g 350g<br \/>\n30 kg 715g 595g 475g<br \/>\n40 kg 885g 740g 590g<br \/>\n50 kg 1045g 870g 700g<br \/>\n60 kg 1200g 1000g 800g<\/p>\n<p>Para hembras gestantes y lactantes el alimento debe estar siempre disponible.<\/p>\n<p><strong>INDICACIONES<\/strong><\/p>\n<p>Indicado para perros de raza mediana de hasta 12 meses de edad, hembras gestantes y lactantes. D\u00f3sis indicada seg\u00fan el peso y edad de la mascota. Se recomienda proporcionar 3 veces al d\u00eda, con horarios establecidos previamente.<\/p>\n<p>&nbsp;<\/p>\n<p>Se recomienda servir 2 veces al d\u00eda, de ser necesario remojar para suavizar las croquetas.<\/p>\n<p><strong>CONTRAINDICACIONES<\/strong><\/p>\n<p>Consulte a su m\u00e9dico veterinario.<\/p>\n","protected":false},"excerpt":{"rendered":"<p>Alimento seco Super Premiun para cachorros con sabor a <strong>pollo y arroz.<\/strong><\/p>\n","protected":false},"featured_media":656,"template":"","meta":[],"product_brand":[50],"product_cat":[46,47],"product_tag":[],"class_list":{"0":"post-570","1":"product","2":"type-product","3":"status-publish","4":"has-post-thumbnail","6":"product_brand-hills-science-diet","7":"product_cat-comida","8":"product_cat-comida-para-perros","10":"first","11":"instock","12":"shipping-taxable","13":"purchasable","14":"product-type-simple"},"_links":{"self":[{"href":"https:\/\/yobipet.elesteam.com\/index.php\/wp-json\/wp\/v2\/product\/570","targetHints":{"allow":["GET"]}}],"collection":[{"href":"https:\/\/yobipet.elesteam.com\/index.php\/wp-json\/wp\/v2\/product"}],"about":[{"href":"https:\/\/yobipet.elesteam.com\/index.php\/wp-json\/wp\/v2\/types\/product"}],"wp:featuredmedia":[{"embeddable":true,"href":"https:\/\/yobipet.elesteam.com\/index.php\/wp-json\/wp\/v2\/media\/656"}],"wp:attachment":[{"href":"https:\/\/yobipet.elesteam.com\/index.php\/wp-json\/wp\/v2\/media?parent=570"}],"wp:term":[{"taxonomy":"product_brand","embeddable":true,"href":"https:\/\/yobipet.elesteam.com\/index.php\/wp-json\/wp\/v2\/product_brand?post=570"},{"taxonomy":"product_cat","embeddable":true,"href":"https:\/\/yobipet.elesteam.com\/index.php\/wp-json\/wp\/v2\/product_cat?post=570"},{"taxonomy":"product_tag","embeddable":true,"href":"https:\/\/yobipet.elesteam.com\/index.php\/wp-json\/wp\/v2\/product_tag?post=570"}],"curies":[{"name":"wp","href":"https:\/\/api.w.org\/{rel}","templated":true}]}}