{"id":574,"date":"2025-10-08T05:28:46","date_gmt":"2025-10-08T05:28:46","guid":{"rendered":"https:\/\/yobipet.elesteam.com\/?post_type=product&#038;p=574"},"modified":"2025-10-15T20:02:07","modified_gmt":"2025-10-15T20:02:07","slug":"concentrado-para-gatos-science-diet-felino-maintenance","status":"publish","type":"product","link":"https:\/\/yobipet.elesteam.com\/index.php\/producto\/concentrado-para-gatos-science-diet-felino-maintenance\/","title":{"rendered":"Concentrado Hills Science Diet para Gato Adulto Original Chicken. 4 Libras"},"content":{"rendered":"<p><strong>\u00bfQU\u00c9 ES?<\/strong><\/p>\n<p>Alimento para gatos adultos de 1 a 6 a\u00f1os con sabor a <strong>pollo.<\/strong><\/p>\n<p><strong>BENEFICIOS<\/strong><\/p>\n<p>Proporciona a su gato nutrici\u00f3n confiable y balanceada por ser un alimento premium seco para gatos, est\u00e1 hecho con pollo verdadero como ingrediente #1, una prote\u00edna de alta calidad que ayuda a conservar los m\u00fasculos magros. Contiene una mezcla antioxidante comprobada para apoyar el sistema inmunol\u00f3gico, as\u00ed como \u00e1cidos grasos omega-6 y otros nutrientes para mejorar la piel y pelaje. Libre de colores, sabores o conservadores artificiales. Gran sabor y magn\u00edfica calidad con el alimento para gatos adulto.<\/p>\n<p>&nbsp;<\/p>\n<p><strong>INGREDIENTES<\/strong><\/p>\n<p>Pollo (carne, piel), trigo entero, harina de gluten de ma\u00edz, grasa de pollo, harina de pollo (carne, piel), pulpa de remolacha desecada, arroz integral, saborizante de h\u00edgado de pollo, sulfato de calcio, \u00e1cido l\u00e1ctico, cloruro de potasio, aceite de pescado, aceite de soya, sal yodada, cloruro de colina, vitaminas (complemento de vitamina e, l-ascorbil-2-polifosfato (fuente de vitamina c), complemento de niacina, mononitrato de tiamina, complemento de vitamina a, pantotenato de calcio, complemento de riboflavina, biotina, complemento de vitamina b12, clorhidrato de piridoxina, \u00e1cido f\u00f3lico, complemento de vitamina d3), taurina, minerales (sulfato ferroso, \u00f3xido de zinc, sulfato de cobre, \u00f3xido manganoso, yodato de calcio, selenito de sodio), fibra de avena, tocoferoles mixtos para la frescura, sabores naturales (romero, t\u00e9 verde, menta verde), beta caroteno, manzanas, br\u00f3coli, zanahorias, ar\u00e1ndanos, guisantes verdes.<\/p>\n<p><b>DOSIS \/ APLICACI\u00d3N\u00a0<\/b><\/p>\n<p><span style=\"font-weight: 400;\">Ver el empaque del producto, donde normalmente aparece una tabla con gramos diarios seg\u00fan el peso de la mascota<\/span><\/p>\n","protected":false},"excerpt":{"rendered":"<p>Alimento seco Super Premium para gatos adultos de 1 a 6 a\u00f1os con sabor a <strong>pollo<\/strong>.<\/p>\n<p>1.81 kg<\/p>\n","protected":false},"featured_media":632,"template":"","meta":[],"product_brand":[50],"product_cat":[46,48],"product_tag":[],"class_list":{"0":"post-574","1":"product","2":"type-product","3":"status-publish","4":"has-post-thumbnail","6":"product_brand-hills-science-diet","7":"product_cat-comida","8":"product_cat-comida-para-gatos","10":"first","11":"instock","12":"shipping-taxable","13":"purchasable","14":"product-type-simple"},"_links":{"self":[{"href":"https:\/\/yobipet.elesteam.com\/index.php\/wp-json\/wp\/v2\/product\/574","targetHints":{"allow":["GET"]}}],"collection":[{"href":"https:\/\/yobipet.elesteam.com\/index.php\/wp-json\/wp\/v2\/product"}],"about":[{"href":"https:\/\/yobipet.elesteam.com\/index.php\/wp-json\/wp\/v2\/types\/product"}],"wp:featuredmedia":[{"embeddable":true,"href":"https:\/\/yobipet.elesteam.com\/index.php\/wp-json\/wp\/v2\/media\/632"}],"wp:attachment":[{"href":"https:\/\/yobipet.elesteam.com\/index.php\/wp-json\/wp\/v2\/media?parent=574"}],"wp:term":[{"taxonomy":"product_brand","embeddable":true,"href":"https:\/\/yobipet.elesteam.com\/index.php\/wp-json\/wp\/v2\/product_brand?post=574"},{"taxonomy":"product_cat","embeddable":true,"href":"https:\/\/yobipet.elesteam.com\/index.php\/wp-json\/wp\/v2\/product_cat?post=574"},{"taxonomy":"product_tag","embeddable":true,"href":"https:\/\/yobipet.elesteam.com\/index.php\/wp-json\/wp\/v2\/product_tag?post=574"}],"curies":[{"name":"wp","href":"https:\/\/api.w.org\/{rel}","templated":true}]}}