{"id":576,"date":"2025-10-08T05:29:50","date_gmt":"2025-10-08T05:29:50","guid":{"rendered":"https:\/\/yobipet.elesteam.com\/?post_type=product&#038;p=576"},"modified":"2025-10-15T20:00:28","modified_gmt":"2025-10-15T20:00:28","slug":"concentrado-para-gatos-science-diet-feline-active-longevity-7","status":"publish","type":"product","link":"https:\/\/yobipet.elesteam.com\/index.php\/producto\/concentrado-para-gatos-science-diet-feline-active-longevity-7\/","title":{"rendered":"Concentrado Hills Science Diet para Gato Senior 7+. 4 Libras"},"content":{"rendered":"<p><strong>\u00bfQU\u00c9 ES?<\/strong><\/p>\n<p>El alimento seco para gatos que favorece el<strong> envejecimiento<\/strong> digno.<\/p>\n<p><strong>BENEFICIOS<\/strong><\/p>\n<p>Proporciona una mezcla sin\u00e9rgica de ingredientes para favorecer el nivel de energ\u00eda y actividad. Taurina esencial para la salud del coraz\u00f3n y minerales balanceados para ayudar a los ri\u00f1ones y la vejiga Vitamina E, \u00e1cidos grasos omega-3 y -6 para una piel y pelaje hermosos Ingredientes f\u00e1ciles de digerir con fibras naturales para una digesti\u00f3n sana.<\/p>\n<p><strong>INGREDIENTES<\/strong><\/p>\n<p>Chicken, Whole Grain Wheat, Corn Gluten Meal, Chicken Fat, Brewers Rice, Dried Beet Pulp, Chicken Liver Flavor, Calcium Sulfate, Lactic Acid, Potassium Chloride, Fish Oil, Choline Chloride, L-Lysine, vitamins (Vitamin E Supplement, L-Ascorbyl-2-Polyphosphate (source of Vitamin C), Niacin Supplement, Thiamine Mononitrate, Calcium Pantothenate, Pyridoxine Hydrochloride, Riboflavin Supplement, Vitamin A Supplement, Biotin, Vitamin B12 Supplement, Folic Acid, Vitamin D3 Supplement), Dicalcium Phosphate, Iodized Salt, Taurine, minerals (Ferrous Sulfate, Zinc Oxide, Copper Sulfate, Manganous Oxide, Calcium Iodate, Sodium Selenite), L-Carnitine, DL-Methionine, Oat Fiber, Mixed Tocopherols for freshness, Natural Flavors, Beta-Carotene, Apples, Broccoli, Carrots, Cranberries, Green Peas.<\/p>\n<p><strong>DOSIS<\/strong><\/p>\n<p>Peso del gato (kgs) &#8211; Cantidad diaria (g)<\/p>\n<p>2kgs 30g<br \/>\n3kgs 45g<br \/>\n4kgs 55g<br \/>\n5kgs 65g<br \/>\n6kgs 75g<br \/>\n7kgs 85g<\/p>\n","protected":false},"excerpt":{"rendered":"<p>Alimento seco S\u00faper Premium para gatos mayores de 7 a\u00f1os, sabor a<strong> pollo.<\/strong><\/p>\n<p>1.81 kg<\/p>\n","protected":false},"featured_media":629,"template":"","meta":[],"product_brand":[50],"product_cat":[46,48],"product_tag":[],"class_list":{"0":"post-576","1":"product","2":"type-product","3":"status-publish","4":"has-post-thumbnail","6":"product_brand-hills-science-diet","7":"product_cat-comida","8":"product_cat-comida-para-gatos","10":"first","11":"instock","12":"shipping-taxable","13":"purchasable","14":"product-type-simple"},"_links":{"self":[{"href":"https:\/\/yobipet.elesteam.com\/index.php\/wp-json\/wp\/v2\/product\/576","targetHints":{"allow":["GET"]}}],"collection":[{"href":"https:\/\/yobipet.elesteam.com\/index.php\/wp-json\/wp\/v2\/product"}],"about":[{"href":"https:\/\/yobipet.elesteam.com\/index.php\/wp-json\/wp\/v2\/types\/product"}],"wp:featuredmedia":[{"embeddable":true,"href":"https:\/\/yobipet.elesteam.com\/index.php\/wp-json\/wp\/v2\/media\/629"}],"wp:attachment":[{"href":"https:\/\/yobipet.elesteam.com\/index.php\/wp-json\/wp\/v2\/media?parent=576"}],"wp:term":[{"taxonomy":"product_brand","embeddable":true,"href":"https:\/\/yobipet.elesteam.com\/index.php\/wp-json\/wp\/v2\/product_brand?post=576"},{"taxonomy":"product_cat","embeddable":true,"href":"https:\/\/yobipet.elesteam.com\/index.php\/wp-json\/wp\/v2\/product_cat?post=576"},{"taxonomy":"product_tag","embeddable":true,"href":"https:\/\/yobipet.elesteam.com\/index.php\/wp-json\/wp\/v2\/product_tag?post=576"}],"curies":[{"name":"wp","href":"https:\/\/api.w.org\/{rel}","templated":true}]}}