{"id":578,"date":"2025-10-08T05:31:36","date_gmt":"2025-10-08T05:31:36","guid":{"rendered":"https:\/\/yobipet.elesteam.com\/?post_type=product&#038;p=578"},"modified":"2025-10-13T19:25:35","modified_gmt":"2025-10-13T19:25:35","slug":"concentrado-para-gato-nutrisource-kitten-rice","status":"publish","type":"product","link":"https:\/\/yobipet.elesteam.com\/index.php\/producto\/concentrado-para-gato-nutrisource-kitten-rice\/","title":{"rendered":"Concentrado NutriSource para Gato y Gatito. 4 Libras"},"content":{"rendered":"<p><strong>\u00bfQU\u00c9 ES?<\/strong><\/p>\n<p>NutriSource Cat &amp; Kitten Chicken &amp; Rice es un alimento balanceado con pollo y granos integrales, formulado para gatos y gatitos de todas las etapas de vida. Proporciona prote\u00ednas de alta calidad, vitaminas y minerales esenciales, cumpliendo con las pautas nutricionales de la AAFCO para una alimentaci\u00f3n completa y saludable.<\/p>\n<p><strong>BENEFICIOS<\/strong><\/p>\n<p>Las f\u00f3rmulas que incluyen granos NutriSource brindan una nutrici\u00f3n compacta e incluyen prebi\u00f3ticos y probi\u00f3ticos para ayudar a mantener un intestino saludable. Los \u00e1cidos grasos omega-3 y omega-6 equilibrados junto con la suplementaci\u00f3n con taurina, cloruro de colina y metionina DL para promover la salud del coraz\u00f3n hacen que las f\u00f3rmulas que incluyen granos de NutriSource se destaquen.<\/p>\n<p>&nbsp;<\/p>\n<p><strong>INGREDIENTES<\/strong><\/p>\n<p>Pollo, harina de pollo, arroz integral, guisantes, grasa de pollo (conservada con tocoferoles y \u00e1cido c\u00edtrico), harina de pescado menhaden, extracto de levadura, aroma natural, levadura seca de cerveza, harina de avena, pulpa de remolacha seca, orujo de tomate seco, aceite de girasol, alfalfa deshidratada s\u00e9mola, producto de huevo deshidratado, \u00e1cido fosf\u00f3rico, semillas de lino, cloruro de potasio, sal, minerales (prote\u00ednato de hierro, proteinato de zinc, proteinato de cobre, proteinato de manganeso), cloruro de colina, ar\u00e1ndanos rojos deshidratados, metionina DL, vitaminas (acetato de vitamina A, suplemento de vitamina D3 , suplemento de vitamina E, niacina, pantotenato de d-calcio, mononitrato de tiamina, suplemento de riboflavina, clorhidrato de piridoxina, \u00e1cido f\u00f3lico, biotina, suplemento de vitamina B12), taurina, inulina, \u00e1cido l\u00e1ctico, inositol, L-ascorbil-2-polifosfato (una fuente de vitamina C), extracto de yucca schidigera, extracto de romero, cultivo de levadura, extracto seco de fermentaci\u00f3n de Aspergillus oryzae, producto seco de fermentaci\u00f3n de Bacillus subtilis, producto seco de fermentaci\u00f3n de Bacillus licheniformis, extracto seco de fermentaci\u00f3n de Trichoderma longibrachiatum, producto seco de fermentaci\u00f3n de Enterococcus faecium, producto seco de fermentaci\u00f3n de Lactobacillus acidophilus y extracto seco de fermentaci\u00f3n de Bacillus subtilis.<\/p>\n<p>La receta de pollo y arroz para gatos y gatitos NutriSource\u00ae est\u00e1 formulada para cumplir con los niveles nutricionales establecidos por los perfiles de nutrientes de alimentos para gatos de la Asociaci\u00f3n Estadounidense de Funcionarios de Control de Alimentos (AAFCO) para todas las etapas de la vida.<\/p>\n<p><strong>DOSIS<\/strong><\/p>\n<p>Divida la cantidad que se muestra en la bolsa en 2 o 3 alimentaciones diarias.<\/p>\n<p>La cantidad de alimentos consumidos variar\u00e1 seg\u00fan el nivel de actividad, la edad, la raza y el entorno. Est\u00e1ndar de 8 onzas. (250 cc) la taza medidora contiene aproximadamente 4.0 oz. (114 g) de NutriSource\u00ae Receta de pollo y arroz para gatos y gatitos A los 2 o 3 meses y nuevamente a los 6 meses, su gatito reducir\u00e1 naturalmente la cantidad consumida. Esto se debe a una reducci\u00f3n natural en la tasa de crecimiento y la menor necesidad de calor\u00edas. Consulte a su veterinario si cree que su gato est\u00e1 demasiado delgado o tiene sobrepeso. Recuerda que es importante tener agua limpia y fresca disponible para tu gatito o gato en todo momento<\/p>\n","protected":false},"excerpt":{"rendered":"<p>Alimento seco Super Premium para gatos y gatitos de <strong>pollo y arroz.<\/strong><\/p>\n<p>1.81 kg<\/p>\n","protected":false},"featured_media":614,"template":"","meta":[],"product_brand":[51],"product_cat":[46,48],"product_tag":[],"class_list":{"0":"post-578","1":"product","2":"type-product","3":"status-publish","4":"has-post-thumbnail","6":"product_brand-nutri-source","7":"product_cat-comida","8":"product_cat-comida-para-gatos","10":"first","11":"instock","12":"shipping-taxable","13":"purchasable","14":"product-type-simple"},"_links":{"self":[{"href":"https:\/\/yobipet.elesteam.com\/index.php\/wp-json\/wp\/v2\/product\/578","targetHints":{"allow":["GET"]}}],"collection":[{"href":"https:\/\/yobipet.elesteam.com\/index.php\/wp-json\/wp\/v2\/product"}],"about":[{"href":"https:\/\/yobipet.elesteam.com\/index.php\/wp-json\/wp\/v2\/types\/product"}],"wp:featuredmedia":[{"embeddable":true,"href":"https:\/\/yobipet.elesteam.com\/index.php\/wp-json\/wp\/v2\/media\/614"}],"wp:attachment":[{"href":"https:\/\/yobipet.elesteam.com\/index.php\/wp-json\/wp\/v2\/media?parent=578"}],"wp:term":[{"taxonomy":"product_brand","embeddable":true,"href":"https:\/\/yobipet.elesteam.com\/index.php\/wp-json\/wp\/v2\/product_brand?post=578"},{"taxonomy":"product_cat","embeddable":true,"href":"https:\/\/yobipet.elesteam.com\/index.php\/wp-json\/wp\/v2\/product_cat?post=578"},{"taxonomy":"product_tag","embeddable":true,"href":"https:\/\/yobipet.elesteam.com\/index.php\/wp-json\/wp\/v2\/product_tag?post=578"}],"curies":[{"name":"wp","href":"https:\/\/api.w.org\/{rel}","templated":true}]}}