{"id":584,"date":"2025-10-08T14:40:37","date_gmt":"2025-10-08T14:40:37","guid":{"rendered":"https:\/\/yobipet.elesteam.com\/?post_type=product&#038;p=584"},"modified":"2025-10-13T06:38:20","modified_gmt":"2025-10-13T06:38:20","slug":"nutrisource-seafood-select-recipe-grain-free","status":"publish","type":"product","link":"https:\/\/yobipet.elesteam.com\/index.php\/producto\/nutrisource-seafood-select-recipe-grain-free\/","title":{"rendered":"Concentrado para perro Libre de Granos NutriSource Salm\u00f3n. 4 Libras"},"content":{"rendered":"<p><b>\u00bfQU\u00c9 ES?<\/b><\/p>\n<p><span style=\"font-weight: 400;\">F\u00f3rmula con ingredientes de primera calidad para una dieta libre de granos y gluten que equilibra todos los nutrientes necesarios para la salud \u00f3ptima de su mascota. NutriSource Seafood Select Grain Free Formula tiene un delicioso sabor que tu mascota volver\u00e1 una y otra vez.<\/span><\/p>\n<p><b>BENEFICIOS<\/b><\/p>\n<p><span style=\"font-weight: 400;\">Contiene todos los nutrientes esenciales para la salud \u00f3ptima de tu mascota. No contiene subproductos animales o ma\u00edz entero.<\/span><\/p>\n<p><b>INGREDIENTES<\/b><\/p>\n<p><span style=\"font-weight: 400;\">Salm\u00f3n, harina de pescado lacha, guisantes, harina de guisantes, grasa de pollo (conservada con tocoferoles y \u00e1cido c\u00edtrico), almid\u00f3n de guisantes, harina de alfalfa, semillas de lino, sabor natural de pavo y pollo, orujo de tomate seco, carbonato de calcio, aceite de girasol, cloruro de potasio, levadura seca de cerveza, sal, metionina DL, minerales (proteinato de zinc, proteinato de hierro, proteinato de cobre, proteinato de manganeso, levadura de selenio), cloruro de colina, vitaminas (acetato de vitamina A, suplemento de vitamina D3, suplemento de vitamina E, niacina, pantotenato d-calcio , mononitrato de tiamina, clorhidrato de piridoxina, suplemento de riboflavina, \u00e1cido f\u00f3lico, biotina, suplemento de vitamina B12), \u00e1cido l\u00e1ctico, L-ascorbil-2-polifosfato (fuente de vitamina C).<\/span><\/p>\n<p><b>DOSIS\/ APLICACI\u00d3N<\/b><\/p>\n<p><span style=\"font-weight: 400;\">Ver el empaque del producto, donde normalmente aparece una tabla con gramos diarios seg\u00fan el peso de la mascota<\/span><\/p>\n","protected":false},"excerpt":{"rendered":"<p>Alimento seco Super Premium para Perro de salm\u00f3n &#8211; sin granos y gluten<\/p>\n<p>1.81 kg<\/p>\n","protected":false},"featured_media":601,"template":"","meta":[],"product_brand":[51],"product_cat":[46,47],"product_tag":[],"class_list":{"0":"post-584","1":"product","2":"type-product","3":"status-publish","4":"has-post-thumbnail","6":"product_brand-nutri-source","7":"product_cat-comida","8":"product_cat-comida-para-perros","10":"first","11":"instock","12":"shipping-taxable","13":"purchasable","14":"product-type-simple"},"_links":{"self":[{"href":"https:\/\/yobipet.elesteam.com\/index.php\/wp-json\/wp\/v2\/product\/584","targetHints":{"allow":["GET"]}}],"collection":[{"href":"https:\/\/yobipet.elesteam.com\/index.php\/wp-json\/wp\/v2\/product"}],"about":[{"href":"https:\/\/yobipet.elesteam.com\/index.php\/wp-json\/wp\/v2\/types\/product"}],"wp:featuredmedia":[{"embeddable":true,"href":"https:\/\/yobipet.elesteam.com\/index.php\/wp-json\/wp\/v2\/media\/601"}],"wp:attachment":[{"href":"https:\/\/yobipet.elesteam.com\/index.php\/wp-json\/wp\/v2\/media?parent=584"}],"wp:term":[{"taxonomy":"product_brand","embeddable":true,"href":"https:\/\/yobipet.elesteam.com\/index.php\/wp-json\/wp\/v2\/product_brand?post=584"},{"taxonomy":"product_cat","embeddable":true,"href":"https:\/\/yobipet.elesteam.com\/index.php\/wp-json\/wp\/v2\/product_cat?post=584"},{"taxonomy":"product_tag","embeddable":true,"href":"https:\/\/yobipet.elesteam.com\/index.php\/wp-json\/wp\/v2\/product_tag?post=584"}],"curies":[{"name":"wp","href":"https:\/\/api.w.org\/{rel}","templated":true}]}}