{"id":609,"date":"2025-10-12T23:35:31","date_gmt":"2025-10-12T23:35:31","guid":{"rendered":"https:\/\/yobipet.elesteam.com\/?post_type=product&#038;p=609"},"modified":"2025-10-13T06:32:02","modified_gmt":"2025-10-13T06:32:02","slug":"concentrado-para-perro-nutrisource-grain-free-lamb-peas-12-libras","status":"publish","type":"product","link":"https:\/\/yobipet.elesteam.com\/index.php\/producto\/concentrado-para-perro-nutrisource-grain-free-lamb-peas-12-libras\/","title":{"rendered":"Concentrado para Perro Libre de Granos NutriSource Cordero. 12 Libras"},"content":{"rendered":"<p><b>\u00bfQU\u00c9 ES?<\/b><\/p>\n<p><span style=\"font-weight: 400;\">Las f\u00f3rmulas sin granos NutriSource\u00ae brindan una nutrici\u00f3n compacta e incluyen prebi\u00f3ticos y probi\u00f3ticos para ayudar a mantener un intestino saludable.<\/span><\/p>\n<p><b>BENEFICIOS<\/b><\/p>\n<p><span style=\"font-weight: 400;\">Los \u00e1cidos grasos omega-3 y omega-6 equilibrados junto con la suplementaci\u00f3n con L-carnitina, taurina, cloruro de colina y metionina DL para promover la salud del coraz\u00f3n.<\/span><\/p>\n<p><b>INGREDIENTES<\/b><\/p>\n<p><span style=\"font-weight: 400;\">Harina de cordero, guisantes, garbanzos, grasa de pollo (conservada con tocoferoles y \u00e1cido c\u00edtrico), harina de salm\u00f3n (una fuente de aceite de pescado), harina de alfalfa, productos de huevo deshidratado, semillas de lino, sabor natural de pavo y pollo, orujo de tomate deshidratado, guisante almid\u00f3n, cloruro de potasio, levadura seca de cerveza, sal, aceite de girasol, metionina DL, cloruro de colina, minerales (proteinato de zinc, proteinato de hierro, proteinato de cobre, proteinato de manganeso, levadura de selenio), taurina, vitaminas (acetato de vitamina A, suplemento de vitamina D3, suplemento de vitamina E. NutriSource\u00ae Lamb Meal &amp; Peas Formula Grain Free Dog Food est\u00e1 formulado para cumplir con los niveles nutricionales establecidos por los perfiles de nutrientes de alimentos para perros de la Asociaci\u00f3n de Oficiales de Control de Alimentos de Estados Unidos (AAFCO) para todas las etapas de la vida, excepto para el crecimiento de perros de gran tama\u00f1o (70 lbs. O m\u00e1s como adulto).<\/span><\/p>\n<p><b>DOSIS \/APLICACI\u00d3N<\/b><span style=\"font-weight: 400;\">\u00a0<\/span><\/p>\n<p><span style=\"font-weight: 400;\">Ver el empaque del producto, donde normalmente aparece una tabla con gramos diarios seg\u00fan el peso de la mascota<\/span><\/p>\n","protected":false},"excerpt":{"rendered":"<p>Alimento seco Super Premiun de cordero y guisantes &#8211; sin granos y gluten<\/p>\n<p>5.44\u00a0kg<\/p>\n","protected":false},"featured_media":608,"template":"","meta":[],"product_brand":[51],"product_cat":[46,47],"product_tag":[],"class_list":{"0":"post-609","1":"product","2":"type-product","3":"status-publish","4":"has-post-thumbnail","6":"product_brand-nutri-source","7":"product_cat-comida","8":"product_cat-comida-para-perros","10":"first","11":"instock","12":"shipping-taxable","13":"purchasable","14":"product-type-simple"},"_links":{"self":[{"href":"https:\/\/yobipet.elesteam.com\/index.php\/wp-json\/wp\/v2\/product\/609","targetHints":{"allow":["GET"]}}],"collection":[{"href":"https:\/\/yobipet.elesteam.com\/index.php\/wp-json\/wp\/v2\/product"}],"about":[{"href":"https:\/\/yobipet.elesteam.com\/index.php\/wp-json\/wp\/v2\/types\/product"}],"wp:featuredmedia":[{"embeddable":true,"href":"https:\/\/yobipet.elesteam.com\/index.php\/wp-json\/wp\/v2\/media\/608"}],"wp:attachment":[{"href":"https:\/\/yobipet.elesteam.com\/index.php\/wp-json\/wp\/v2\/media?parent=609"}],"wp:term":[{"taxonomy":"product_brand","embeddable":true,"href":"https:\/\/yobipet.elesteam.com\/index.php\/wp-json\/wp\/v2\/product_brand?post=609"},{"taxonomy":"product_cat","embeddable":true,"href":"https:\/\/yobipet.elesteam.com\/index.php\/wp-json\/wp\/v2\/product_cat?post=609"},{"taxonomy":"product_tag","embeddable":true,"href":"https:\/\/yobipet.elesteam.com\/index.php\/wp-json\/wp\/v2\/product_tag?post=609"}],"curies":[{"name":"wp","href":"https:\/\/api.w.org\/{rel}","templated":true}]}}