{"id":613,"date":"2025-10-12T23:57:04","date_gmt":"2025-10-12T23:57:04","guid":{"rendered":"https:\/\/yobipet.elesteam.com\/?post_type=product&#038;p=613"},"modified":"2025-10-13T06:27:14","modified_gmt":"2025-10-13T06:27:14","slug":"concentrado-para-perro-small-medium-nutrisource-chicken-rice-puppy-12-libras","status":"publish","type":"product","link":"https:\/\/yobipet.elesteam.com\/index.php\/producto\/concentrado-para-perro-small-medium-nutrisource-chicken-rice-puppy-12-libras\/","title":{"rendered":"Concentrado NutriSource para Cachorro Raza Peque\u00f1a y Mediana. 12 Libras"},"content":{"rendered":"<p><b>\u00bfQU\u00c9 ES?<\/b><\/p>\n<p><span style=\"font-weight: 400;\">Alimentos para perros que incluyen granos, NutriSource Small &amp; Medium Breed Puppy Food est\u00e1 formulado para cumplir con las pautas de AAFCO para todas las etapas de la vida.<\/span><\/p>\n<p><b>BENEFICIOS<\/b><\/p>\n<p><span style=\"font-weight: 400;\">Las f\u00f3rmulas que incluyen granos NutriSource brindan una nutrici\u00f3n compacta e incluyen prebi\u00f3ticos y probi\u00f3ticos para ayudar a mantener un intestino saludable. Los \u00e1cidos grasos Omega-3 y Omega-6 equilibrados junto con L-Carnitina, taurina, cloruro de colina y suplementos de DL Metionina para promover la salud del coraz\u00f3n hacen que las f\u00f3rmulas que incluyen granos de NutriSource\u00ae se destaquen..<\/span><\/p>\n<p><b>INGREDIENTES<\/b><\/p>\n<p><span style=\"font-weight: 400;\">Harina de pollo, pollo, arroz integral, grasa de pollo (conservada con tocoferoles y \u00e1cido c\u00edtrico), harina de pescado, avena, cebada, semillas de lino, pulpa de remolacha seca, aceite de girasol, levadura seca de cerveza, sabor natural de pollo, orujo de tomate seco, potasio. cloruro, DL metionina, sal, cloruro de colina, minerales (proteinato de zinc, proteinato de hierro, levadura de selenio, proteinato de cobre, \u00f3xido de magnesio, proteinato de manganeso, dihidroyoduro de etilendiamina), vitaminas (suplemento de vitamina E, suplemento de niacina, biotina, pantotenato de d-calcio, suplemento de vitamina A, mononitrato de tiamina, clorhidrato de piridoxina, suplemento de riboflavina, suplemento de vitamina B12, suplemento de vitamina D3, \u00e1cido f\u00f3lico), \u00e1cido l\u00e1ctico, L-ascorbil-2-polifosfato (fuente de vitamina C), taurina, extracto de yuca schidigera, cultivo de levadura , extracto de fermentaci\u00f3n seco de Aspergillus oryzae, producto de fermentaci\u00f3n seco de Bacillus subtilis, producto de fermentaci\u00f3n seco de Bacillus licheniformis, extracto seco de fermentaci\u00f3n de Trichoderma longibrachiatum, producto seco de fermentaci\u00f3n de Enterococcus faecium, producto seco de fermentaci\u00f3n de Lactobacillus acidophilus, extracto seco de fermentaci\u00f3n de Bacillus subtilis, carbonato de calcio, L-carnitina, extracto de romero.<\/span><\/p>\n<p><span style=\"font-weight: 400;\">El alimento para cachorros de razas peque\u00f1as y medianas NutriSource\u00ae est\u00e1 formulado para cumplir con los niveles nutricionales establecidos por los perfiles de nutrientes de alimentos para perros de la Asociaci\u00f3n Estadounidense de Oficiales de Control de Alimentos (AAFCO) para todas las etapas de la vida, excepto para el crecimiento de perros de gran tama\u00f1o (70 lb o m\u00e1s como un adulto).<\/span><\/p>\n<p><b>AN\u00c1LISIS GARANTIZADO<\/b><\/p>\n<p><span style=\"font-weight: 400;\">Prote\u00edna bruta (m\u00edn.) <\/span> <span style=\"font-weight: 400;\">32.0% \u00a0 320g\/kg<\/span><br \/>\n<span style=\"font-weight: 400;\">Grasa Cruda (Min.)\u00a0 \u00a0 <\/span> <span style=\"font-weight: 400;\">21.0% \u00a0 210g\/kg<\/span><br \/>\n<span style=\"font-weight: 400;\">Fibra Cruda (M\u00e1x.)\u00a0 \u00a0 <\/span> <span style=\"font-weight: 400;\">5.0% <\/span> <span style=\"font-weight: 400;\">50g\/kg<\/span><br \/>\n<span style=\"font-weight: 400;\">Humedad (M\u00e1x.)\u00a0 \u00a0 \u00a0 \u00a0 <\/span> <span style=\"font-weight: 400;\">10.0% \u00a0 100g\/kg<\/span><br \/>\n<span style=\"font-weight: 400;\">Metionina (m\u00edn.) \u00a0 \u00a0 \u00a0 \u00a0 <\/span> <span style=\"font-weight: 400;\">0.5% <\/span> <span style=\"font-weight: 400;\">5g\/kg<\/span><br \/>\n<span style=\"font-weight: 400;\">Eicosapentaenoico (EPA) + \u00e1cido docosahexaenoico (DHA) (Min.) \u00a0 \u00a0 \u00a0 \u00a0 <\/span> <span style=\"font-weight: 400;\">0.05 %\u00a0 0,5 g\/kg<\/span><br \/>\n<span style=\"font-weight: 400;\">Hierro (m\u00edn.)\u00a0 <\/span> <span style=\"font-weight: 400;\">130 mg\/kg \u00a0 \u00a0 <\/span> <span style=\"font-weight: 400;\">130 mg\/kg<\/span><br \/>\n<span style=\"font-weight: 400;\">Cobre (m\u00edn.)\u00a0 <\/span> <span style=\"font-weight: 400;\">12,5 mg\/kg\u00a0 \u00a0 <\/span> <span style=\"font-weight: 400;\">12,5 mg\/kg<\/span><br \/>\n<span style=\"font-weight: 400;\">Manganeso (m\u00edn.)\u00a0 \u00a0 \u00a0 <\/span> <span style=\"font-weight: 400;\">11 mg\/kg \u00a0 \u00a0 \u00a0 \u00a0 <\/span> <span style=\"font-weight: 400;\">11 mg\/kg<\/span><br \/>\n<span style=\"font-weight: 400;\">Zinc (m\u00edn.) \u00a0 \u00a0 <\/span> <span style=\"font-weight: 400;\">120 mg\/kg \u00a0 \u00a0 <\/span> <span style=\"font-weight: 400;\">120 mg\/kg<\/span><br \/>\n<span style=\"font-weight: 400;\">Selenio (m\u00edn.) \u00a0 0,35 mg\/kg\u00a0 \u00a0 <\/span> <span style=\"font-weight: 400;\">0,35 mg\/kg<\/span><br \/>\n<span style=\"font-weight: 400;\">Colina (m\u00edn.) <\/span> <span style=\"font-weight: 400;\">1.800 mg\/kg\u00a0 <\/span> <span style=\"font-weight: 400;\">1.800 mg\/kg<\/span><br \/>\n<span style=\"font-weight: 400;\">*Omega \u2013 6 \u00c1cidos Grasos (Min.) \u00a0 \u00a0 \u00a0 \u00a0 <\/span> <span style=\"font-weight: 400;\">3.8% <\/span> <span style=\"font-weight: 400;\">38 gramos\/kg<\/span><br \/>\n<span style=\"font-weight: 400;\">*Omega \u2013 3 \u00c1cidos Grasos (Min.) \u00a0 \u00a0 \u00a0 \u00a0 <\/span> <span style=\"font-weight: 400;\">1.0% <\/span> <span style=\"font-weight: 400;\">10g\/kg<\/span><br \/>\n<span style=\"font-weight: 400;\">*Taurina (Min.)\u00a0 0.12% \u00a0 1,2 g\/kg<\/span><br \/>\n<span style=\"font-weight: 400;\">*L-Carnitina (Min.)\u00a0 \u00a0 \u00a0 <\/span> <span style=\"font-weight: 400;\">20 mg\/kg<\/span><br \/>\n<span style=\"font-weight: 400;\">*Microorganismos totales (m\u00edn.)<\/span><\/p>\n<p><span style=\"font-weight: 400;\">(Saccharomyces cerevisiae, Bacillus subtilis, Bacillus licheniformis, Enterococcus faecium, Lactobacillus acidophilus) \u00a0 <\/span> <span style=\"font-weight: 400;\">100 millones de UFC\/lb **<\/span><\/p>\n<p><b>DOSIS\/ APLICACI\u00d3N<\/b><span style=\"font-weight: 400;\">\u00a0<\/span><\/p>\n<p><span style=\"font-weight: 400;\">Ver el empaque del producto, donde normalmente aparece una tabla con gramos diarios seg\u00fan el peso de la mascota<\/span><\/p>\n<p><span style=\"font-weight: 400;\">Divida la cantidad que se muestra en el producto en 2 o 3 alimentaciones diarias<\/span><\/p>\n","protected":false},"excerpt":{"rendered":"<p><span style=\"font-weight: 400;\">Alimentos seco Super Premiun para perro sabor a pollo y arroz.<\/span><\/p>\n<p>5.44 kg<\/p>\n","protected":false},"featured_media":612,"template":"","meta":[],"product_brand":[51],"product_cat":[46,47],"product_tag":[],"class_list":{"0":"post-613","1":"product","2":"type-product","3":"status-publish","4":"has-post-thumbnail","6":"product_brand-nutri-source","7":"product_cat-comida","8":"product_cat-comida-para-perros","10":"first","11":"instock","12":"shipping-taxable","13":"purchasable","14":"product-type-simple"},"_links":{"self":[{"href":"https:\/\/yobipet.elesteam.com\/index.php\/wp-json\/wp\/v2\/product\/613","targetHints":{"allow":["GET"]}}],"collection":[{"href":"https:\/\/yobipet.elesteam.com\/index.php\/wp-json\/wp\/v2\/product"}],"about":[{"href":"https:\/\/yobipet.elesteam.com\/index.php\/wp-json\/wp\/v2\/types\/product"}],"wp:featuredmedia":[{"embeddable":true,"href":"https:\/\/yobipet.elesteam.com\/index.php\/wp-json\/wp\/v2\/media\/612"}],"wp:attachment":[{"href":"https:\/\/yobipet.elesteam.com\/index.php\/wp-json\/wp\/v2\/media?parent=613"}],"wp:term":[{"taxonomy":"product_brand","embeddable":true,"href":"https:\/\/yobipet.elesteam.com\/index.php\/wp-json\/wp\/v2\/product_brand?post=613"},{"taxonomy":"product_cat","embeddable":true,"href":"https:\/\/yobipet.elesteam.com\/index.php\/wp-json\/wp\/v2\/product_cat?post=613"},{"taxonomy":"product_tag","embeddable":true,"href":"https:\/\/yobipet.elesteam.com\/index.php\/wp-json\/wp\/v2\/product_tag?post=613"}],"curies":[{"name":"wp","href":"https:\/\/api.w.org\/{rel}","templated":true}]}}