{"id":619,"date":"2025-10-13T00:49:14","date_gmt":"2025-10-13T00:49:14","guid":{"rendered":"https:\/\/yobipet.elesteam.com\/?post_type=product&#038;p=619"},"modified":"2025-10-16T02:47:50","modified_gmt":"2025-10-16T02:47:50","slug":"concentrado-para-perro-cachorro-raza-grande-nutrisource-chicken-meal-rice-recipe-12-libras","status":"publish","type":"product","link":"https:\/\/yobipet.elesteam.com\/index.php\/producto\/concentrado-para-perro-cachorro-raza-grande-nutrisource-chicken-meal-rice-recipe-12-libras\/","title":{"rendered":"Concentrado NutriSource para Cachorro Raza Grande. 12 libras"},"content":{"rendered":"<p><b>\u00bfQU\u00c9 ES?<\/b><\/p>\n<p>NutriSource Cachorro de Raza Grande es una f\u00f3rmula de alimento seco (croquetas) dise\u00f1ada espec\u00edficamente para perros cachorros que ser\u00e1n de razas grandes o gigantes. Es parte de la l\u00ednea \u201cFull Circle\u201d de NutriSource y est\u00e1 formulada para cumplir con los est\u00e1ndares de la AAFCO (Asociaci\u00f3n Americana de Funcionarios de Control de Alimentos) para todas las etapas de la vida, incluyendo el crecimiento de perros que alcanzar\u00e1n 32 kg (70 lb) o m\u00e1s en la etapa adulta.<\/p>\n<p><b>BENEFICIOS<\/b><\/p>\n<ul>\n<li data-start=\"0\" data-end=\"118\">Favorece el crecimiento saludable de cachorros grandes, evitando un desarrollo \u00f3seo demasiado r\u00e1pido.<\/li>\n<li data-start=\"0\" data-end=\"118\">Alta en prote\u00edna de origen animal (pollo como primer ingrediente).<\/li>\n<li data-start=\"313\" data-end=\"419\">Contiene prebi\u00f3ticos y probi\u00f3ticos que mejoran la digesti\u00f3n y fortalecen el sistema inmunol\u00f3gico.<\/li>\n<li data-start=\"422\" data-end=\"508\">Incluye nutrientes card\u00edacos clave (taurina, L-carnitina, colina, metionina).<\/li>\n<li data-start=\"422\" data-end=\"508\">Equilibrio ideal de \u00e1cidos grasos Omega-3 y Omega-6, para una piel y pelaje saludables.<\/li>\n<li data-start=\"609\" data-end=\"707\">F\u00f3rmula \u201cGood 4 Life\u201d, que apoya la salud intestinal y el bienestar general del cachorro.<\/li>\n<\/ul>\n<p><b>INGREDIENTES\u00a0\u00a0<\/b><\/p>\n<p>Pollo, harina de pollo, arroz integral, cebada, avena, pulpa de remolacha seca, semillas de lino, sabores naturales de pollo y pavo, grasa de pollo (conservada con tocoferoles y \u00e1cido c\u00edtrico), levadura seca de cerveza, harina de pescado de lacha, cloruro de potasio, sal, girasol. aceite, harina de algas secas, DL metionina, cloruro de colina, minerales (proteinato de zinc, proteinato de hierro, levadura de selenio, proteinato de cobre, \u00f3xido de magnesio, proteinato de manganeso, dihidroyoduro de etilendiamina), vitaminas (suplemento de vitamina E, suplemento de niacina, biotina, d-calcio pantotenato, suplemento de vitamina A, mononitrato de tiamina, clorhidrato de piridoxina, suplemento de riboflavina, suplemento de vitamina B12, suplemento de vitamina D3, \u00e1cido f\u00f3lico), L-ascorbil-2-polifosfato (fuente de vitamina C), \u00e1cido l\u00e1ctico, extracto de yuca schidigera, cultivo de levadura , extracto de fermentaci\u00f3n seco de Aspergillus oryzae, producto de fermentaci\u00f3n seco de Bacillus subtilis, producto de fermentaci\u00f3n seco de Bacillus licheniformis, extracto seco de fermentaci\u00f3n de Trichoderma longibrachiatum, producto seco de fermentaci\u00f3n de Enterococcus faecium, producto seco de fermentaci\u00f3n de Lactobacillus acidophilus, extracto seco de fermentaci\u00f3n de Bacillus subtilis, carbonato de calcio, taurina, L- carnitina, extracto de romero.<\/p>\n<p>An\u00e1lisis garantizado.<\/p>\n<table class=\"ga-np\">\n<tbody>\n<tr>\n<td class=\"title\">Prote\u00edna bruta (m\u00edn.)<\/td>\n<td class=\"data\">26.0%<\/td>\n<td class=\"data\">260g\/kg<\/td>\n<\/tr>\n<tr>\n<td class=\"title\">Grasa Cruda (Min.)<\/td>\n<td class=\"data\">14.0%<\/td>\n<td class=\"data\">140g\/kg<\/td>\n<\/tr>\n<tr>\n<td class=\"title\">Fibra Cruda (M\u00e1x.)<\/td>\n<td class=\"data\">6.0%<\/td>\n<td class=\"data\">60g\/kg<\/td>\n<\/tr>\n<tr>\n<td class=\"title\">Humedad (M\u00e1x.)<\/td>\n<td class=\"data\">10.0%<\/td>\n<td class=\"data\">100g\/kg<\/td>\n<\/tr>\n<tr>\n<td class=\"title\">Metionina (m\u00edn.)<\/td>\n<td class=\"data\">0.5%<\/td>\n<td class=\"data\">5g\/kg<\/td>\n<\/tr>\n<tr>\n<td class=\"title\">Eicosapentaenoico (EPA) + \u00e1cido docosahexaenoico (DHA) (Min.)<\/td>\n<td class=\"data\">0.05 %<\/td>\n<td class=\"data\">0,5 g\/kg<\/td>\n<\/tr>\n<tr>\n<td class=\"title\">Calcio (m\u00edn.)<\/td>\n<td class=\"data\">1.2 %<\/td>\n<td class=\"data\">12g\/kg<\/td>\n<\/tr>\n<tr>\n<td class=\"title\">f\u00f3sforo (m\u00edn.)<\/td>\n<td class=\"data\">1.0 %<\/td>\n<td class=\"data\">10g\/kg<\/td>\n<\/tr>\n<tr>\n<td class=\"title\">Hierro (m\u00edn.)<\/td>\n<td class=\"data\">125 mg\/kg<\/td>\n<td class=\"data\">125 mg\/kg<\/td>\n<\/tr>\n<tr>\n<td class=\"title\">Cobre (m\u00edn.)<\/td>\n<td class=\"data\">12,4 mg\/kg<\/td>\n<td class=\"data\">12,4 mg\/kg<\/td>\n<\/tr>\n<tr>\n<td class=\"title\">Manganeso (m\u00edn.)<\/td>\n<td class=\"data\">15 mg\/kg<\/td>\n<td class=\"data\">15 mg\/kg<\/td>\n<\/tr>\n<tr>\n<td class=\"title\">Zinc (m\u00edn.)<\/td>\n<td class=\"data\">120 mg\/kg<\/td>\n<td class=\"data\">120 mg\/kg<\/td>\n<\/tr>\n<tr>\n<td class=\"title\">Selenio (m\u00edn.)<\/td>\n<td class=\"data\">0,35 mg\/kg<\/td>\n<td class=\"data\">0,35 mg\/kg<\/td>\n<\/tr>\n<tr>\n<td class=\"title\">Colina (m\u00edn.)<\/td>\n<td class=\"data\">1.600 mg\/kg<\/td>\n<td class=\"data\">1.600 mg\/kg<\/td>\n<\/tr>\n<tr>\n<td class=\"title\">*Omega \u2013 6 \u00c1cidos Grasos (Min.)<\/td>\n<td class=\"data\">2.3%<\/td>\n<td class=\"data\">23g\/kg<\/td>\n<\/tr>\n<tr>\n<td class=\"title\">*Omega \u2013 3 \u00c1cidos Grasos (Min.)<\/td>\n<td class=\"data\">0.5%<\/td>\n<td class=\"data\">5g\/kg<\/td>\n<\/tr>\n<tr>\n<td class=\"title\">*Taurina (Min.)<\/td>\n<td class=\"data\">0.1%<\/td>\n<td class=\"data\">1g\/kg<\/td>\n<\/tr>\n<tr>\n<td class=\"title\">*L-Carnitina (Min.)<\/td>\n<td class=\"data\" colspan=\"2\">20 mg\/kg<\/td>\n<\/tr>\n<\/tbody>\n<\/table>\n<p><b>DOSIS \/ APLICACI\u00d3N<\/b><\/p>\n<table>\n<tbody>\n<tr data-start=\"4678\" data-end=\"4739\">\n<td data-start=\"4678\" data-end=\"4698\" data-col-size=\"sm\">a 5 lb (0-2 kg)<\/td>\n<td data-start=\"4698\" data-end=\"4710\" data-col-size=\"sm\">0\u20133 meses<\/td>\n<td data-start=\"4710\" data-end=\"4739\" data-col-size=\"sm\">~ \u00bd a 1 taza (\u2248 51\u2013102 g)<\/td>\n<\/tr>\n<\/tbody>\n<\/table>\n<table>\n<tbody>\n<tr data-start=\"4740\" data-end=\"4805\">\n<td data-start=\"4740\" data-end=\"4761\" data-col-size=\"sm\">5 a 10 lb (2-5 kg)<\/td>\n<td data-start=\"4761\" data-end=\"4773\" data-col-size=\"sm\">3\u20136 meses<\/td>\n<td data-start=\"4773\" data-end=\"4805\" data-col-size=\"sm\">1 a 1\u00be tazas (\u2248 102 \u2013 153 g)<\/td>\n<\/tr>\n<\/tbody>\n<\/table>\n<table>\n<tbody>\n<tr data-start=\"4806\" data-end=\"4873\">\n<td data-start=\"4806\" data-end=\"4828\" data-col-size=\"sm\">10 a 15 lb (5-7 kg)<\/td>\n<td data-start=\"4828\" data-end=\"4840\" data-col-size=\"sm\">3\u20136 meses<\/td>\n<td data-start=\"4840\" data-end=\"4873\" data-col-size=\"sm\">1\u00bc a 1\u2154 tazas (\u2248 128 \u2013 169 g)<\/td>\n<\/tr>\n<\/tbody>\n<\/table>\n<table>\n<tbody>\n<tr data-start=\"4874\" data-end=\"4941\">\n<td data-start=\"4874\" data-end=\"4896\" data-col-size=\"sm\">15 a 20 lb (7-9 kg)<\/td>\n<td data-start=\"4896\" data-end=\"4908\" data-col-size=\"sm\">6\u20139 meses<\/td>\n<td data-start=\"4908\" data-end=\"4941\" data-col-size=\"sm\">1\u2153 a 1\u2154 tazas (\u2248 136 \u2013 169 g)<\/td>\n<\/tr>\n<\/tbody>\n<\/table>\n<table>\n<tbody>\n<tr data-start=\"4942\" data-end=\"5010\">\n<td data-start=\"4942\" data-end=\"4965\" data-col-size=\"sm\">20 a 30 lb (9-14 kg)<\/td>\n<td data-start=\"4965\" data-end=\"4977\" data-col-size=\"sm\">6\u20139 meses<\/td>\n<td data-col-size=\"sm\" data-start=\"4977\" data-end=\"5010\">1\u2154 a 2\u00bd tazas (\u2248 169 \u2013 255 g)<\/td>\n<\/tr>\n<\/tbody>\n<\/table>\n<p>Divida la cantidad que se muestra seg\u00fan el peso de la mascota en 2 o 3 alimentaciones diarias. Agrega aproximadamente \u00bd taza (51 g) por cada 10 lbs. (4,5 kg) m\u00e1s de 100 libras. (45 kg).<\/p>\n<p>&nbsp;<\/p>\n","protected":false},"excerpt":{"rendered":"<p>Alimento seco Super Premium dise\u00f1ado espec\u00edficamente para perros cachorros de razas grandes o gigantes. Receta de <strong>pollo y arroz<\/strong><\/p>\n<p>5.44 kg<\/p>\n","protected":false},"featured_media":617,"template":"","meta":[],"product_brand":[51],"product_cat":[46,47],"product_tag":[],"class_list":{"0":"post-619","1":"product","2":"type-product","3":"status-publish","4":"has-post-thumbnail","6":"product_brand-nutri-source","7":"product_cat-comida","8":"product_cat-comida-para-perros","10":"first","11":"instock","12":"shipping-taxable","13":"purchasable","14":"product-type-simple"},"_links":{"self":[{"href":"https:\/\/yobipet.elesteam.com\/index.php\/wp-json\/wp\/v2\/product\/619","targetHints":{"allow":["GET"]}}],"collection":[{"href":"https:\/\/yobipet.elesteam.com\/index.php\/wp-json\/wp\/v2\/product"}],"about":[{"href":"https:\/\/yobipet.elesteam.com\/index.php\/wp-json\/wp\/v2\/types\/product"}],"wp:featuredmedia":[{"embeddable":true,"href":"https:\/\/yobipet.elesteam.com\/index.php\/wp-json\/wp\/v2\/media\/617"}],"wp:attachment":[{"href":"https:\/\/yobipet.elesteam.com\/index.php\/wp-json\/wp\/v2\/media?parent=619"}],"wp:term":[{"taxonomy":"product_brand","embeddable":true,"href":"https:\/\/yobipet.elesteam.com\/index.php\/wp-json\/wp\/v2\/product_brand?post=619"},{"taxonomy":"product_cat","embeddable":true,"href":"https:\/\/yobipet.elesteam.com\/index.php\/wp-json\/wp\/v2\/product_cat?post=619"},{"taxonomy":"product_tag","embeddable":true,"href":"https:\/\/yobipet.elesteam.com\/index.php\/wp-json\/wp\/v2\/product_tag?post=619"}],"curies":[{"name":"wp","href":"https:\/\/api.w.org\/{rel}","templated":true}]}}