{"id":637,"date":"2025-10-13T05:00:45","date_gmt":"2025-10-13T05:00:45","guid":{"rendered":"https:\/\/yobipet.elesteam.com\/?post_type=product&#038;p=637"},"modified":"2025-10-13T05:38:51","modified_gmt":"2025-10-13T05:38:51","slug":"concentrado-para-perro-adulto-raza-pequena-nutrisource-chicken-rice-recipe-12-libras","status":"publish","type":"product","link":"https:\/\/yobipet.elesteam.com\/index.php\/producto\/concentrado-para-perro-adulto-raza-pequena-nutrisource-chicken-rice-recipe-12-libras\/","title":{"rendered":"Concentrado para Perro Adulto Raza Peque\u00f1a NutriSource. 12 Libras"},"content":{"rendered":"<p><b>\u00bfQU\u00c9 ES?<\/b><\/p>\n<p>Receta de <strong>Pollo y Arroz<\/strong> para Adultos de Raza Peque\u00f1a. Es un alimento seco premium para perros adultos de razas peque\u00f1as, elaborado con pollo real como primer ingrediente y arroz integral para ofrecer energ\u00eda de larga duraci\u00f3n.<br data-start=\"288\" data-end=\"291\" \/>Proporciona una nutrici\u00f3n completa y equilibrada, dise\u00f1ada para mantener una buena digesti\u00f3n, piel y pelaje saludables, y apoyar el bienestar general.<\/p>\n<p><b>BENEFICIOS<\/b><\/p>\n<article class=\"text-token-text-primary w-full focus:outline-none [--shadow-height:45px] has-data-writing-block:pointer-events-none has-data-writing-block:-mt-(--shadow-height) has-data-writing-block:pt-(--shadow-height) [&amp;:has([data-writing-block])&gt;*]:pointer-events-auto [content-visibility:auto] supports-[content-visibility:auto]:[contain-intrinsic-size:auto_100lvh] scroll-mt-[calc(var(--header-height)+min(200px,max(70px,20svh)))]\" dir=\"auto\" tabindex=\"-1\" data-turn-id=\"request-WEB:3d01053f-0cb0-4586-a377-5b0969ad8a4c-7\" data-testid=\"conversation-turn-16\" data-scroll-anchor=\"true\" data-turn=\"assistant\">\n<div class=\"text-base my-auto mx-auto pb-10 [--thread-content-margin:--spacing(4)] thread-sm:[--thread-content-margin:--spacing(6)] thread-lg:[--thread-content-margin:--spacing(16)] px-(--thread-content-margin)\">\n<div class=\"[--thread-content-max-width:40rem] thread-lg:[--thread-content-max-width:48rem] mx-auto max-w-(--thread-content-max-width) flex-1 group\/turn-messages focus-visible:outline-hidden relative flex w-full min-w-0 flex-col agent-turn\" tabindex=\"-1\">\n<div class=\"flex max-w-full flex-col grow\">\n<div class=\"min-h-8 text-message relative flex w-full flex-col items-end gap-2 text-start break-words whitespace-normal [.text-message+&amp;]:mt-1\" dir=\"auto\" data-message-author-role=\"assistant\" data-message-id=\"8c79d201-7f25-4d94-b718-2f8ecad44feb\" data-message-model-slug=\"gpt-5\">\n<div class=\"flex w-full flex-col gap-1 empty:hidden first:pt-[1px]\">\n<div class=\"markdown prose dark:prose-invert w-full break-words light markdown-new-styling\">\n<ul>\n<li data-start=\"30\" data-end=\"120\">Pollo real como primera fuente de prote\u00edna, ideal para mantener la masa muscular.<\/li>\n<li data-start=\"30\" data-end=\"120\">Probi\u00f3ticos y prebi\u00f3ticos que mejoran la digesti\u00f3n y la absorci\u00f3n de nutrientes.<\/li>\n<li data-start=\"215\" data-end=\"291\">Taurina, L-carnitina y colina para fortalecer la salud del coraz\u00f3n.<\/li>\n<li data-start=\"294\" data-end=\"373\">\u00c1cidos grasos Omega-3 y Omega-6 que promueven piel y pelaje saludables.<\/li>\n<li data-start=\"376\" data-end=\"471\">Sistema Good 4 Life, que apoya la salud intestinal y refuerza el sistema inmunol\u00f3gico.<\/li>\n<li data-start=\"474\" data-end=\"558\">F\u00f3rmula f\u00e1cil de digerir, adaptada al tama\u00f1o y necesidades de las razas peque\u00f1as.<\/li>\n<\/ul>\n<\/div>\n<\/div>\n<\/div>\n<\/div>\n<\/div>\n<\/div>\n<\/article>\n<p><b>INGREDIENTES\u00a0\u00a0<\/b><\/p>\n<p>Pollo, harina de pollo, arroz integral, cebada, grasa de pollo (conservada con tocoferoles y \u00e1cido c\u00edtrico), pulpa de remolacha seca, sabores naturales de pollo y pavo, avena, semillas de lino, harina de pescado de lacha, cloruro de potasio, levadura seca de cerveza, sal, colina. cloruro, DL metionina, minerales (proteinato de zinc, proteinato de hierro, levadura de selenio, proteinato de cobre, \u00f3xido de magnesio, proteinato de manganeso, dihidroyoduro de etilendiamina), vitaminas (suplemento de vitamina E, suplemento de niacina, biotina, pantotenato de d-calcio, suplemento de vitamina A, tiamina mononitrato, clorhidrato de piridoxina, suplemento de riboflavina, suplemento de vitamina B12, suplemento de vitamina D3, \u00e1cido f\u00f3lico), \u00e1cido l\u00e1ctico, L-ascorbilo-2-polifosfato (fuente de vitamina C), extracto de yuca schidigera, cultivo de levadura, extracto seco de fermentaci\u00f3n de Aspergillus oryzae, Producto de fermentaci\u00f3n de Bacillus subtilis seco, producto de fermentaci\u00f3n de Bacillus licheniformis seco, extracto de fermentaci\u00f3n de Trichoderma longibrachiatum seco, producto de fermentaci\u00f3n de Enterococcus faecium seco, producto de fermentaci\u00f3n de Lactobacillus acidophilus seco, extracto de fermentaci\u00f3n de Bacillus subtilis seco, carbonato de calcio, taurina, L-carnitina, extracto de romero<\/p>\n<p>An\u00e1lisis garantizado.<\/p>\n<table class=\"ga-np\">\n<tbody>\n<tr>\n<td class=\"title\">Prote\u00edna bruta (m\u00edn.)<\/td>\n<td class=\"data\">26.0%<\/td>\n<td class=\"data\">260g\/kg<\/td>\n<\/tr>\n<tr>\n<td class=\"title\">Grasa Cruda (Min.)<\/td>\n<td class=\"data\">16.0%<\/td>\n<td class=\"data\">160g\/kg<\/td>\n<\/tr>\n<tr>\n<td class=\"title\">Fibra Cruda (M\u00e1x.)<\/td>\n<td class=\"data\">4.0%<\/td>\n<td class=\"data\">40g\/kg<\/td>\n<\/tr>\n<tr>\n<td class=\"title\">Humedad (M\u00e1x.)<\/td>\n<td class=\"data\">10.0%<\/td>\n<td class=\"data\">100g\/kg<\/td>\n<\/tr>\n<tr>\n<td class=\"title\">Metionina (m\u00edn.)<\/td>\n<td class=\"data\">0.35%<\/td>\n<td class=\"data\">3,5 g\/kg<\/td>\n<\/tr>\n<tr>\n<td class=\"title\">Eicosapentaenoico (EPA) + \u00e1cido docosahexaenoico (DHA) (Min.)<\/td>\n<td class=\"data\">0.05%<\/td>\n<td class=\"data\">0,5 g\/kg<\/td>\n<\/tr>\n<tr>\n<td class=\"title\">Hierro (m\u00edn.)<\/td>\n<td class=\"data\">125 mg\/kg<\/td>\n<td class=\"data\">125 mg\/kg<\/td>\n<\/tr>\n<tr>\n<td class=\"title\">Cobre (m\u00edn.)<\/td>\n<td class=\"data\">12,4 mg\/kg<\/td>\n<td class=\"data\">12,4 mg\/kg<\/td>\n<\/tr>\n<tr>\n<td class=\"title\">Manganeso (m\u00edn.)<\/td>\n<td class=\"data\">12 mg\/kg<\/td>\n<td class=\"data\">12 mg\/kg<\/td>\n<\/tr>\n<tr>\n<td class=\"title\">Zinc (m\u00edn.)<\/td>\n<td class=\"data\">120 mg\/kg<\/td>\n<td class=\"data\">120 mg\/kg<\/td>\n<\/tr>\n<tr>\n<td class=\"title\">Selenio (m\u00edn.)<\/td>\n<td class=\"data\">0,35 mg\/kg<\/td>\n<td class=\"data\">0,35 mg\/kg<\/td>\n<\/tr>\n<tr>\n<td class=\"title\">Colina (m\u00edn.)<\/td>\n<td class=\"data\">2.000 mg\/kg<\/td>\n<td class=\"data\">2.000 mg\/kg<\/td>\n<\/tr>\n<tr>\n<td class=\"title\">*Omega \u2013 6 \u00c1cidos Grasos (Min.)<\/td>\n<td class=\"data\">2.6%<\/td>\n<td class=\"data\">26g\/kg<\/td>\n<\/tr>\n<tr>\n<td class=\"title\">*Omega \u2013 3 \u00c1cidos Grasos (Min.)<\/td>\n<td class=\"data\">0.7%<\/td>\n<td class=\"data\">7g\/kg<\/td>\n<\/tr>\n<tr>\n<td class=\"title\">*Taurina (Min.)<\/td>\n<td class=\"data\">0.1%<\/td>\n<td class=\"data\">1g\/kg<\/td>\n<\/tr>\n<tr>\n<td class=\"title\">*L-Carnitina (Min.)<\/td>\n<td class=\"data\" colspan=\"2\">20 mg\/kg<\/td>\n<\/tr>\n<tr>\n<td class=\"title\">*Glucosamina (m\u00edn.)<\/td>\n<td class=\"data\" colspan=\"2\">790 mg\/kg<\/td>\n<\/tr>\n<tr>\n<td class=\"title\">*Sulfato de condroitina (m\u00edn.)<\/td>\n<td class=\"data\" colspan=\"2\">2.800 mg\/kg<\/td>\n<\/tr>\n<\/tbody>\n<\/table>\n<p><b>DOSIS \/ APLICACI\u00d3N<\/b><\/p>\n<table class=\"feeding-guidelines\">\n<thead>\n<tr>\n<th class=\"first-top\" colspan=\"2\">El peso de tu mascota<\/th>\n<th>0 a 3 Meses<\/th>\n<th>3 a 6 meses<\/th>\n<th>6 meses a adulto<\/th>\n<th>Adulto<\/th>\n<th class=\"last-top\">Menos activo<\/th>\n<\/tr>\n<\/thead>\n<tbody>\n<tr>\n<td class=\"th2\">libras<\/td>\n<td class=\"th2\">Kg.<\/td>\n<td class=\"th2\">8 oz. Tazas<\/td>\n<td class=\"th2\">8 oz. Tazas<\/td>\n<td class=\"th2\">8 oz. Tazas<\/td>\n<td class=\"th2\">8 oz. Tazas<\/td>\n<td class=\"th2\">8 oz. Tazas<\/td>\n<\/tr>\n<tr>\n<td>1 \u2013 5<\/td>\n<td>0 \u2013 2<\/td>\n<td>5\/8 \u2013 7\/8<\/td>\n<td>1\/2 \u2013 2\/3<\/td>\n<td>3\/8 \u2013 5\/8<\/td>\n<td>1\/4 \u2013 1\/2<\/td>\n<td>1\/4 \u2013 1\/3<\/td>\n<\/tr>\n<tr>\n<td>5 \u2013 10<\/td>\n<td>2 \u2013 5<\/td>\n<td>7\/8 \u2013 1 1\/2<\/td>\n<td>2\/3 \u2013 1 1\/8<\/td>\n<td>5\/8 \u2013 1<\/td>\n<td>1\/2 \u2013 3\/4<\/td>\n<td>1\/3 \u2013 1\/2<\/td>\n<\/tr>\n<tr>\n<td>10 \u2013 15<\/td>\n<td>5 \u2013 7<\/td>\n<td>1 1\/2 \u2013 1 3\/4<\/td>\n<td>1 1\/8 \u2013 1 1\/2<\/td>\n<td>1 \u2013 1 1\/3<\/td>\n<td>3\/4 \u2013 1<\/td>\n<td>1\/2 \u2013 3\/4<\/td>\n<\/tr>\n<tr>\n<td>15 \u2013 20<\/td>\n<td>7 \u2013 9<\/td>\n<td>1 3\/4 \u2013 2 1\/4<\/td>\n<td>1 1\/2 \u2013 1 7\/8<\/td>\n<td>1 1\/3 \u2013 1 5\/8<\/td>\n<td>1 \u2013 1 1\/8<\/td>\n<td>3\/4 \u2013 7\/8<\/td>\n<\/tr>\n<tr>\n<td>20 \u2013 30<\/td>\n<td>9 \u2013 14<\/td>\n<td>2 1\/4 \u2013 3<\/td>\n<td>1 7\/8 \u2013 2 1\/3<\/td>\n<td>1 5\/8 \u2013 2<\/td>\n<td>1 1\/8 \u2013 1 1\/2<\/td>\n<td>7\/8 \u2013 1 1\/8<\/td>\n<\/tr>\n<\/tbody>\n<\/table>\n<p>Divida la cantidad que se muestra en 2 \u2013 3 alimentaciones diarias.<br \/>\nAgrega aproximadamente \u00bc de taza (27 g) por cada 10 lbs. (4,5 kg) m\u00e1s de 30 libras. (45 kg)<\/p>\n","protected":false},"excerpt":{"rendered":"<p>Alimento seco Super Premiun para perro adulto raza peque\u00f1a\u00a0 sabor a<strong> pollo y arroz.<\/strong><\/p>\n<p>5.44 kg<\/p>\n","protected":false},"featured_media":635,"template":"","meta":[],"product_brand":[51],"product_cat":[46,47],"product_tag":[],"class_list":{"0":"post-637","1":"product","2":"type-product","3":"status-publish","4":"has-post-thumbnail","6":"product_brand-nutri-source","7":"product_cat-comida","8":"product_cat-comida-para-perros","10":"first","11":"instock","12":"shipping-taxable","13":"purchasable","14":"product-type-simple"},"_links":{"self":[{"href":"https:\/\/yobipet.elesteam.com\/index.php\/wp-json\/wp\/v2\/product\/637","targetHints":{"allow":["GET"]}}],"collection":[{"href":"https:\/\/yobipet.elesteam.com\/index.php\/wp-json\/wp\/v2\/product"}],"about":[{"href":"https:\/\/yobipet.elesteam.com\/index.php\/wp-json\/wp\/v2\/types\/product"}],"wp:featuredmedia":[{"embeddable":true,"href":"https:\/\/yobipet.elesteam.com\/index.php\/wp-json\/wp\/v2\/media\/635"}],"wp:attachment":[{"href":"https:\/\/yobipet.elesteam.com\/index.php\/wp-json\/wp\/v2\/media?parent=637"}],"wp:term":[{"taxonomy":"product_brand","embeddable":true,"href":"https:\/\/yobipet.elesteam.com\/index.php\/wp-json\/wp\/v2\/product_brand?post=637"},{"taxonomy":"product_cat","embeddable":true,"href":"https:\/\/yobipet.elesteam.com\/index.php\/wp-json\/wp\/v2\/product_cat?post=637"},{"taxonomy":"product_tag","embeddable":true,"href":"https:\/\/yobipet.elesteam.com\/index.php\/wp-json\/wp\/v2\/product_tag?post=637"}],"curies":[{"name":"wp","href":"https:\/\/api.w.org\/{rel}","templated":true}]}}