{"id":643,"date":"2025-10-13T05:33:09","date_gmt":"2025-10-13T05:33:09","guid":{"rendered":"https:\/\/yobipet.elesteam.com\/?post_type=product&#038;p=643"},"modified":"2025-10-13T05:36:49","modified_gmt":"2025-10-13T05:36:49","slug":"concentrado-para-perro-adulto-raza-mediana-y-grande-nutrisource-26-libras","status":"publish","type":"product","link":"https:\/\/yobipet.elesteam.com\/index.php\/producto\/concentrado-para-perro-adulto-raza-mediana-y-grande-nutrisource-26-libras\/","title":{"rendered":"Concentrado para Perro Adulto Raza Mediana y Grande NutriSource. 26 Libras"},"content":{"rendered":"<p><b>\u00bfQU\u00c9 ES?<\/b><\/p>\n<p>NutriSource Pollo y Arroz para Adultos es un alimento seco premium para perros, hecho con pollo real y granos integrales que brindan energ\u00eda y una nutrici\u00f3n completa para mantener su salud y vitalidad.<\/p>\n<p><b>BENEFICIOS<\/b><\/p>\n<ul>\n<li data-start=\"248\" data-end=\"313\">Prote\u00edna de alta calidad para mantener m\u00fasculos fuertes.<\/li>\n<li data-start=\"316\" data-end=\"389\">Probi\u00f3ticos y prebi\u00f3ticos que favorecen una digesti\u00f3n saludable.<\/li>\n<li data-start=\"392\" data-end=\"456\">Taurina y L-carnitina para apoyar la salud del coraz\u00f3n.<\/li>\n<li data-start=\"459\" data-end=\"515\">Omega-3 y Omega-6 para piel y pelaje brillantes.<\/li>\n<li data-start=\"518\" data-end=\"593\">Glucosamina y condroitina que fortalecen articulaciones y movilidad.<\/li>\n<\/ul>\n<p><b>INGREDIENTES\u00a0\u00a0<\/b><\/p>\n<p>Chicken, chicken meal, brown rice, barley, chicken fat (preserved with tocopherols and citric acid), dried plain beet pulp, natural chicken and turkey flavors, oatmeal, dried yeast, brewers rice, flax seed, menhaden fishmeal, salmon oil (preserved with tocopherols), potassium chloride, DL methionine, salt, choline chloride, minerals (zinc proteinate, iron proteinate, selenium yeast, copper proteinate, magnesium oxide, manganese proteinate, ethylenediamine dihydroiodide), brewers dried yeast, threonine, vitamins (vitamin E supplement, niacin supplement, vitamin A supplement, riboflavin supplement, d-calcium pantothenate, thiamine mononitrate, pyridoxine hydrochloride, vitamin B12 supplement, biotin, vitamin D3 supplement, folic acid), calcium carbonate, taurine, lactic acid, L-ascorbyl-2-polyphosphate (source of vitamin C), yucca schidigera extract, yeast culture, dried Aspergillus oryzae fermentation extract, dried Bacillus subtilis fermentation product, dried Bacillus licheniformis fermentation product, dried Trichoderma longibrachiatum fermentation extract, dried Enterococcus faecium fermentation product, dried Lactobacillus acidophilus fermentation product, dried Bacillus subtilis fermentation extract, L-carnitine, rosemary extract.<\/p>\n<p>An\u00e1lisis garantizado.<\/p>\n<table class=\"ga-np\">\n<tbody>\n<tr>\n<td class=\"title\">Prote\u00edna bruta (m\u00edn.)<\/td>\n<td class=\"data\">26.0%<\/td>\n<td class=\"data\">260g\/kg<\/td>\n<\/tr>\n<tr>\n<td class=\"title\">Grasa Cruda (Min.)<\/td>\n<td class=\"data\">16.0%<\/td>\n<td class=\"data\">160g\/kg<\/td>\n<\/tr>\n<tr>\n<td class=\"title\">Fibra Cruda (M\u00e1x.)<\/td>\n<td class=\"data\">4.0%<\/td>\n<td class=\"data\">40g\/kg<\/td>\n<\/tr>\n<tr>\n<td class=\"title\">Humedad (M\u00e1x.)<\/td>\n<td class=\"data\">10.0%<\/td>\n<td class=\"data\">100g\/kg<\/td>\n<\/tr>\n<tr>\n<td class=\"title\">Metionina (m\u00edn.)<\/td>\n<td class=\"data\">0.35%<\/td>\n<td class=\"data\">3,5 g\/kg<\/td>\n<\/tr>\n<tr>\n<td class=\"title\">Eicosapentaenoico (EPA) + \u00e1cido docosahexaenoico (DHA) (Min.)<\/td>\n<td class=\"data\">0.05%<\/td>\n<td class=\"data\">0,5 g\/kg<\/td>\n<\/tr>\n<tr>\n<td class=\"title\">Hierro (m\u00edn.)<\/td>\n<td class=\"data\">125 mg\/kg<\/td>\n<td class=\"data\">125 mg\/kg<\/td>\n<\/tr>\n<tr>\n<td class=\"title\">Cobre (m\u00edn.)<\/td>\n<td class=\"data\">12,4 mg\/kg<\/td>\n<td class=\"data\">12,4 mg\/kg<\/td>\n<\/tr>\n<tr>\n<td class=\"title\">Manganeso (m\u00edn.)<\/td>\n<td class=\"data\">12 mg\/kg<\/td>\n<td class=\"data\">12 mg\/kg<\/td>\n<\/tr>\n<tr>\n<td class=\"title\">Zinc (m\u00edn.)<\/td>\n<td class=\"data\">120 mg\/kg<\/td>\n<td class=\"data\">120 mg\/kg<\/td>\n<\/tr>\n<tr>\n<td class=\"title\">Selenio (m\u00edn.)<\/td>\n<td class=\"data\">0,35 mg\/kg<\/td>\n<td class=\"data\">0,35 mg\/kg<\/td>\n<\/tr>\n<tr>\n<td class=\"title\">Colina (m\u00edn.)<\/td>\n<td class=\"data\">1.800 mg\/kg<\/td>\n<td class=\"data\">1.800 mg\/kg<\/td>\n<\/tr>\n<tr>\n<td class=\"title\">*Omega \u2013 6 \u00c1cidos Grasos (Min.)<\/td>\n<td class=\"data\">2.6%<\/td>\n<td class=\"data\">26g\/kg<\/td>\n<\/tr>\n<tr>\n<td class=\"title\">*Omega \u2013 3 \u00c1cidos Grasos (Min.)<\/td>\n<td class=\"data\">0.7%<\/td>\n<td class=\"data\">7g\/kg<\/td>\n<\/tr>\n<tr>\n<td class=\"title\">*Taurina (Min.)<\/td>\n<td class=\"data\">0.1%<\/td>\n<td class=\"data\">1g\/kg<\/td>\n<\/tr>\n<tr>\n<td class=\"title\">*Glucosamina (m\u00edn.)<\/td>\n<td class=\"data\" colspan=\"2\">790 mg\/kg<\/td>\n<\/tr>\n<tr>\n<td class=\"title\">*Sulfato de condroitina (m\u00edn.)<\/td>\n<td class=\"data\" colspan=\"2\">1.800 mg\/kg<\/td>\n<\/tr>\n<tr>\n<td class=\"title\">*L-Carnitina (Min.)<\/td>\n<td class=\"data\" colspan=\"2\">20 mg\/kg<\/td>\n<\/tr>\n<\/tbody>\n<\/table>\n<p><strong>DOSIS \/ APLICACI\u00d3N<\/strong><\/p>\n<table class=\"feeding-guidelines\">\n<thead>\n<tr>\n<th class=\"first-top\" colspan=\"2\">El peso de tu mascota<\/th>\n<th>0 a 3 Meses<\/th>\n<th>3 a 6 meses<\/th>\n<th>6 meses a adulto<\/th>\n<th>Adulto<\/th>\n<th class=\"last-top\">Menos activo<\/th>\n<\/tr>\n<\/thead>\n<tbody>\n<tr>\n<td class=\"th2\">libras<\/td>\n<td class=\"th2\">Kg.<\/td>\n<td class=\"th2\">8 oz. Tazas<\/td>\n<td class=\"th2\">8 oz. Tazas<\/td>\n<td class=\"th2\">8 oz. Tazas<\/td>\n<td class=\"th2\">8 oz. Tazas<\/td>\n<td class=\"th2\">8 oz. Tazas<\/td>\n<\/tr>\n<tr>\n<td>1 \u2013 5<\/td>\n<td>0 \u2013 2<\/td>\n<td>5\/8 \u2013 7\/8<\/td>\n<td>1\/2 \u2013 2\/3<\/td>\n<td>3\/8 \u2013 5\/8<\/td>\n<td>1\/4 \u2013 1\/2<\/td>\n<td>1\/4 \u2013 1\/3<\/td>\n<\/tr>\n<tr>\n<td>5 \u2013 10<\/td>\n<td>2 \u2013 5<\/td>\n<td>7\/8 \u2013 1 1\/2<\/td>\n<td>2\/3 \u2013 1 1\/8<\/td>\n<td>5\/8 \u2013 1<\/td>\n<td>1\/2 \u2013 3\/4<\/td>\n<td>1\/3 \u2013 1\/2<\/td>\n<\/tr>\n<tr>\n<td>10 \u2013 15<\/td>\n<td>5 \u2013 7<\/td>\n<td>1 1\/2 \u2013 1 3\/4<\/td>\n<td>1 1\/8 \u2013 1 1\/2<\/td>\n<td>1 \u2013 1 1\/3<\/td>\n<td>3\/4 \u2013 1<\/td>\n<td>1\/2 \u2013 3\/4<\/td>\n<\/tr>\n<tr>\n<td>15 \u2013 20<\/td>\n<td>7 \u2013 9<\/td>\n<td>1 3\/4 \u2013 2 1\/4<\/td>\n<td>1 1\/2 \u2013 1 7\/8<\/td>\n<td>1 1\/3 \u2013 1 5\/8<\/td>\n<td>1 \u2013 1 1\/8<\/td>\n<td>3\/4 \u2013 7\/8<\/td>\n<\/tr>\n<tr>\n<td>20 \u2013 30<\/td>\n<td>9 \u2013 14<\/td>\n<td>2 1\/4 \u2013 3<\/td>\n<td>1 7\/8 \u2013 2 1\/3<\/td>\n<td>1 5\/8 \u2013 2<\/td>\n<td>1 1\/8 \u2013 1 1\/2<\/td>\n<td>7\/8 \u2013 1 1\/8<\/td>\n<\/tr>\n<tr>\n<td>30 \u2013 40<\/td>\n<td>14 \u2013 18<\/td>\n<td>3 \u2013 3 5\/8<\/td>\n<td>2 1\/3 \u2013 2 7\/8<\/td>\n<td>2 \u2013 2 1\/2<\/td>\n<td>1 1\/2 \u2013 1 3\/4<\/td>\n<td>1 1\/8 \u2013 1 1\/3<\/td>\n<\/tr>\n<tr>\n<td>40 \u2013 50<\/td>\n<td>18 \u2013 23<\/td>\n<td><\/td>\n<td>2 7\/8 \u2013 3 1\/3<\/td>\n<td>2 1\/2 \u2013 3<\/td>\n<td>1 3\/4 \u2013 2 1\/8<\/td>\n<td>1 1\/3 \u2013 1 2\/3<\/td>\n<\/tr>\n<tr>\n<td>50 \u2013 60<\/td>\n<td>23 \u2013 27<\/td>\n<td><\/td>\n<td>3 1\/3 \u2013 3 3\/4<\/td>\n<td>3 \u2013 3 1\/4<\/td>\n<td>2 1\/8 \u2013 2 1\/3<\/td>\n<td>1 2\/3 \u2013 1 7\/8<\/td>\n<\/tr>\n<tr>\n<td>60 \u2013 70<\/td>\n<td>27 \u2013 32<\/td>\n<td><\/td>\n<td><\/td>\n<td>3 1\/4 \u2013 3 2\/3<\/td>\n<td>2 1\/3 \u2013 2 5\/8<\/td>\n<td>1 7\/8 \u2013 2<\/td>\n<\/tr>\n<tr>\n<td>70 \u2013 80<\/td>\n<td>32 \u2013 36<\/td>\n<td><\/td>\n<td><\/td>\n<td>3 2\/3 \u2013 4<\/td>\n<td>2 5\/8 \u2013 3<\/td>\n<td>2 \u2013 2 1\/4<\/td>\n<\/tr>\n<tr>\n<td>80 \u2013 100<\/td>\n<td>36 \u2013 45<\/td>\n<td><\/td>\n<td><\/td>\n<td>4 \u2013 4 2\/3<\/td>\n<td>3 \u2013 3 1\/3<\/td>\n<td>2 1\/4 \u2013 2 1\/2<\/td>\n<\/tr>\n<\/tbody>\n<\/table>\n<p>Divida la cantidad que se muestra en 2 o 3 alimentaciones diarias.<br \/>\nA\u00f1adir aprox. 1\/4 taza (27 g) por cada 10 lb (4,5 kg) por encima de 100 lb (45kg.)<\/p>\n","protected":false},"excerpt":{"rendered":"<p>Alimento seco Super Premium para perro adulto raza mediana y grande con sabor a<strong> pollo y arroz\u00a0<\/strong><\/p>\n<p>11.79 kg<\/p>\n","protected":false},"featured_media":641,"template":"","meta":[],"product_brand":[51],"product_cat":[46,47],"product_tag":[],"class_list":{"0":"post-643","1":"product","2":"type-product","3":"status-publish","4":"has-post-thumbnail","6":"product_brand-nutri-source","7":"product_cat-comida","8":"product_cat-comida-para-perros","10":"first","11":"instock","12":"shipping-taxable","13":"purchasable","14":"product-type-simple"},"_links":{"self":[{"href":"https:\/\/yobipet.elesteam.com\/index.php\/wp-json\/wp\/v2\/product\/643","targetHints":{"allow":["GET"]}}],"collection":[{"href":"https:\/\/yobipet.elesteam.com\/index.php\/wp-json\/wp\/v2\/product"}],"about":[{"href":"https:\/\/yobipet.elesteam.com\/index.php\/wp-json\/wp\/v2\/types\/product"}],"wp:featuredmedia":[{"embeddable":true,"href":"https:\/\/yobipet.elesteam.com\/index.php\/wp-json\/wp\/v2\/media\/641"}],"wp:attachment":[{"href":"https:\/\/yobipet.elesteam.com\/index.php\/wp-json\/wp\/v2\/media?parent=643"}],"wp:term":[{"taxonomy":"product_brand","embeddable":true,"href":"https:\/\/yobipet.elesteam.com\/index.php\/wp-json\/wp\/v2\/product_brand?post=643"},{"taxonomy":"product_cat","embeddable":true,"href":"https:\/\/yobipet.elesteam.com\/index.php\/wp-json\/wp\/v2\/product_cat?post=643"},{"taxonomy":"product_tag","embeddable":true,"href":"https:\/\/yobipet.elesteam.com\/index.php\/wp-json\/wp\/v2\/product_tag?post=643"}],"curies":[{"name":"wp","href":"https:\/\/api.w.org\/{rel}","templated":true}]}}