{"id":659,"date":"2025-10-13T19:13:02","date_gmt":"2025-10-13T19:13:02","guid":{"rendered":"https:\/\/yobipet.elesteam.com\/?post_type=product&#038;p=659"},"modified":"2025-10-13T19:17:44","modified_gmt":"2025-10-13T19:17:44","slug":"concentrado-nutrisource-para-perro-senior-edad-avanzada-4-libras","status":"publish","type":"product","link":"https:\/\/yobipet.elesteam.com\/index.php\/producto\/concentrado-nutrisource-para-perro-senior-edad-avanzada-4-libras\/","title":{"rendered":"Concentrado NutriSource para Perro Senior (edad avanzada). 4 Libras"},"content":{"rendered":"<p><b>\u00bfQU\u00c9 ES?<\/b><\/p>\n<p data-start=\"146\" data-end=\"470\">NutriSource Senior Recipe es un alimento seco complementario dise\u00f1ado para <strong data-start=\"221\" data-end=\"247\">perros adultos mayores<\/strong>. Forma parte de la l\u00ednea <em data-start=\"273\" data-end=\"290\">Grain-Inclusive<\/em> (que incluye granos), bajo el sistema <em data-start=\"329\" data-end=\"342\">Good 4 Life<\/em>. Est\u00e1 formulado para cumplir las normas de la AAFCO para mantenimiento de perros adultos.<\/p>\n<p data-start=\"472\" data-end=\"562\">El pollo es el ingrediente principal en esta receta.<\/p>\n<p><b>BENEFICIOS<\/b><\/p>\n<article class=\"text-token-text-primary w-full focus:outline-none [--shadow-height:45px] has-data-writing-block:pointer-events-none has-data-writing-block:-mt-(--shadow-height) has-data-writing-block:pt-(--shadow-height) [&amp;:has([data-writing-block])&gt;*]:pointer-events-auto [content-visibility:auto] supports-[content-visibility:auto]:[contain-intrinsic-size:auto_100lvh] scroll-mt-[calc(var(--header-height)+min(200px,max(70px,20svh)))]\" dir=\"auto\" tabindex=\"-1\" data-turn-id=\"34b6c874-bc86-48a6-b6a5-94ef98644942\" data-testid=\"conversation-turn-38\" data-scroll-anchor=\"true\" data-turn=\"assistant\">\n<div class=\"text-base my-auto mx-auto pb-10 [--thread-content-margin:--spacing(4)] thread-sm:[--thread-content-margin:--spacing(6)] thread-lg:[--thread-content-margin:--spacing(16)] px-(--thread-content-margin)\">\n<div class=\"[--thread-content-max-width:40rem] thread-lg:[--thread-content-max-width:48rem] mx-auto max-w-(--thread-content-max-width) flex-1 group\/turn-messages focus-visible:outline-hidden relative flex w-full min-w-0 flex-col agent-turn\" tabindex=\"-1\">\n<div class=\"flex max-w-full flex-col grow\">\n<div class=\"min-h-8 text-message relative flex w-full flex-col items-end gap-2 text-start break-words whitespace-normal [.text-message+&amp;]:mt-1\" dir=\"auto\" data-message-author-role=\"assistant\" data-message-id=\"f7cd5ef4-e7c7-4f3e-9fd6-b3b11cd9a14a\" data-message-model-slug=\"gpt-5\">\n<div class=\"flex w-full flex-col gap-1 empty:hidden first:pt-[1px]\">\n<div class=\"markdown prose dark:prose-invert w-full break-words light markdown-new-styling\">\n<ul>\n<li data-start=\"30\" data-end=\"99\">Favorece una digesti\u00f3n saludable con probi\u00f3ticos y prebi\u00f3ticos.<\/li>\n<li data-start=\"102\" data-end=\"173\">Mantiene un coraz\u00f3n fuerte gracias a la L-carnitina y la taurina.<\/li>\n<li data-start=\"176\" data-end=\"252\">Promueve piel y pelaje saludables con \u00e1cidos grasos Omega-3 y Omega-6.<\/li>\n<li data-start=\"255\" data-end=\"320\">Apoya la movilidad articular con glucosamina y condroitina.<\/li>\n<li data-start=\"323\" data-end=\"399\">Proporciona energ\u00eda balanceada y nutrici\u00f3n completa para perros mayores.<\/li>\n<\/ul>\n<\/div>\n<\/div>\n<\/div>\n<\/div>\n<\/div>\n<\/div>\n<\/article>\n<p><b>INGREDIENTES\u00a0\u00a0<\/b><\/p>\n<p>Pollo, harina de pollo, arroz integral, cebada, avena, pavo natural y sabor a pollo, pulpa de remolacha seca, grasa de pollo (conservada con tocoferoles y \u00e1cido c\u00edtrico), semillas de lino, harina de pescado menhaden, levadura seca de cerveza, cloruro de potasio, metionina DL , sal, minerales (prote\u00ednato de zinc, proteinato de hierro, proteinato de cobre, proteinato de manganeso, levadura de selenio), cloruro de colina, vitaminas (acetato de vitamina A, suplemento de vitamina D3, suplemento de vitamina E, niacina, pantotenato de calcio d, mononitrato de tiamina, clorhidrato de piridoxina , suplemento de riboflavina, \u00e1cido f\u00f3lico, biotina, suplemento de vitamina B12), clorhidrato de glucosamina, L-ascorbilo-2-polifosfato (fuente de vitamina C), \u00e1cido l\u00e1ctico, sulfato de condroitina, extracto de yuca schidigera, conservado con tocoferoles, taurina, conservado con c\u00edtricos \u00e1cido, L-carnitina, extracto de romero, cultivo de levadura, seco Extracto de fermentaci\u00f3n de Aspergillus oryzae, seco Producto de fermentaci\u00f3n de Bacillus subtilis, seco Producto de fermentaci\u00f3n de Bacillus licheniformis, seco Extracto de fermentaci\u00f3n de Trichoderma longibrachiatum, producto de fermentaci\u00f3n de Enterococcus faecium seco, producto de fermentaci\u00f3n de Lactobacillus acidophilus seco y extracto de fermentaci\u00f3n de Bacillus subtilis seco.<\/p>\n<p>An\u00e1lisis garantizado.<\/p>\n<table class=\"ga-np\">\n<tbody>\n<tr>\n<td class=\"title\">Prote\u00edna bruta (m\u00edn.)<\/td>\n<td class=\"data\">26.0%<\/td>\n<td class=\"data\">260g\/kg<\/td>\n<\/tr>\n<tr>\n<td class=\"title\">Grasa Cruda (Min.)<\/td>\n<td class=\"data\">12.0%<\/td>\n<td class=\"data\">120g\/kg<\/td>\n<\/tr>\n<tr>\n<td class=\"title\">Fibra Cruda (M\u00e1x.)<\/td>\n<td class=\"data\">5.5%<\/td>\n<td class=\"data\">55g\/kg<\/td>\n<\/tr>\n<tr>\n<td class=\"title\">Humedad (M\u00e1x.)<\/td>\n<td class=\"data\">10.0%<\/td>\n<td class=\"data\">100g\/kg<\/td>\n<\/tr>\n<tr>\n<td class=\"title\">DL Metionina (Min.)<\/td>\n<td class=\"data\">0.25%<\/td>\n<td class=\"data\">2,5 g\/kg<\/td>\n<\/tr>\n<tr>\n<td class=\"title\">Eicosapentaenoico (EPA) + \u00e1cido docosahexaenoico (DHA) (Min.)<\/td>\n<td class=\"data\">0.03%<\/td>\n<td class=\"data\">0,3 g\/kg<\/td>\n<\/tr>\n<tr>\n<td class=\"title\">Hierro (m\u00edn.)<\/td>\n<td class=\"data\">120 mg\/kg<\/td>\n<td class=\"data\">120 mg\/kg<\/td>\n<\/tr>\n<tr>\n<td class=\"title\">Cobre (m\u00edn.)<\/td>\n<td class=\"data\">10 mg\/kg<\/td>\n<td class=\"data\">10 mg\/kg<\/td>\n<\/tr>\n<tr>\n<td class=\"title\">Manganeso (m\u00edn.)<\/td>\n<td class=\"data\">11 mg\/kg<\/td>\n<td class=\"data\">11 mg\/kg<\/td>\n<\/tr>\n<tr>\n<td class=\"title\">Zinc (m\u00edn.)<\/td>\n<td class=\"data\">160 mg\/kg<\/td>\n<td class=\"data\">160 mg\/kg<\/td>\n<\/tr>\n<tr>\n<td class=\"title\">Selenio (m\u00edn.)<\/td>\n<td class=\"data\">0,35 mg\/kg<\/td>\n<td class=\"data\">0,35 mg\/kg<\/td>\n<\/tr>\n<tr>\n<td class=\"title\">Cloruro de colina (Min.)<\/td>\n<td class=\"data\">0.2%<\/td>\n<td class=\"data\">2g\/kg<\/td>\n<\/tr>\n<tr>\n<td class=\"title\">*Omega \u2013 6 \u00c1cidos Grasos (Min.)<\/td>\n<td class=\"data\">1.8%<\/td>\n<td class=\"data\">18g\/kg<\/td>\n<\/tr>\n<tr>\n<td class=\"title\">*Omega \u2013 3 \u00c1cidos Grasos (Min.)<\/td>\n<td class=\"data\">0.5%<\/td>\n<td class=\"data\">5g\/kg<\/td>\n<\/tr>\n<tr>\n<td class=\"title\">Taurina (Min.)*<\/td>\n<td class=\"data\">0.1%<\/td>\n<td class=\"data\">1g\/kg<\/td>\n<\/tr>\n<tr>\n<td class=\"title\">*Glucosamina (m\u00edn.)<\/td>\n<td class=\"data\" colspan=\"2\">300 mg\/kg<\/td>\n<\/tr>\n<tr>\n<td class=\"title\">*Sulfato de condroitina (m\u00edn.)<\/td>\n<td class=\"data\" colspan=\"2\">150 mg\/kg<\/td>\n<\/tr>\n<tr>\n<td class=\"title\">*L-Carnitina (Min.)<\/td>\n<td class=\"data\" colspan=\"2\">20 mg\/kg<\/td>\n<\/tr>\n<\/tbody>\n<\/table>\n<p><b>DOSIS \/ APLICACI\u00d3N<\/b><\/p>\n<table class=\"feeding-guidelines\">\n<thead>\n<tr>\n<th class=\"first-top\" colspan=\"2\">El peso de tu mascota<\/th>\n<th class=\"last-top\" colspan=\"2\">Alimentaci\u00f3n Diaria<\/th>\n<\/tr>\n<\/thead>\n<tbody>\n<tr>\n<td class=\"th2\">libras<\/td>\n<td class=\"th2\">Kg.<\/td>\n<td class=\"th2\">8 oz. Tazas<\/td>\n<td class=\"th2\">Gramos<\/td>\n<\/tr>\n<tr>\n<td>1 \u2013 5<\/td>\n<td>0 \u2013 2<\/td>\n<td>1\/4 \u2013 1\/3<\/td>\n<td>26 \u2013 35<\/td>\n<\/tr>\n<tr>\n<td>5 \u2013 10<\/td>\n<td>2 \u2013 5<\/td>\n<td>1\/3 \u2013 5\/8<\/td>\n<td>35 \u2013 66<\/td>\n<\/tr>\n<tr>\n<td>10 \u2013 15<\/td>\n<td>5 \u2013 7<\/td>\n<td>5\/8 \u2013 3\/4<\/td>\n<td>66 \u2013 79<\/td>\n<\/tr>\n<tr>\n<td>15 \u2013 20<\/td>\n<td>7 \u2013 9<\/td>\n<td>3\/4 \u2013 1<\/td>\n<td>79 \u2013 105<\/td>\n<\/tr>\n<tr>\n<td>20 \u2013 30<\/td>\n<td>9 \u2013 14<\/td>\n<td>1 \u2013 1 1\/4<\/td>\n<td>105 \u2013 132<\/td>\n<\/tr>\n<tr>\n<td>30 \u2013 40<\/td>\n<td>14 \u2013 18<\/td>\n<td>1 1\/4 \u2013 1 1\/2<\/td>\n<td>132 \u2013 158<\/td>\n<\/tr>\n<tr>\n<td>40 \u2013 50<\/td>\n<td>18 \u2013 23<\/td>\n<td>1 1\/2 \u2013 1 3\/4<\/td>\n<td>158 \u2013 185<\/td>\n<\/tr>\n<tr>\n<td>50 \u2013 60<\/td>\n<td>23 \u2013 27<\/td>\n<td>1 3\/4 \u2013 2<\/td>\n<td>185\u00a0 \u2013 211<\/td>\n<\/tr>\n<tr>\n<td>60 \u2013 70<\/td>\n<td>27 \u2013 32<\/td>\n<td>2 \u2013 2 1\/4<\/td>\n<td>211 \u2013 237<\/td>\n<\/tr>\n<tr>\n<td>70 \u2013 80<\/td>\n<td>32 \u2013 36<\/td>\n<td>2 1\/4 \u2013 2 3\/8<\/td>\n<td>237 \u2013 250<\/td>\n<\/tr>\n<tr>\n<td>80 \u2013 90<\/td>\n<td>36 \u2013 45<\/td>\n<td>2 3\/8 \u2013 2 3\/4<\/td>\n<td>250- 290<\/td>\n<\/tr>\n<\/tbody>\n<\/table>\n<p>Divida la cantidad que se muestra en 2 o 3 alimentaciones diarias.<br \/>\nAgregue aproximadamente 1\/2 taza (53 g) por cada 10 lb (4,5 kg) por encima de 100 lb. (45kg.)<\/p>\n","protected":false},"excerpt":{"rendered":"<p>Alimento seco Super Presmium para perro adulto mayor con sabor a <strong>pollo y arroz<\/strong>.<\/p>\n","protected":false},"featured_media":660,"template":"","meta":[],"product_brand":[51],"product_cat":[46,47],"product_tag":[],"class_list":{"0":"post-659","1":"product","2":"type-product","3":"status-publish","4":"has-post-thumbnail","6":"product_brand-nutri-source","7":"product_cat-comida","8":"product_cat-comida-para-perros","10":"first","11":"instock","12":"shipping-taxable","13":"purchasable","14":"product-type-simple"},"_links":{"self":[{"href":"https:\/\/yobipet.elesteam.com\/index.php\/wp-json\/wp\/v2\/product\/659","targetHints":{"allow":["GET"]}}],"collection":[{"href":"https:\/\/yobipet.elesteam.com\/index.php\/wp-json\/wp\/v2\/product"}],"about":[{"href":"https:\/\/yobipet.elesteam.com\/index.php\/wp-json\/wp\/v2\/types\/product"}],"wp:featuredmedia":[{"embeddable":true,"href":"https:\/\/yobipet.elesteam.com\/index.php\/wp-json\/wp\/v2\/media\/660"}],"wp:attachment":[{"href":"https:\/\/yobipet.elesteam.com\/index.php\/wp-json\/wp\/v2\/media?parent=659"}],"wp:term":[{"taxonomy":"product_brand","embeddable":true,"href":"https:\/\/yobipet.elesteam.com\/index.php\/wp-json\/wp\/v2\/product_brand?post=659"},{"taxonomy":"product_cat","embeddable":true,"href":"https:\/\/yobipet.elesteam.com\/index.php\/wp-json\/wp\/v2\/product_cat?post=659"},{"taxonomy":"product_tag","embeddable":true,"href":"https:\/\/yobipet.elesteam.com\/index.php\/wp-json\/wp\/v2\/product_tag?post=659"}],"curies":[{"name":"wp","href":"https:\/\/api.w.org\/{rel}","templated":true}]}}