{"id":673,"date":"2025-10-13T20:24:42","date_gmt":"2025-10-13T20:24:42","guid":{"rendered":"https:\/\/yobipet.elesteam.com\/?post_type=product&#038;p=673"},"modified":"2025-10-13T20:57:28","modified_gmt":"2025-10-13T20:57:28","slug":"concentrado-summit-10-para-gato-adulto-esterilizado-3-kg","status":"publish","type":"product","link":"https:\/\/yobipet.elesteam.com\/index.php\/producto\/concentrado-summit-10-para-gato-adulto-esterilizado-3-kg\/","title":{"rendered":"Concentrado Summit 10 para Gato Adulto Esterilizado. 3 Kg"},"content":{"rendered":"<p><b>\u00bfQU\u00c9 ES?<\/b><\/p>\n<p><span style=\"font-weight: 400;\">Es un alimento seco completo y balanceado formulado especialmente para gatos adultos esterilizados o con tendencia al sobrepeso. Est\u00e1 dise\u00f1ado para gatos a partir de 1 a\u00f1o de edad. Sus ingredientes principales son pollo y arroz, seleccionados por ser fuentes de prote\u00edna de calidad y carbohidratos de alta digestibilidad.<\/span><\/p>\n<p><b>BENEFICIOS\u00a0<\/b><\/p>\n<ul>\n<li style=\"font-weight: 400;\" aria-level=\"1\"><span style=\"font-weight: 400;\">Ayuda a controlar el peso al tener un contenido moderado o reducido de grasas y fibras que producen saciedad.<\/span><a href=\"https:\/\/articulo.mercadolibre.cl\/MLC-1044335048-alimento-summit10-gato-light-esterilizado-15kg-_JM?utm_source=chatgpt.com\"><span style=\"font-weight: 400;\">\u00a0<\/span><\/a><\/li>\n<li style=\"font-weight: 400;\" aria-level=\"1\"><span style=\"font-weight: 400;\">Provee una nutrici\u00f3n equilibrada con prote\u00ednas, vitaminas y minerales esenciales para mantener masa muscular, salud del sistema inmune, piel y pelaje.<\/span><\/li>\n<li style=\"font-weight: 400;\" aria-level=\"1\"><span style=\"font-weight: 400;\">Promueve buena digesti\u00f3n gracias al uso de ingredientes como pulpa de achicoria (fuente de FOS) para favorecer la flora intestinal.<\/span><\/li>\n<li style=\"font-weight: 400;\" aria-level=\"1\"><span style=\"font-weight: 400;\">Incluye componentes funcionales como aceite de salm\u00f3n, huevo deshidratado y otros ingredientes que aportan \u00e1cidos grasos, antioxidantes y nutrientes extra.<\/span><a href=\"https:\/\/summit10.com\/cat\/life-stages\/adult-cat-light-sterilised\/?utm_source=chatgpt.com\"><span style=\"font-weight: 400;\">\u00a0<\/span><\/a><\/li>\n<\/ul>\n<p><b>INGREDIENTES \/ COMPOSICI\u00d3N\u00a0<\/b><\/p>\n<p><span style=\"font-weight: 400;\">Harina de pollo (28%), trigo, arroz (10%), ma\u00edz, harina de pescado, grasa de ave, levadura, h\u00edgado de pollo hidrolizado, fibra de celulosa, pulpa de remolacha, pulpa de achicoria (FOS), aceite de salm\u00f3n, huevo entero deshidratado, manzana, sal, cloruro de potasio, romero, agrimonia, Yucca schidigera.<\/span><\/p>\n<p><span style=\"font-weight: 400;\">Nutricionales: Vitamina A 18.000 UI\/kg, Vitamina D3 1.200 UI\/kg, Vitamina E 80 mg\/kg, Cobre (sulfato de cobre (II) pentahidratado) 20 mg\/kg, Zinc (\u00f3xido de zinc) 150 mg\/kg, Yodo (yoduro de potasio) 3,5 mg\/kg, Manganeso (sulfato de manganeso monohidratado) 7,5 mg\/kg, Selenio (selenito de sodio) 0,15 mg\/kg, L-Carnitina 100 mg\/kg, Taurina 1000 mg\/kg.\u2028<\/span><\/p>\n<p><span style=\"font-weight: 400;\">\u00a0Tecnol\u00f3gico: Antioxidantes naturales a base de tocoferoles.<\/span><\/p>\n<p><strong>AN\u00c1LISIS GARANTIZADO<\/strong><\/p>\n<p><span style=\"font-weight: 400;\">Prote\u00edna bruta (30%), Grasa bruta (10%), Fibra bruta (2.8%), Ceniza bruta (7.8%), Calcio (1.1%), F\u00f3sforo (0.6%), Humedad (9.0%)<\/span><\/p>\n<p><b>DOSIS \/ APLICACI\u00d3N\u00a0<\/b><\/p>\n<p><span style=\"font-weight: 400;\">Ver el empaque del producto, donde normalmente aparece una tabla con gramos diarios seg\u00fan el peso del gato<\/span><\/p>\n<p><span style=\"font-weight: 400;\">El alimento debe servirse seco, en <\/span><b>2 o 3 comidas al d\u00eda<\/b><span style=\"font-weight: 400;\">.<\/span><\/p>\n<p><span style=\"font-weight: 400;\">Ajustar la cantidad seg\u00fan el peso, nivel de actividad, condici\u00f3n corporal y entorno del animal<\/span><\/p>\n","protected":false},"excerpt":{"rendered":"<p>Alimento seco Super Premium completo y equilibrado para gato adulto esterilizado con problemas de sobrepeso, con sabor a <strong>pollo, pescado y arroz.<\/strong><\/p>\n<p>6.6 Libras<\/p>\n","protected":false},"featured_media":671,"template":"","meta":[],"product_brand":[52],"product_cat":[46,48],"product_tag":[],"class_list":{"0":"post-673","1":"product","2":"type-product","3":"status-publish","4":"has-post-thumbnail","6":"product_brand-summit-10","7":"product_cat-comida","8":"product_cat-comida-para-gatos","10":"first","11":"instock","12":"shipping-taxable","13":"purchasable","14":"product-type-simple"},"_links":{"self":[{"href":"https:\/\/yobipet.elesteam.com\/index.php\/wp-json\/wp\/v2\/product\/673","targetHints":{"allow":["GET"]}}],"collection":[{"href":"https:\/\/yobipet.elesteam.com\/index.php\/wp-json\/wp\/v2\/product"}],"about":[{"href":"https:\/\/yobipet.elesteam.com\/index.php\/wp-json\/wp\/v2\/types\/product"}],"wp:featuredmedia":[{"embeddable":true,"href":"https:\/\/yobipet.elesteam.com\/index.php\/wp-json\/wp\/v2\/media\/671"}],"wp:attachment":[{"href":"https:\/\/yobipet.elesteam.com\/index.php\/wp-json\/wp\/v2\/media?parent=673"}],"wp:term":[{"taxonomy":"product_brand","embeddable":true,"href":"https:\/\/yobipet.elesteam.com\/index.php\/wp-json\/wp\/v2\/product_brand?post=673"},{"taxonomy":"product_cat","embeddable":true,"href":"https:\/\/yobipet.elesteam.com\/index.php\/wp-json\/wp\/v2\/product_cat?post=673"},{"taxonomy":"product_tag","embeddable":true,"href":"https:\/\/yobipet.elesteam.com\/index.php\/wp-json\/wp\/v2\/product_tag?post=673"}],"curies":[{"name":"wp","href":"https:\/\/api.w.org\/{rel}","templated":true}]}}