{"id":690,"date":"2025-10-13T21:50:43","date_gmt":"2025-10-13T21:50:43","guid":{"rendered":"https:\/\/yobipet.elesteam.com\/?post_type=product&#038;p=690"},"modified":"2025-10-13T21:54:21","modified_gmt":"2025-10-13T21:54:21","slug":"concentrado-summit-10-para-perro-adulto-raza-pequena-3-kg","status":"publish","type":"product","link":"https:\/\/yobipet.elesteam.com\/index.php\/producto\/concentrado-summit-10-para-perro-adulto-raza-pequena-3-kg\/","title":{"rendered":"Concentrado Summit 10 para Perro Adulto Raza Peque\u00f1a. 3 Kg"},"content":{"rendered":"<p><b>\u00bfQU\u00c9 ES?<\/b><\/p>\n<p><span style=\"font-weight: 400;\">Es un alimento seco completo y balanceado dise\u00f1ado especialmente para perros adultos de raza peque\u00f1a. Fue formulado para cubrir sus requerimientos nutricionales espec\u00edficos (energ\u00eda, digestibilidad, nutrientes con tama\u00f1os adecuados) utilizando pollo y arroz como componentes principales.<\/span><\/p>\n<p><b>BENEFICIOS\u00a0<\/b><\/p>\n<p><span style=\"font-weight: 400;\">Proporciona nutrientes concentrados en porciones m\u00e1s peque\u00f1as, ideal para perros de menor tama\u00f1o.<\/span><b><br \/>\n<\/b><span style=\"font-weight: 400;\">Ayuda a mantener la masa muscular gracias a prote\u00ednas de calidad basadas en pollo.<\/span><span style=\"font-weight: 400;\"><br \/>\n<\/span><span style=\"font-weight: 400;\">Favorece la digesti\u00f3n al utilizar ingredientes digestibles como arroz y fibras seleccionadas.<\/span><span style=\"font-weight: 400;\"><br \/>\n<\/span><span style=\"font-weight: 400;\">Incluye ingredientes funcionales (como antioxidantes naturales, hierbas, prebi\u00f3ticos) para reforzar el sistema inmune y la salud intestinal.\u00a0<\/span><\/p>\n<p><span style=\"font-weight: 400;\">Ayuda con el cuidado de la piel y el pelaje mediante grasas ben\u00e9ficas (omega 3 y 6).<\/span><span style=\"font-weight: 400;\"><br \/>\n<\/span><span style=\"font-weight: 400;\">Formulado para cubrir los requerimientos energ\u00e9ticos sin provocar un consumo excesivo.<\/span><\/p>\n<p><b>INGREDIENTES\/ COMPOSICI\u00d3N<\/b><\/p>\n<p><span style=\"font-weight: 400;\">Harina de pollo (37%), ma\u00edz, arroz (14%), grasa de pollo, trigo, harina de pescado, linaza, pulpa de remolacha, hidrolizado de h\u00edgado de pollo, pulpa de achicoria (FOS), levadura, huevo entero deshidratado, tomate, manzana, sal, cloruro de potasio, romero, agrimonia, extracto de levadura (MOS), glucosamina, sulfato de condroitina, Yucca schidigera.\u00a0<\/span><\/p>\n<p><span style=\"font-weight: 400;\">Nutritional: Vitamina A 20.000 UI\/kg, Vitamina D3 1.500 UI\/kg, Vitamina E 150 mg\/kg, Cobre (sulfato de cobre (II) pentahidratado) 20 mg\/kg, Zinc (\u00f3xido de zinc) 150 mg\/kg, Yodo (yoduro de potasio) 3,5 mg\/kg, Manganeso (sulfato de manganeso monohidratado) 7,5 mg\/kg, Selenio (selenito de sodio) 0,15 mg\/kg.<\/span><\/p>\n<p><span style=\"font-weight: 400;\">Tecnol\u00f3gico: Antioxidantes naturales a base de tocoferol.<\/span><\/p>\n<p><strong>ANALISIS GARANTIZADO<\/strong><\/p>\n<p><span style=\"font-weight: 400;\">Prote\u00edna bruta (28%), Grasa bruta (18%), Fibra bruta (2.3%), Ceniza bruta (8.0%), Calcio (1.6%), F\u00f3sforo (1.1%), Humedad (9.0%)<\/span><\/p>\n<p><span style=\"font-weight: 400;\">.<\/span><b>DOSIS \/APLICACI\u00d3N<\/b><\/p>\n<p><span style=\"font-weight: 400;\">Ver el empaque del producto, donde normalmente aparece una tabla con gramos diarios.<\/span><\/p>\n<p><span style=\"font-weight: 400;\">La cantidad diaria var\u00eda seg\u00fan el peso, edad y nivel de actividad del perro<\/span><span style=\"font-weight: 400;\"><br \/>\n<\/span><span style=\"font-weight: 400;\"> Como gu\u00eda general:<\/span><\/p>\n<ul>\n<li style=\"font-weight: 400;\" aria-level=\"1\"><span style=\"font-weight: 400;\">Dividir la raci\u00f3n en <\/span><b>2 a 3 comidas al d\u00eda<\/b><span style=\"font-weight: 400;\">.<\/span><\/li>\n<\/ul>\n","protected":false},"excerpt":{"rendered":"<p>Alimento seco Super Premium para perro adulto raza peque\u00f1a con sabor a<strong> pollo y arroz.<\/strong><\/p>\n<p>6.6 Libras<\/p>\n","protected":false},"featured_media":693,"template":"","meta":[],"product_brand":[52],"product_cat":[46,47],"product_tag":[],"class_list":{"0":"post-690","1":"product","2":"type-product","3":"status-publish","4":"has-post-thumbnail","6":"product_brand-summit-10","7":"product_cat-comida","8":"product_cat-comida-para-perros","10":"first","11":"instock","12":"shipping-taxable","13":"purchasable","14":"product-type-simple"},"_links":{"self":[{"href":"https:\/\/yobipet.elesteam.com\/index.php\/wp-json\/wp\/v2\/product\/690","targetHints":{"allow":["GET"]}}],"collection":[{"href":"https:\/\/yobipet.elesteam.com\/index.php\/wp-json\/wp\/v2\/product"}],"about":[{"href":"https:\/\/yobipet.elesteam.com\/index.php\/wp-json\/wp\/v2\/types\/product"}],"wp:featuredmedia":[{"embeddable":true,"href":"https:\/\/yobipet.elesteam.com\/index.php\/wp-json\/wp\/v2\/media\/693"}],"wp:attachment":[{"href":"https:\/\/yobipet.elesteam.com\/index.php\/wp-json\/wp\/v2\/media?parent=690"}],"wp:term":[{"taxonomy":"product_brand","embeddable":true,"href":"https:\/\/yobipet.elesteam.com\/index.php\/wp-json\/wp\/v2\/product_brand?post=690"},{"taxonomy":"product_cat","embeddable":true,"href":"https:\/\/yobipet.elesteam.com\/index.php\/wp-json\/wp\/v2\/product_cat?post=690"},{"taxonomy":"product_tag","embeddable":true,"href":"https:\/\/yobipet.elesteam.com\/index.php\/wp-json\/wp\/v2\/product_tag?post=690"}],"curies":[{"name":"wp","href":"https:\/\/api.w.org\/{rel}","templated":true}]}}