{"id":707,"date":"2025-10-13T23:21:34","date_gmt":"2025-10-13T23:21:34","guid":{"rendered":"https:\/\/yobipet.elesteam.com\/?post_type=product&#038;p=707"},"modified":"2025-10-13T23:23:03","modified_gmt":"2025-10-13T23:23:03","slug":"concentrado-monello-para-gatito-salmon-y-pollo-10-1-kg","status":"publish","type":"product","link":"https:\/\/yobipet.elesteam.com\/index.php\/producto\/concentrado-monello-para-gatito-salmon-y-pollo-10-1-kg\/","title":{"rendered":"Concentrado Monello para Gatito Salm\u00f3n y pollo.  10.1 Kg"},"content":{"rendered":"<p><b>\u00bfQU\u00c9 ES?<\/b><\/p>\n<p><span style=\"font-weight: 400;\">Monello Cat Gatitos es un alimento seco completo para gatitos en crecimiento (tambi\u00e9n apto para madres gestantes o lactantes) que combina sabores de salm\u00f3n, pollo (y posible presencia de at\u00fan en la l\u00ednea) con el fin de entregar todos los nutrientes esenciales que los gatos j\u00f3venes necesitan para desarrollarse de forma saludable.\u00a0<\/span><\/p>\n<p><b>BENEFICIOS<\/b><span style=\"font-weight: 400;\">\u00a0<\/span><\/p>\n<ul>\n<li style=\"font-weight: 400;\" aria-level=\"1\"><span style=\"font-weight: 400;\">\u00a0<\/span><span style=\"font-weight: 400;\">Su f\u00f3rmula est\u00e1 dise\u00f1ada para una <\/span><b>alta digestibilidad<\/b><span style=\"font-weight: 400;\">, lo que favorece que el gatito aproveche mejor los nutrientes.<\/span><\/li>\n<li style=\"font-weight: 400;\" aria-level=\"1\"><span style=\"font-weight: 400;\">Incluye <\/span><b>taurina<\/b><span style=\"font-weight: 400;\">, esencial para el buen funcionamiento del coraz\u00f3n y la visi\u00f3n en gatos.<\/span><\/li>\n<li style=\"font-weight: 400;\" aria-level=\"1\"><span style=\"font-weight: 400;\">\u00a0<\/span><span style=\"font-weight: 400;\">Libre de colorantes y aromatizantes artificiales, lo que reduce el riesgo de reacciones adversas a esos aditivos.<\/span><\/li>\n<li style=\"font-weight: 400;\" aria-level=\"1\"><span style=\"font-weight: 400;\">\u00a0<\/span><span style=\"font-weight: 400;\">Adem\u00e1s, incorpora componentes que ayudan a controlar la formaci\u00f3n de cristales o c\u00e1lculos urinarios, cuidando el sistema urinario del gato.<\/span><\/li>\n<li style=\"font-weight: 400;\" aria-level=\"1\"><span style=\"font-weight: 400;\">Proporciona una nutrici\u00f3n equilibrada en prote\u00ednas, grasas, vitaminas y minerales para sustentar el crecimiento saludable.<\/span><\/li>\n<\/ul>\n<p><b>INGREDIENTES<\/b><\/p>\n<p><span style=\"font-weight: 400;\">Harina de salm\u00f3n, aceite de salm\u00f3n, levadura de cerveza, taurina, MOS, extracto de yucca schidigera<\/span><\/p>\n<p style=\"text-align: center;\"><b>AN\u00c1LISIS GARANTIZADO<\/b><\/p>\n<p style=\"text-align: center;\"><span style=\"font-weight: 400;\">Prote\u00edna Cruda (m\u00edn.) \u00a0 \u00a0 <\/span> <span style=\"font-weight: 400;\">330g\/kg (33%)<\/span><\/p>\n<p style=\"text-align: center;\"><span style=\"font-weight: 400;\">L\u00edpidos (m\u00edn.) 120g\/kg (12%)<\/span><\/p>\n<p style=\"text-align: center;\"><span style=\"font-weight: 400;\">Fibras (m\u00e1x.)\u00a0 35g\/kg (3,5%)<\/span><\/p>\n<p style=\"text-align: center;\"><span style=\"font-weight: 400;\">Materia Mineral (m\u00e1x.) \u00a0 \u00a0 \u00a0 <\/span> <span style=\"font-weight: 400;\">75g\/kg (7.5%)<\/span><\/p>\n<p style=\"text-align: center;\"><span style=\"font-weight: 400;\">Calcio (m\u00edn. \/ m\u00e1x.)\u00a0 10g\/kg \u2013 16g\/kg (1,0 \u2013 1,6%)<\/span><\/p>\n<p style=\"text-align: center;\"><span style=\"font-weight: 400;\">F\u00f3sforo (m\u00edn. \/ m\u00e1x.) 8000mg\/kg \u2013 16g\/kg (0.8 \u2013 1.6%<\/span><\/p>\n<p style=\"text-align: center;\"><span style=\"font-weight: 400;\">Potasio (m\u00edn.) \u00a0 \u00a0 \u00a0 \u00a0 \u00a0 <\/span> <span style=\"font-weight: 400;\">6000mg\/kg (0.6%)<\/span><\/p>\n<p style=\"text-align: center;\"><span style=\"font-weight: 400;\">Sodio (m\u00edn.)<\/span> <span style=\"font-weight: 400;\">2000mg\/kg (0.2%)<\/span><\/p>\n<p style=\"text-align: center;\"><span style=\"font-weight: 400;\">Omega 3 (m\u00edn.) \u00a0 \u00a0 \u00a0 <\/span> <span style=\"font-weight: 400;\">3000mg\/kg (0.3%)<\/span><\/p>\n<p style=\"text-align: center;\"><span style=\"font-weight: 400;\">Omega 6 (m\u00edn.) \u00a0 \u00a0 \u00a0 <\/span> <span style=\"font-weight: 400;\">25g\/kg (2,5%)<\/span><\/p>\n<p style=\"text-align: center;\"><span style=\"font-weight: 400;\">Taurina (m\u00edn.) 1000 mg\/kg<\/span><\/p>\n<p style=\"text-align: center;\"><span style=\"font-weight: 400;\">Saponina (m\u00edn.)\u00a0 \u00a0 \u00a0 <\/span> <span style=\"font-weight: 400;\">10mg\/kg<\/span><\/p>\n<p style=\"text-align: center;\"><span style=\"font-weight: 400;\">Vitamina E (m\u00edn.)\u00a0 \u00a0 <\/span> <span style=\"font-weight: 400;\">200UI\/kg<\/span><\/p>\n<p style=\"text-align: center;\"><span style=\"font-weight: 400;\">Vitamina C (m\u00edn.) \u00a0 <\/span> <span style=\"font-weight: 400;\">100mg\/kg<\/span><\/p>\n<p style=\"text-align: center;\"><span style=\"font-weight: 400;\">Zinc (m\u00edn.) \u00a0 <\/span> <span style=\"font-weight: 400;\">120mg\/kg<\/span><\/p>\n<p style=\"text-align: center;\"><span style=\"font-weight: 400;\">Selenio (m\u00edn.) \u00a0 \u00a0 \u00a0 \u00a0 \u00a0 <\/span> <span style=\"font-weight: 400;\">0.3mg\/kg<\/span><\/p>\n<p style=\"text-align: center;\"><span style=\"font-weight: 400;\">Humedad (m\u00e1x.)\u00a0 \u00a0 <\/span> <span style=\"font-weight: 400;\">100g\/kg (10%)\u00a0<\/span><\/p>\n<p><b>DOSIS \/ APLICACI\u00d3N<\/b><span style=\"font-weight: 400;\">\u00a0<\/span><\/p>\n<p><span style=\"font-weight: 400;\">Ver el empaque del producto, donde normalmente aparece una tabla con gramos diarios.<\/span><\/p>\n<ul>\n<li style=\"font-weight: 400;\" aria-level=\"1\"><span style=\"font-weight: 400;\">Ofrecer el alimento seco dividido en <\/span><b>varias tomas al d\u00eda<\/b><span style=\"font-weight: 400;\"> para cubrir las necesidades metab\u00f3licas del gatito.<\/span><\/li>\n<li style=\"font-weight: 400;\" aria-level=\"1\"><span style=\"font-weight: 400;\">Ajustar la cantidad seg\u00fan el peso del gatito, su actividad y condici\u00f3n corporal.<\/span><\/li>\n<li style=\"font-weight: 400;\" aria-level=\"1\"><span style=\"font-weight: 400;\">En etapas de gestaci\u00f3n o lactancia, la madre puede tener raciones mayores, pues sus requerimientos aumentan.<\/span><\/li>\n<\/ul>\n","protected":false},"excerpt":{"rendered":"<p>Alimento seco para <span style=\"font-weight: 400;\">gatitos en crecimiento, tambi\u00e9n apto para madres gestantes o lactantes, sabor a <strong>salmon y pollo.<\/strong><\/span><\/p>\n<p>22.26 Libras<\/p>\n","protected":false},"featured_media":701,"template":"","meta":[],"product_brand":[53],"product_cat":[46,48],"product_tag":[],"class_list":{"0":"post-707","1":"product","2":"type-product","3":"status-publish","4":"has-post-thumbnail","6":"product_brand-monello","7":"product_cat-comida","8":"product_cat-comida-para-gatos","10":"first","11":"instock","12":"shipping-taxable","13":"purchasable","14":"product-type-simple"},"_links":{"self":[{"href":"https:\/\/yobipet.elesteam.com\/index.php\/wp-json\/wp\/v2\/product\/707","targetHints":{"allow":["GET"]}}],"collection":[{"href":"https:\/\/yobipet.elesteam.com\/index.php\/wp-json\/wp\/v2\/product"}],"about":[{"href":"https:\/\/yobipet.elesteam.com\/index.php\/wp-json\/wp\/v2\/types\/product"}],"wp:featuredmedia":[{"embeddable":true,"href":"https:\/\/yobipet.elesteam.com\/index.php\/wp-json\/wp\/v2\/media\/701"}],"wp:attachment":[{"href":"https:\/\/yobipet.elesteam.com\/index.php\/wp-json\/wp\/v2\/media?parent=707"}],"wp:term":[{"taxonomy":"product_brand","embeddable":true,"href":"https:\/\/yobipet.elesteam.com\/index.php\/wp-json\/wp\/v2\/product_brand?post=707"},{"taxonomy":"product_cat","embeddable":true,"href":"https:\/\/yobipet.elesteam.com\/index.php\/wp-json\/wp\/v2\/product_cat?post=707"},{"taxonomy":"product_tag","embeddable":true,"href":"https:\/\/yobipet.elesteam.com\/index.php\/wp-json\/wp\/v2\/product_tag?post=707"}],"curies":[{"name":"wp","href":"https:\/\/api.w.org\/{rel}","templated":true}]}}