{"id":709,"date":"2025-10-13T23:26:18","date_gmt":"2025-10-13T23:26:18","guid":{"rendered":"https:\/\/yobipet.elesteam.com\/?post_type=product&#038;p=709"},"modified":"2025-10-13T23:28:04","modified_gmt":"2025-10-13T23:28:04","slug":"concentrado-monello-para-gato-adulto-castrado-pavo-y-salmon-10-1-kg","status":"publish","type":"product","link":"https:\/\/yobipet.elesteam.com\/index.php\/producto\/concentrado-monello-para-gato-adulto-castrado-pavo-y-salmon-10-1-kg\/","title":{"rendered":"Concentrado Monello para Gato Adulto Castrado Pavo y Salm\u00f3n. 10.1 Kg"},"content":{"rendered":"<p><b>\u00bfQU\u00c9 ES?<\/b><\/p>\n<p><span style=\"font-weight: 400;\">Es un alimento seco formulado especialmente para gatos adultos que han sido castrados o esterilizados. Est\u00e1 dise\u00f1ado para ajustarse a los cambios metab\u00f3licos que ocurren luego de la castraci\u00f3n, reduciendo el riesgo de ganancia de peso y ayudando a mantener una condici\u00f3n corporal saludable.<\/span><\/p>\n<p><b>BENEFICIOS<\/b><\/p>\n<ul>\n<li style=\"font-weight: 400;\" aria-level=\"1\"><span style=\"font-weight: 400;\">Ayuda a controlar el peso, adaptando el aporte cal\u00f3rico a gatos con menor gasto energ\u00e9tico luego de la castraci\u00f3n.<\/span><\/li>\n<li style=\"font-weight: 400;\" aria-level=\"1\"><span style=\"font-weight: 400;\">Contiene L-carnitina, que favorece el metabolismo de las grasas.<\/span><\/li>\n<li style=\"font-weight: 400;\" aria-level=\"1\"><span style=\"font-weight: 400;\">Incluye taurina, esencial para el buen funcionamiento del coraz\u00f3n, visi\u00f3n y sistema urinario.<\/span><\/li>\n<li style=\"font-weight: 400;\" aria-level=\"1\"><span style=\"font-weight: 400;\">Utiliza ingredientes que mejoran la digesti\u00f3n y promueven la salud urinaria, con ingredientes funcionales seleccionados.<\/span><\/li>\n<li style=\"font-weight: 400;\" aria-level=\"1\"><span style=\"font-weight: 400;\">No contiene colorantes ni saborizantes artificiales, lo cual reduce riesgos de reacciones adversas.<\/span><\/li>\n<\/ul>\n<p><b>INGREDIENTES<\/b><\/p>\n<p><span style=\"font-weight: 400;\">Harina de salm\u00f3n, aceie de salm\u00f3n, harina de pavo, L-carnitina, pulpa de remolacha, hexametafosfato de sodio, levadura de cerveza, taurina, extracto de yucca schidigera.<\/span><\/p>\n<p style=\"text-align: center;\"><b>AN\u00c1LISIS GARANTIZADO<\/b><\/p>\n<p style=\"text-align: center;\"><span style=\"font-weight: 400;\">Prote\u00edna Cruda (m\u00edn.) \u00a0 \u00a0 \u00a0 \u00a0 <\/span> <span style=\"font-weight: 400;\">360g\/kg (36%)<\/span><\/p>\n<p style=\"text-align: center;\"><span style=\"font-weight: 400;\">L\u00edpidos (m\u00edn.) 90g\/kg (9%)<\/span><\/p>\n<p style=\"text-align: center;\"><span style=\"font-weight: 400;\">Fibra (m\u00e1x.)<\/span> <span style=\"font-weight: 400;\">45g\/kg (4,5%)<\/span><\/p>\n<p style=\"text-align: center;\"><span style=\"font-weight: 400;\">Materia Mineral (m\u00e1x.) \u00a0 \u00a0 \u00a0 <\/span> <span style=\"font-weight: 400;\">75g\/kg (7,5%)<\/span><\/p>\n<p style=\"text-align: center;\"><span style=\"font-weight: 400;\">Calcio (m\u00edn.\/m\u00e1x.) <\/span> <span style=\"font-weight: 400;\">10mg\/kg \u2013 15g\/kg (1,0 \u2013 1,5%)<\/span><\/p>\n<p style=\"text-align: center;\"><span style=\"font-weight: 400;\">F\u00f3sforo (m\u00edn. \/ m\u00e1x.) 8000mg\/kg \u2013 16g\/kg (0,8 \u2013 1,6%)<\/span><\/p>\n<p style=\"text-align: center;\"><span style=\"font-weight: 400;\">Potasio (m\u00edn.) \u00a0 \u00a0 \u00a0 \u00a0 \u00a0 <\/span> <span style=\"font-weight: 400;\">6000mg\/kg (0,6%)<\/span><\/p>\n<p style=\"text-align: center;\"><span style=\"font-weight: 400;\">Sodio (m\u00edn.)<\/span> <span style=\"font-weight: 400;\">2500mg\/kg (0,25%)<\/span><\/p>\n<p style=\"text-align: center;\"><span style=\"font-weight: 400;\">Omega 3 (m\u00edn.) \u00a0 \u00a0 \u00a0 <\/span> <span style=\"font-weight: 400;\">2000mg\/kg (0,2%)<\/span><\/p>\n<p style=\"text-align: center;\"><span style=\"font-weight: 400;\">Omega 6 (m\u00edn.) \u00a0 \u00a0 \u00a0 <\/span> <span style=\"font-weight: 400;\">20g\/kg (0,2%)<\/span><\/p>\n<p style=\"text-align: center;\"><span style=\"font-weight: 400;\">L-carnitina (m\u00edn.) \u00a0 <\/span> <span style=\"font-weight: 400;\">200mg\/kg<\/span><\/p>\n<p style=\"text-align: center;\"><span style=\"font-weight: 400;\">Taurina (m\u00edn.) 1000 mg\/kg<\/span><\/p>\n<p style=\"text-align: center;\"><span style=\"font-weight: 400;\">Saponina (m\u00edn.)\u00a0 \u00a0 \u00a0 <\/span> <span style=\"font-weight: 400;\">10mg\/kg<\/span><\/p>\n<p style=\"text-align: center;\"><span style=\"font-weight: 400;\">Vitamina E (m\u00edn.)\u00a0 \u00a0 <\/span> <span style=\"font-weight: 400;\">200UI\/kg<\/span><\/p>\n<p style=\"text-align: center;\"><span style=\"font-weight: 400;\">Vitamina C (m\u00edn.) \u00a0 <\/span> <span style=\"font-weight: 400;\">100mg\/kg<\/span><\/p>\n<p style=\"text-align: center;\"><span style=\"font-weight: 400;\">Zinc (m\u00edn.) \u00a0 <\/span> <span style=\"font-weight: 400;\">120mg\/kg<\/span><\/p>\n<p style=\"text-align: center;\"><span style=\"font-weight: 400;\">Selenio (m\u00edn.) \u00a0 \u00a0 \u00a0 \u00a0 \u00a0 <\/span> <span style=\"font-weight: 400;\">0,3mg\/k<\/span><\/p>\n<p style=\"text-align: center;\"><span style=\"font-weight: 400;\">Humedad (m\u00e1x.)\u00a0 \u00a0 <\/span> <span style=\"font-weight: 400;\">100g\/kg (10%)<\/span><\/p>\n<p><b>DOSIS \/APLICACI\u00d3N\u00a0<\/b><\/p>\n<p><span style=\"font-weight: 400;\">Ver el empaque del producto, donde normalmente aparece una tabla con gramos diarios.<\/span><\/p>\n<ul>\n<li style=\"font-weight: 400;\" aria-level=\"1\"><span style=\"font-weight: 400;\">Ofrecer el alimento seco en 2 comidas al d\u00eda para facilitar su digesti\u00f3n y control.<\/span>&nbsp;<\/li>\n<li style=\"font-weight: 400;\" aria-level=\"1\"><span style=\"font-weight: 400;\">Ajustar la raci\u00f3n teniendo en cuenta el peso corporal, actividad f\u00edsica, condici\u00f3n del gato.<\/span><\/li>\n<\/ul>\n","protected":false},"excerpt":{"rendered":"<p>Alimento seco para gato adulto castrado , <strong>sabor a pavo y salm\u00f3n.<\/strong><\/p>\n<p>22.26 Libras<\/p>\n","protected":false},"featured_media":703,"template":"","meta":[],"product_brand":[53],"product_cat":[46,48],"product_tag":[],"class_list":{"0":"post-709","1":"product","2":"type-product","3":"status-publish","4":"has-post-thumbnail","6":"product_brand-monello","7":"product_cat-comida","8":"product_cat-comida-para-gatos","10":"first","11":"instock","12":"shipping-taxable","13":"purchasable","14":"product-type-simple"},"_links":{"self":[{"href":"https:\/\/yobipet.elesteam.com\/index.php\/wp-json\/wp\/v2\/product\/709","targetHints":{"allow":["GET"]}}],"collection":[{"href":"https:\/\/yobipet.elesteam.com\/index.php\/wp-json\/wp\/v2\/product"}],"about":[{"href":"https:\/\/yobipet.elesteam.com\/index.php\/wp-json\/wp\/v2\/types\/product"}],"wp:featuredmedia":[{"embeddable":true,"href":"https:\/\/yobipet.elesteam.com\/index.php\/wp-json\/wp\/v2\/media\/703"}],"wp:attachment":[{"href":"https:\/\/yobipet.elesteam.com\/index.php\/wp-json\/wp\/v2\/media?parent=709"}],"wp:term":[{"taxonomy":"product_brand","embeddable":true,"href":"https:\/\/yobipet.elesteam.com\/index.php\/wp-json\/wp\/v2\/product_brand?post=709"},{"taxonomy":"product_cat","embeddable":true,"href":"https:\/\/yobipet.elesteam.com\/index.php\/wp-json\/wp\/v2\/product_cat?post=709"},{"taxonomy":"product_tag","embeddable":true,"href":"https:\/\/yobipet.elesteam.com\/index.php\/wp-json\/wp\/v2\/product_tag?post=709"}],"curies":[{"name":"wp","href":"https:\/\/api.w.org\/{rel}","templated":true}]}}