{"id":712,"date":"2025-10-14T03:41:18","date_gmt":"2025-10-14T03:41:18","guid":{"rendered":"https:\/\/yobipet.elesteam.com\/?post_type=product&#038;p=712"},"modified":"2025-10-14T03:49:39","modified_gmt":"2025-10-14T03:49:39","slug":"concentrado-monello-para-cachorro-pollo-7-kg","status":"publish","type":"product","link":"https:\/\/yobipet.elesteam.com\/index.php\/producto\/concentrado-monello-para-cachorro-pollo-7-kg\/","title":{"rendered":"Concentrado Monello para Cachorro &#8211; Pollo. 7 Kg"},"content":{"rendered":"<p><b>\u00bfQU\u00c9 ES?<\/b><\/p>\n<p>Monello Cachorros Pollo es un alimento seco formulado para perros cachorros. Est\u00e1 dise\u00f1ado para promover un crecimiento equilibrado y saludable, con ingredientes que favorecen la digesti\u00f3n, la inmunidad y el desarrollo cognitivo.<\/p>\n<p><b>BENEFICIOS<\/b><\/p>\n<ul>\n<li data-start=\"30\" data-end=\"101\">Favorece una digesti\u00f3n saludable y mejor absorci\u00f3n de nutrientes.<\/li>\n<li data-start=\"104\" data-end=\"157\">Fortalece el sistema inmunol\u00f3gico del cachorro.<\/li>\n<li data-start=\"160\" data-end=\"235\">Promueve el desarrollo cerebral y visual gracias al aceite de salm\u00f3n.<\/li>\n<li data-start=\"238\" data-end=\"303\">Aporta energ\u00eda y vitalidad para un crecimiento equilibrado.<\/li>\n<li data-start=\"306\" data-end=\"384\">Su sabor atractivo con nuggets rellenos mejora la aceptaci\u00f3n del alimento.<\/li>\n<\/ul>\n<p><b>AN\u00c1LISIS\u00a0GARANTIZADO<\/b><\/p>\n<table>\n<tbody>\n<tr>\n<td>Prote\u00edna Cruda (m\u00edn.)<\/td>\n<td>300g\/kg (30%)<\/td>\n<\/tr>\n<tr>\n<td>L\u00edpidos (m\u00edn.)<\/td>\n<td>120g\/kg (12%)<\/td>\n<\/tr>\n<tr>\n<td>Fibras (m\u00e1x.)<\/td>\n<td>28g\/kg (2.8%)<\/td>\n<\/tr>\n<tr>\n<td>Materia Mineral (m\u00e1x.)<\/td>\n<td>90g\/kg (9%)<\/td>\n<\/tr>\n<tr>\n<td>Calcio (m\u00edn. \/ m\u00e1x.)<\/td>\n<td>10g\/kg \u2013 18g\/kg (1.0 \u2013 1.8%)<\/td>\n<\/tr>\n<tr>\n<td>F\u00f3sforo (m\u00edn. \/ m\u00e1x.)<\/td>\n<td>8000mg\/kg \u2013 16g\/kg (0.8 \u2013 1.6%)<\/td>\n<\/tr>\n<tr>\n<td>Sodio (m\u00edn.)<\/td>\n<td>2000mg\/kg (0.2%)<\/td>\n<\/tr>\n<tr>\n<td>Omega 3 (m\u00edn.)<\/td>\n<td>4000mg\/kg (0.4%)<\/td>\n<\/tr>\n<tr>\n<td>Omega 6 (m\u00edn.)<\/td>\n<td>25g\/kg (2.5%)<\/td>\n<\/tr>\n<tr>\n<td>Saponina (m\u00edn.)<\/td>\n<td>10mg\/kg<\/td>\n<\/tr>\n<tr>\n<td>Vitamina E (m\u00edn.)<\/td>\n<td>200UI\/kg<\/td>\n<\/tr>\n<tr>\n<td>Vitamina C (m\u00edn.)<\/td>\n<td>100mg\/kg<\/td>\n<\/tr>\n<tr>\n<td>Zinc (m\u00edn.)<\/td>\n<td>130mg\/kg<\/td>\n<\/tr>\n<tr>\n<td>Selenio (m\u00edn.)<\/td>\n<td>0.35mg\/kg<\/td>\n<\/tr>\n<tr>\n<td>Humedad (m\u00e1x.)<\/td>\n<td>100g\/kg (10%)<\/td>\n<\/tr>\n<\/tbody>\n<\/table>\n<p><b>DOSIS \/ APLICACI\u00d3N<\/b><\/p>\n<p><span style=\"font-weight: 400;\">Ver el empaque del producto, donde normalmente aparece una tabla con gramos diarios seg\u00fan el peso de la mascota.<\/span><\/p>\n","protected":false},"excerpt":{"rendered":"<p>Alimento seco para perro cachorro, sabor a <strong>pollo<\/strong>.<\/p>\n<p>15.43\u00a0Libras<\/p>\n","protected":false},"featured_media":711,"template":"","meta":[],"product_brand":[53],"product_cat":[46,47],"product_tag":[],"class_list":{"0":"post-712","1":"product","2":"type-product","3":"status-publish","4":"has-post-thumbnail","6":"product_brand-monello","7":"product_cat-comida","8":"product_cat-comida-para-perros","10":"first","11":"instock","12":"shipping-taxable","13":"purchasable","14":"product-type-simple"},"_links":{"self":[{"href":"https:\/\/yobipet.elesteam.com\/index.php\/wp-json\/wp\/v2\/product\/712","targetHints":{"allow":["GET"]}}],"collection":[{"href":"https:\/\/yobipet.elesteam.com\/index.php\/wp-json\/wp\/v2\/product"}],"about":[{"href":"https:\/\/yobipet.elesteam.com\/index.php\/wp-json\/wp\/v2\/types\/product"}],"wp:featuredmedia":[{"embeddable":true,"href":"https:\/\/yobipet.elesteam.com\/index.php\/wp-json\/wp\/v2\/media\/711"}],"wp:attachment":[{"href":"https:\/\/yobipet.elesteam.com\/index.php\/wp-json\/wp\/v2\/media?parent=712"}],"wp:term":[{"taxonomy":"product_brand","embeddable":true,"href":"https:\/\/yobipet.elesteam.com\/index.php\/wp-json\/wp\/v2\/product_brand?post=712"},{"taxonomy":"product_cat","embeddable":true,"href":"https:\/\/yobipet.elesteam.com\/index.php\/wp-json\/wp\/v2\/product_cat?post=712"},{"taxonomy":"product_tag","embeddable":true,"href":"https:\/\/yobipet.elesteam.com\/index.php\/wp-json\/wp\/v2\/product_tag?post=712"}],"curies":[{"name":"wp","href":"https:\/\/api.w.org\/{rel}","templated":true}]}}