{"id":714,"date":"2025-10-14T04:26:25","date_gmt":"2025-10-14T04:26:25","guid":{"rendered":"https:\/\/yobipet.elesteam.com\/?post_type=product&#038;p=714"},"modified":"2025-10-14T04:26:26","modified_gmt":"2025-10-14T04:26:26","slug":"concentrado-monello-para-cachorro-raza-pequena-1-kg","status":"publish","type":"product","link":"https:\/\/yobipet.elesteam.com\/index.php\/producto\/concentrado-monello-para-cachorro-raza-pequena-1-kg\/","title":{"rendered":"Concentrado Monello para Cachorro Raza Peque\u00f1a. 1 Kg"},"content":{"rendered":"<p><b>\u00bfQU\u00c9 ES?<\/b><\/p>\n<p>Monello Cachorros Razas Peque\u00f1as Pollo, Carne y Huevos. Es un alimento seco tipo concentrado formulado para cachorros de razas peque\u00f1as. Est\u00e1 dise\u00f1ado para apoyar un crecimiento saludable, con part\u00edcula adaptada para facilitar la masticaci\u00f3n en perritos peque\u00f1itos.<\/p>\n<p><b>BENEFICIOS<\/b><\/p>\n<ul>\n<li data-start=\"149\" data-end=\"283\">Promueve un desarrollo f\u00edsico equilibrado con prote\u00ednas de calidad (huevo, pollo y carne).<\/li>\n<li data-start=\"286\" data-end=\"388\">Apoya la maduraci\u00f3n cognitiva gracias al aceite de salm\u00f3n.Mejora la absorci\u00f3n de nutrientes con la ayuda de manano-oligosac\u00e1ridos (MOS)<\/li>\n<li data-start=\"516\" data-end=\"693\">Reduce el olor y el volumen de las heces mediante el extracto de Yucca Schidigera, lo cual ayuda a mantener un entorno m\u00e1s higi\u00e9nico.<\/li>\n<li data-start=\"696\" data-end=\"810\">Favorece las defensas del organismo, contribuyendo al sistema inmunitario.<\/li>\n<li data-start=\"813\" data-end=\"974\">Sabor y part\u00edcula adaptada para cachorros de razas peque\u00f1as, lo que facilita la masticaci\u00f3n y la aceptaci\u00f3n del alimento.<\/li>\n<\/ul>\n<p><b>INGREDIENTES\u00a0\u00a0<\/b><\/p>\n<p>Linaza, aceite de salm\u00f3n, huevos en polvo, MOS, extracto de yucca schidigera<\/p>\n<p><strong>AN\u00c1LISIS GARANTIZADO<\/strong><\/p>\n<table>\n<tbody>\n<tr>\n<td width=\"141\">Prote\u00edna cruda<\/td>\n<td width=\"141\">~ 30 %<\/td>\n<\/tr>\n<tr>\n<td width=\"141\">Grasa cruda<\/td>\n<td width=\"141\">~ 12 %<\/td>\n<\/tr>\n<tr>\n<td width=\"141\">Fibra cruda<\/td>\n<td width=\"141\">~ 2.8 %<\/td>\n<\/tr>\n<tr>\n<td width=\"141\">Materia mineral<\/td>\n<td width=\"141\">~ 9 %<\/td>\n<\/tr>\n<tr>\n<td width=\"141\">Calcio<\/td>\n<td width=\"141\">1.0 \u2013 1.8 %<\/td>\n<\/tr>\n<tr>\n<td width=\"141\">F\u00f3sforo<\/td>\n<td width=\"141\">0.8 \u2013 1.6 %<\/td>\n<\/tr>\n<tr>\n<td width=\"141\">Omega-3<\/td>\n<td width=\"141\">\u2265 0.4 %<\/td>\n<\/tr>\n<tr>\n<td width=\"141\">Omega-6<\/td>\n<td width=\"141\">~ 2.5 %<\/td>\n<\/tr>\n<\/tbody>\n<\/table>\n<p><b>DOSIS \/ APLICACI\u00d3N<\/b><\/p>\n<ul>\n<li data-start=\"2674\" data-end=\"2820\"><span style=\"font-weight: 400;\">Ver el empaque del producto, donde normalmente aparece una tabla con gramos diarios seg\u00fan el peso de la mascota<\/span><\/li>\n<li data-start=\"2674\" data-end=\"2820\">\n<p data-start=\"2676\" data-end=\"2820\">Se aconseja usar la part\u00edcula adaptada y dar varias comidas al d\u00eda, al menos 2-3 veces para cachorros.<\/p>\n<\/li>\n<li data-start=\"2821\" data-end=\"3004\">\n<p data-start=\"2823\" data-end=\"3004\">Ajustar la cantidad diaria seg\u00fan peso, actividad y estado del cachorro (m\u00e1s o menos actividad, si tiende a engordar o est\u00e1 delgado). (esto es est\u00e1ndar para alimentos de cachorro).<\/p>\n<\/li>\n<\/ul>\n","protected":false},"excerpt":{"rendered":"<p>Alimento seco para perro cachorro raza peque\u00f1a, sabor a <strong>pollo, carne y huevo<\/strong>.<\/p>\n<p>2.2 Libras.<\/p>\n","protected":false},"featured_media":715,"template":"","meta":[],"product_brand":[53],"product_cat":[46,47],"product_tag":[],"class_list":{"0":"post-714","1":"product","2":"type-product","3":"status-publish","4":"has-post-thumbnail","6":"product_brand-monello","7":"product_cat-comida","8":"product_cat-comida-para-perros","10":"first","11":"instock","12":"shipping-taxable","13":"purchasable","14":"product-type-simple"},"_links":{"self":[{"href":"https:\/\/yobipet.elesteam.com\/index.php\/wp-json\/wp\/v2\/product\/714","targetHints":{"allow":["GET"]}}],"collection":[{"href":"https:\/\/yobipet.elesteam.com\/index.php\/wp-json\/wp\/v2\/product"}],"about":[{"href":"https:\/\/yobipet.elesteam.com\/index.php\/wp-json\/wp\/v2\/types\/product"}],"wp:featuredmedia":[{"embeddable":true,"href":"https:\/\/yobipet.elesteam.com\/index.php\/wp-json\/wp\/v2\/media\/715"}],"wp:attachment":[{"href":"https:\/\/yobipet.elesteam.com\/index.php\/wp-json\/wp\/v2\/media?parent=714"}],"wp:term":[{"taxonomy":"product_brand","embeddable":true,"href":"https:\/\/yobipet.elesteam.com\/index.php\/wp-json\/wp\/v2\/product_brand?post=714"},{"taxonomy":"product_cat","embeddable":true,"href":"https:\/\/yobipet.elesteam.com\/index.php\/wp-json\/wp\/v2\/product_cat?post=714"},{"taxonomy":"product_tag","embeddable":true,"href":"https:\/\/yobipet.elesteam.com\/index.php\/wp-json\/wp\/v2\/product_tag?post=714"}],"curies":[{"name":"wp","href":"https:\/\/api.w.org\/{rel}","templated":true}]}}