{"id":721,"date":"2025-10-14T04:55:54","date_gmt":"2025-10-14T04:55:54","guid":{"rendered":"https:\/\/yobipet.elesteam.com\/?post_type=product&#038;p=721"},"modified":"2025-10-14T04:57:12","modified_gmt":"2025-10-14T04:57:12","slug":"concentrado-monello-para-perro-adulto-raza-pequena-15-kg","status":"publish","type":"product","link":"https:\/\/yobipet.elesteam.com\/index.php\/producto\/concentrado-monello-para-perro-adulto-raza-pequena-15-kg\/","title":{"rendered":"Concentrado Monello para Perro Adulto Raza Peque\u00f1a. 15 Kg"},"content":{"rendered":"<p><b>\u00bfQU\u00c9 ES?<\/b><\/p>\n<p>Monello Dog Razas Peque\u00f1as es un alimento seco premium especial para perros adultos de razas peque\u00f1as. Se formula para cubrir las necesidades espec\u00edficas de estos perros, con ingredientes que promueven vitalidad, buen estado de la piel y pelo, y una digesti\u00f3n eficiente.<\/p>\n<p><b>BENEFICIOS<\/b><\/p>\n<ul>\n<li data-start=\"130\" data-end=\"294\">Mejora la salud de la piel y el pelaje, mediante linaza, aceite de oliva y aceite de girasol, que aportan antioxidantes.<\/li>\n<li data-start=\"297\" data-end=\"442\">Favorece la digesti\u00f3n y la absorci\u00f3n de nutrientes gracias al prebi\u00f3tico MOS (manano-oligosac\u00e1ridos).<\/li>\n<li data-start=\"297\" data-end=\"442\"><span class=\"\" data-state=\"closed\"><span class=\"ms-1 inline-flex max-w-full items-center relative top-[-0.094rem] animate-[show_150ms_ease-in]\" data-testid=\"webpage-citation-pill\"><a class=\"flex h-4.5 overflow-hidden rounded-xl px-2 text-[9px] font-medium transition-colors duration-150 ease-in-out text-token-text-secondary! bg-[#F4F4F4]! dark:bg-[#303030]!\" href=\"https:\/\/www.monellocolombia.com\/monello-dog-razas-pequenas\/?utm_source=chatgpt.com\" target=\"_blank\" rel=\"noopener\"><span class=\"relative start-0 bottom-0 flex h-full w-full items-center\"><span class=\"flex h-4 w-full items-center justify-between\"><span class=\"max-w-[15ch] grow truncate overflow-hidden text-center\">\u00a0<\/span><\/span><\/span><\/a><\/span><\/span>Reduce el olor y volumen de las heces mediante el extracto de Yucca Schidigera, lo que ayuda a mantener un ambiente m\u00e1s higi\u00e9nico.<\/li>\n<li data-start=\"618\" data-end=\"762\">Aumenta la palatabilidad con nuggets rellenos que lo hacen m\u00e1s apetecible para perros de razas peque\u00f1as.Es un alimento premium especial, formulado para perros adultos de razas peque\u00f1as, por lo que sus componentes est\u00e1n adaptados a sus necesidades espec\u00edficas.<\/li>\n<\/ul>\n<p><b>INGREDIENTES\u00a0\u00a0<\/b><\/p>\n<p>Linaza, MOS, extracto de yucca schidigera, hexametafosfato de sodio, aceite de oliva, aceite de girasol.<\/p>\n<p><b>AN\u00c1LISIS<\/b><strong>\u00a0GARANTIZADO<\/strong><\/p>\n<table>\n<tbody>\n<tr>\n<td>Prote\u00edna Cruda (m\u00edn.)<\/td>\n<td>240g\/kg (24%)<\/td>\n<\/tr>\n<tr>\n<td>L\u00edpidos (m\u00edn.)<\/td>\n<td>120g\/kg (12%)<\/td>\n<\/tr>\n<tr>\n<td>Fibras (m\u00e1x.)<\/td>\n<td>30g\/kg (3%)<\/td>\n<\/tr>\n<tr>\n<td>Materia Mineral (m\u00e1x.)<\/td>\n<td>90g\/kg (9%)<\/td>\n<\/tr>\n<tr>\n<td>Calcio (m\u00edn. \/ m\u00e1x.)<\/td>\n<td>10g\/kg \u2013 22g\/kg (1,0 \u2013 2,2%)<\/td>\n<\/tr>\n<tr>\n<td>F\u00f3sforo (m\u00edn. \/ m\u00e1x.)<\/td>\n<td>8000mg\/kg \u2013 16g\/kg (0,8 \u2013 1,6%)<\/td>\n<\/tr>\n<tr>\n<td>Sodio (m\u00edn.)<\/td>\n<td>2000mg\/kg (0,2%)<\/td>\n<\/tr>\n<tr>\n<td>Omega 3 (m\u00edn.)<\/td>\n<td>3000mg\/kg (0,3%)<\/td>\n<\/tr>\n<tr>\n<td>Omega 6 (m\u00edn.)<\/td>\n<td>30g\/kg (3%)<\/td>\n<\/tr>\n<tr>\n<td>Saponina (m\u00edn.)<\/td>\n<td>10mg\/kg<\/td>\n<\/tr>\n<tr>\n<td>Vitamina E (m\u00edn.)<\/td>\n<td>200UI\/kg<\/td>\n<\/tr>\n<tr>\n<td>Vitamina C (m\u00edn.)<\/td>\n<td>100mg\/kg<\/td>\n<\/tr>\n<tr>\n<td>Zinc (m\u00edn.)<\/td>\n<td>130mg\/kg<\/td>\n<\/tr>\n<tr>\n<td>Selenio (m\u00edn.)<\/td>\n<td>0,35mg\/kg<\/td>\n<\/tr>\n<tr>\n<td>Humedad (m\u00e1x.)<\/td>\n<td>100g\/kg (10%)<\/td>\n<\/tr>\n<\/tbody>\n<\/table>\n<p><b>DOSIS \/ APLICACI\u00d3N<\/b><\/p>\n<ul>\n<li>1 a 3 kg: 30-70 g diarios<\/li>\n<li data-start=\"2895\" data-end=\"2915\">3 a 5 kg: 70-100 g<\/li>\n<li data-start=\"2918\" data-end=\"2939\">5 a 8 kg: 100-140 g<\/li>\n<li data-start=\"2942\" data-end=\"2964\">8 a 10 kg: 140-170 g<\/li>\n<li data-start=\"2967\" data-end=\"3032\">10 a 12 kg: 170-190 g<\/li>\n<\/ul>\n<p><span style=\"font-weight: 400;\">Gramos diarios seg\u00fan el peso de la mascota.<\/span><\/p>\n","protected":false},"excerpt":{"rendered":"<p>Alimento seco para perro adulto raza peque\u00f1a, sabor a <strong>pollo.\u00a0<\/strong><\/p>\n<p>33 Libras<\/p>\n","protected":false},"featured_media":718,"template":"","meta":[],"product_brand":[53],"product_cat":[46,47],"product_tag":[],"class_list":{"0":"post-721","1":"product","2":"type-product","3":"status-publish","4":"has-post-thumbnail","6":"product_brand-monello","7":"product_cat-comida","8":"product_cat-comida-para-perros","10":"first","11":"instock","12":"shipping-taxable","13":"purchasable","14":"product-type-simple"},"_links":{"self":[{"href":"https:\/\/yobipet.elesteam.com\/index.php\/wp-json\/wp\/v2\/product\/721","targetHints":{"allow":["GET"]}}],"collection":[{"href":"https:\/\/yobipet.elesteam.com\/index.php\/wp-json\/wp\/v2\/product"}],"about":[{"href":"https:\/\/yobipet.elesteam.com\/index.php\/wp-json\/wp\/v2\/types\/product"}],"wp:featuredmedia":[{"embeddable":true,"href":"https:\/\/yobipet.elesteam.com\/index.php\/wp-json\/wp\/v2\/media\/718"}],"wp:attachment":[{"href":"https:\/\/yobipet.elesteam.com\/index.php\/wp-json\/wp\/v2\/media?parent=721"}],"wp:term":[{"taxonomy":"product_brand","embeddable":true,"href":"https:\/\/yobipet.elesteam.com\/index.php\/wp-json\/wp\/v2\/product_brand?post=721"},{"taxonomy":"product_cat","embeddable":true,"href":"https:\/\/yobipet.elesteam.com\/index.php\/wp-json\/wp\/v2\/product_cat?post=721"},{"taxonomy":"product_tag","embeddable":true,"href":"https:\/\/yobipet.elesteam.com\/index.php\/wp-json\/wp\/v2\/product_tag?post=721"}],"curies":[{"name":"wp","href":"https:\/\/api.w.org\/{rel}","templated":true}]}}