{"id":722,"date":"2025-10-15T18:38:59","date_gmt":"2025-10-15T18:38:59","guid":{"rendered":"https:\/\/yobipet.elesteam.com\/?post_type=product&#038;p=722"},"modified":"2025-11-08T01:49:15","modified_gmt":"2025-11-08T01:49:15","slug":"concentrado-monello-para-perro-adulto-tradicional-1-kg","status":"publish","type":"product","link":"https:\/\/yobipet.elesteam.com\/index.php\/producto\/concentrado-monello-para-perro-adulto-tradicional-1-kg\/","title":{"rendered":"Concentrado Monello para Perro Adulto Tradicional. 1 Kg"},"content":{"rendered":"<p><b>\u00bfQU\u00c9 ES?<\/b><\/p>\n<p>Monello Tradicional Adulto es un alimento seco premium para perros adultos de todas las razas. Su formulaci\u00f3n combina prote\u00ednas de origen animal y vegetal, vitaminas, minerales y aceites con omegas para apoyar la salud general del perro. Est\u00e1 pensado para ser un alimento completo que cubra las necesidades nutricionales cotidianas de los perros adultos.<\/p>\n<p><b>BENEFICIOS<\/b><\/p>\n<ul>\n<li>Favorece la digesti\u00f3n y la absorci\u00f3n de nutrientes gracias a prebi\u00f3ticos naturales (MOS).<br \/>\nReduce el olor y volumen de las heces con extracto de Yucca Schidigera.<br \/>\nPromueve una piel sana y pelaje brillante por su contenido de omegas 3 y 6, vitaminas E y C.<br \/>\nContribuye a la salud bucal, ayudando a prevenir sarro y mal aliento.<br \/>\nProporciona alta energ\u00eda y vitalidad con prote\u00ednas y grasas de calidad.<br \/>\nF\u00f3rmula altamente digestible y balanceada, ideal para perros adultos de todas las razas.<\/li>\n<\/ul>\n<p><b>INGREDIENTES\u00a0\u00a0<\/b><\/p>\n<p>Linaza, levadura de cerveza, extracto de yucca schidigera, hexametafosfato de sodio.<\/p>\n<p><b>AN\u00c1LISIS\u00a0<\/b><b>GARANTIZADO<\/b><\/p>\n<p style=\"text-align: center;\">Prote\u00edna Cruda (m\u00edn.) &#8211; 230g\/kg (23%)<br \/>\nL\u00edpidos (m\u00edn.) &#8211; 110g\/kg (11%)<br \/>\nFibras (m\u00e1x.) &#8211; 35g\/kg (3.5%)<br \/>\nMateria Mineral (m\u00e1x.) &#8211;\u00a0 100g\/kg (10%)<br \/>\nCalcio (m\u00edn. \/ m\u00e1x.) &#8211;\u00a0 10g\/kg \u2013 22g\/kg (1.0 \u2013 2.2%)<br \/>\nF\u00f3sforo (m\u00edn. \/ m\u00e1x.) &#8211;\u00a0 8000mg\/kg \u2013 16g\/kg (0.8 \u2013 1.6%)<br \/>\nSodio (m\u00edn.)\u00a0 &#8211; 2000mg\/kg (0.2%)<br \/>\nOmega 3 (m\u00edn.)\u00a0 &#8211; 3000mg\/kg (0.3%)<br \/>\nOmega 6 (m\u00edn.) &#8211;\u00a0 25g\/kg (2.5%)<br \/>\nSaponina (m\u00edn.) &#8211;\u00a0 10mg\/kg<br \/>\nVitamina E (m\u00edn.) &#8211;\u00a0 200UI\/kg<br \/>\nVitamina C (m\u00edn.) &#8211;\u00a0 100mg\/kg<br \/>\nZinc (m\u00edn.) &#8211;\u00a0 130mg\/kg<br \/>\nSelenio (m\u00edn.) &#8211;\u00a0 0.35mg\/kg<br \/>\nHumedad (m\u00e1x.) &#8211; 100g\/kg (10%)<\/p>\n<p><strong>DOSIS \/ APLICACI\u00d3N<\/strong><\/p>\n<p>Se sugiere alimentar al perro 1-2 veces al d\u00eda, ajustando la cantidad seg\u00fan el peso, la actividad f\u00edsica, la raza y condici\u00f3n corporal.<\/p>\n<p>-5 kg\u00a0\u00a0\u00a0\u00a0\u00a0 \u00a0\u00a0\u00a0\u00a0\u00a0\u00a0\u00a0\u00a0\u00a0\u00a0\u00a0\u00a0\u00a0\u00a0\u00a0 ~ 30-95 g<\/p>\n<p>6-10 kg \u00a0\u00a0\u00a0\u00a0\u00a0\u00a0\u00a0\u00a0\u00a0\u00a0\u00a0\u00a0\u00a0\u00a0\u00a0 ~ 110-160 g<\/p>\n<p>11-15 kg\u00a0\u00a0\u00a0\u00a0\u00a0\u00a0\u00a0\u00a0\u00a0\u00a0\u00a0\u00a0\u00a0\u00a0 ~ 170-220 g<\/p>\n<p>16-20 kg\u00a0\u00a0\u00a0\u00a0\u00a0\u00a0\u00a0\u00a0\u00a0\u00a0\u00a0\u00a0\u00a0\u00a0 ~ 230-270 g<\/p>\n<p>21-30 kg\u00a0\u00a0\u00a0\u00a0\u00a0\u00a0\u00a0\u00a0\u00a0\u00a0\u00a0\u00a0\u00a0\u00a0 ~ 280-365 g<\/p>\n<p>31-40 kg\u00a0\u00a0\u00a0\u00a0\u00a0\u00a0\u00a0\u00a0\u00a0\u00a0\u00a0\u00a0\u00a0\u00a0 ~ 375-455 g<\/p>\n<p>41-50 kg\u00a0\u00a0\u00a0\u00a0\u00a0\u00a0\u00a0\u00a0\u00a0\u00a0\u00a0\u00a0\u00a0\u00a0 ~ 460-535 g<\/p>\n<p>51-60 kg\u00a0\u00a0\u00a0\u00a0\u00a0\u00a0\u00a0\u00a0\u00a0\u00a0\u00a0\u00a0\u00a0\u00a0 ~ 545-620 g<\/p>\n<p>&nbsp;<\/p>\n","protected":false},"excerpt":{"rendered":"<p>Alimento seco premium para perro adulto, sabor a<strong> pollo<\/strong>.<\/p>\n<p>2.2 Libras<\/p>\n","protected":false},"featured_media":723,"template":"","meta":[],"product_brand":[53],"product_cat":[46,47],"product_tag":[],"class_list":{"0":"post-722","1":"product","2":"type-product","3":"status-publish","4":"has-post-thumbnail","6":"product_brand-monello","7":"product_cat-comida","8":"product_cat-comida-para-perros","10":"first","11":"instock","12":"shipping-taxable","13":"purchasable","14":"product-type-simple"},"_links":{"self":[{"href":"https:\/\/yobipet.elesteam.com\/index.php\/wp-json\/wp\/v2\/product\/722","targetHints":{"allow":["GET"]}}],"collection":[{"href":"https:\/\/yobipet.elesteam.com\/index.php\/wp-json\/wp\/v2\/product"}],"about":[{"href":"https:\/\/yobipet.elesteam.com\/index.php\/wp-json\/wp\/v2\/types\/product"}],"wp:featuredmedia":[{"embeddable":true,"href":"https:\/\/yobipet.elesteam.com\/index.php\/wp-json\/wp\/v2\/media\/723"}],"wp:attachment":[{"href":"https:\/\/yobipet.elesteam.com\/index.php\/wp-json\/wp\/v2\/media?parent=722"}],"wp:term":[{"taxonomy":"product_brand","embeddable":true,"href":"https:\/\/yobipet.elesteam.com\/index.php\/wp-json\/wp\/v2\/product_brand?post=722"},{"taxonomy":"product_cat","embeddable":true,"href":"https:\/\/yobipet.elesteam.com\/index.php\/wp-json\/wp\/v2\/product_cat?post=722"},{"taxonomy":"product_tag","embeddable":true,"href":"https:\/\/yobipet.elesteam.com\/index.php\/wp-json\/wp\/v2\/product_tag?post=722"}],"curies":[{"name":"wp","href":"https:\/\/api.w.org\/{rel}","templated":true}]}}