{"id":730,"date":"2025-10-15T19:14:19","date_gmt":"2025-10-15T19:14:19","guid":{"rendered":"https:\/\/yobipet.elesteam.com\/?post_type=product&#038;p=730"},"modified":"2025-10-15T19:15:19","modified_gmt":"2025-10-15T19:15:19","slug":"concentrado-monello-para-perro-adulto-mayor-15-kg","status":"publish","type":"product","link":"https:\/\/yobipet.elesteam.com\/index.php\/producto\/concentrado-monello-para-perro-adulto-mayor-15-kg\/","title":{"rendered":"Concentrado Monello para Perro Adulto Mayor. 15 Kg"},"content":{"rendered":"<p><b>\u00bfQU\u00c9 ES?<\/b><\/p>\n<p>Monello Perros Senior es un alimento seco (concentrado) formulado para perros adultos mayores. Est\u00e1 dise\u00f1ado para perros ya en su etapa senior, para satisfacer sus necesidades nutricionales espec\u00edficas tales como menor actividad, metabolismo m\u00e1s lento, apoyo articular, mejor digesti\u00f3n y mantenimiento general del organismo.<\/p>\n<p><b>BENEFICIOS<\/b><\/p>\n<ul data-start=\"679\" data-end=\"1221\">\n<li data-start=\"679\" data-end=\"795\">\n<p data-start=\"681\" data-end=\"795\">Favorece la digesti\u00f3n en perros mayores mediante ingredientes que ayudan a hacer el alimento m\u00e1s digestible.<\/p>\n<\/li>\n<li data-start=\"796\" data-end=\"916\">\n<p data-start=\"798\" data-end=\"916\">Incluye elementos que ayudan con movilidad articular (glucosamina \/ condroitina) para perros de la tercera edad.<\/p>\n<\/li>\n<li data-start=\"917\" data-end=\"1020\">\n<p data-start=\"919\" data-end=\"1020\">Contribuye a mantener una salud bucal y dientes fuertes, lo que suele deteriorarse con la edad.<\/p>\n<\/li>\n<li data-start=\"1021\" data-end=\"1088\">\n<p data-start=\"1023\" data-end=\"1088\">Ayuda a mantener piel sana y pelaje adecuado en perros mayores.<\/p>\n<\/li>\n<li data-start=\"1089\" data-end=\"1221\">\n<p data-start=\"1091\" data-end=\"1221\">Formulado para mantener peso corporal saludable, evitando sobrepeso, ya que los perros senior suelen tener menos actividad f\u00edsica.<\/p>\n<\/li>\n<\/ul>\n<p><b>INGREDIENTES\u00a0\u00a0<\/b><\/p>\n<p>Linaza, huevo en polvo, MOS,\u00a0 extracto de yucca schidigera, hexametafosfato de sodio y glicosamina y condroitina<\/p>\n<p><b>DOSIS \/ APLICACI\u00d3N<\/b><\/p>\n<p><span style=\"font-weight: 400;\">Ver el empaque del producto, donde normalmente aparece una tabla con gramos diarios seg\u00fan el peso de la mascota<\/span><\/p>\n<ul>\n<li data-start=\"1942\" data-end=\"2002\">\n<p data-start=\"1944\" data-end=\"2002\">Alimentar 1-2 veces al d\u00eda, dividiendo la raci\u00f3n diaria.<\/p>\n<\/li>\n<li data-start=\"2003\" data-end=\"2123\">\n<p data-start=\"2005\" data-end=\"2123\">Ajustar la cantidad con base en el peso actual del perro, su nivel de actividad, salud general y condici\u00f3n corporal.<\/p>\n<\/li>\n<li data-start=\"2124\" data-end=\"2218\">\n<p data-start=\"2126\" data-end=\"2218\">Supervisar la ingesta para evitar sobrepeso, ya que perros senior requieren menos energ\u00eda.<\/p>\n<\/li>\n<\/ul>\n","protected":false},"excerpt":{"rendered":"<p>Alimento seco premium para perro adulto, sabor a<strong> pollo, arroz y remolacha.<\/strong><\/p>\n<p>33 Libras<\/p>\n","protected":false},"featured_media":729,"template":"","meta":[],"product_brand":[53],"product_cat":[46,47],"product_tag":[],"class_list":{"0":"post-730","1":"product","2":"type-product","3":"status-publish","4":"has-post-thumbnail","6":"product_brand-monello","7":"product_cat-comida","8":"product_cat-comida-para-perros","10":"first","11":"instock","12":"shipping-taxable","13":"purchasable","14":"product-type-simple"},"_links":{"self":[{"href":"https:\/\/yobipet.elesteam.com\/index.php\/wp-json\/wp\/v2\/product\/730","targetHints":{"allow":["GET"]}}],"collection":[{"href":"https:\/\/yobipet.elesteam.com\/index.php\/wp-json\/wp\/v2\/product"}],"about":[{"href":"https:\/\/yobipet.elesteam.com\/index.php\/wp-json\/wp\/v2\/types\/product"}],"wp:featuredmedia":[{"embeddable":true,"href":"https:\/\/yobipet.elesteam.com\/index.php\/wp-json\/wp\/v2\/media\/729"}],"wp:attachment":[{"href":"https:\/\/yobipet.elesteam.com\/index.php\/wp-json\/wp\/v2\/media?parent=730"}],"wp:term":[{"taxonomy":"product_brand","embeddable":true,"href":"https:\/\/yobipet.elesteam.com\/index.php\/wp-json\/wp\/v2\/product_brand?post=730"},{"taxonomy":"product_cat","embeddable":true,"href":"https:\/\/yobipet.elesteam.com\/index.php\/wp-json\/wp\/v2\/product_cat?post=730"},{"taxonomy":"product_tag","embeddable":true,"href":"https:\/\/yobipet.elesteam.com\/index.php\/wp-json\/wp\/v2\/product_tag?post=730"}],"curies":[{"name":"wp","href":"https:\/\/api.w.org\/{rel}","templated":true}]}}