{"id":735,"date":"2025-10-15T20:04:43","date_gmt":"2025-10-15T20:04:43","guid":{"rendered":"https:\/\/yobipet.elesteam.com\/?post_type=product&#038;p=735"},"modified":"2025-10-15T20:05:55","modified_gmt":"2025-10-15T20:05:55","slug":"concentrado-hills-science-diet-para-perro-adulto-senior-7-original-16-5-libras","status":"publish","type":"product","link":"https:\/\/yobipet.elesteam.com\/index.php\/producto\/concentrado-hills-science-diet-para-perro-adulto-senior-7-original-16-5-libras\/","title":{"rendered":"Concentrado Hills Science Diet para Perro Adulto Senior 7+ Original. 16.5 Libras"},"content":{"rendered":"<p><strong>\u00bfQU\u00c9 ES?<\/strong><\/p>\n<p>Concentrado Super Premium formulado espec\u00edficamente para perros adultos mayores de 7 a\u00f1os, de raza grande.<\/p>\n<p><strong>INGREDIENTES<\/strong><\/p>\n<p>Harina de pollo, cebada perlada agrietada, arroz de cervecer\u00eda, trigo integral, ma\u00edz integral, sorgo integral, avena integral, grasa de pollo, pulpa de remolacha seca, harina de soja, sabor a h\u00edgado de pollo, aceite de soja, \u00e1cido l\u00e1ctico, linaza, cloruro de potasio , Carbonato de calcio, sal yodada, cloruro de colina, vitaminas (suplemento de vitamina E, L-ascorbil-2-polifosfato (fuente de vitamina C), suplemento de niacina, mononitrato de tiamina, suplemento de vitamina A, pantotenato de calcio, suplemento de riboflavina, biotina, vitamina B12 Suplemento, clorhidrato de piridoxina, \u00e1cido f\u00f3lico, suplemento de vitamina D3), L-lisina, minerales (sulfato ferroso, \u00f3xido de zinc, sulfato de cobre, \u00f3xido manganoso, yodato de calcio, selenito de sodio), taurina, DL-metionina, fibra de avena, tocoferoles mixtos para frescura, sabores naturales, L-carnitina, beta caroteno, manzanas, br\u00f3coli, zanahorias, ar\u00e1ndanos, guisantes verdes<strong>.<\/strong><\/p>\n<p>&nbsp;<\/p>\n<p><strong>DOSIS \/ APLICACI\u00d3N<\/strong><\/p>\n<p>Peso &#8211; Porci\u00f3n diaria<\/p>\n<p>2.5 kg: 55 gramos<br \/>\n5 kg: 90 gramos<br \/>\n10 kg: 155 gramos<br \/>\n20 kg: 260 gramos<br \/>\n30 kg: 355 gramos<br \/>\n40 kg: 440 gramos<br \/>\n50 kg: 520 gramos<br \/>\n60 kg: 595 gramos<\/p>\n<p>&nbsp;<\/p>\n<p><strong>INDICACIONES<\/strong><\/p>\n<p>Indicado para perros de raza grande y extra grande de m\u00e1s de 7 a\u00f1os de edad.<\/p>\n<p>Su f\u00f3rmula adiciona la glucosamina para ayudarle con articulaciones y croquetas m\u00e1s suaves para facilitar su consumo. Dosis indicada seg\u00fan el peso de la mascota.<\/p>\n","protected":false},"excerpt":{"rendered":"<p>Alimento seco Super Premium para perros adultos mayores de 7 a\u00f1os con sabor a <strong>pollo y cebada.<\/strong><\/p>\n","protected":false},"featured_media":652,"template":"","meta":[],"product_brand":[50],"product_cat":[46,47],"product_tag":[],"class_list":{"0":"post-735","1":"product","2":"type-product","3":"status-publish","4":"has-post-thumbnail","6":"product_brand-hills-science-diet","7":"product_cat-comida","8":"product_cat-comida-para-perros","10":"first","11":"instock","12":"shipping-taxable","13":"purchasable","14":"product-type-simple"},"_links":{"self":[{"href":"https:\/\/yobipet.elesteam.com\/index.php\/wp-json\/wp\/v2\/product\/735","targetHints":{"allow":["GET"]}}],"collection":[{"href":"https:\/\/yobipet.elesteam.com\/index.php\/wp-json\/wp\/v2\/product"}],"about":[{"href":"https:\/\/yobipet.elesteam.com\/index.php\/wp-json\/wp\/v2\/types\/product"}],"wp:featuredmedia":[{"embeddable":true,"href":"https:\/\/yobipet.elesteam.com\/index.php\/wp-json\/wp\/v2\/media\/652"}],"wp:attachment":[{"href":"https:\/\/yobipet.elesteam.com\/index.php\/wp-json\/wp\/v2\/media?parent=735"}],"wp:term":[{"taxonomy":"product_brand","embeddable":true,"href":"https:\/\/yobipet.elesteam.com\/index.php\/wp-json\/wp\/v2\/product_brand?post=735"},{"taxonomy":"product_cat","embeddable":true,"href":"https:\/\/yobipet.elesteam.com\/index.php\/wp-json\/wp\/v2\/product_cat?post=735"},{"taxonomy":"product_tag","embeddable":true,"href":"https:\/\/yobipet.elesteam.com\/index.php\/wp-json\/wp\/v2\/product_tag?post=735"}],"curies":[{"name":"wp","href":"https:\/\/api.w.org\/{rel}","templated":true}]}}