{"id":738,"date":"2025-10-15T20:22:36","date_gmt":"2025-10-15T20:22:36","guid":{"rendered":"https:\/\/yobipet.elesteam.com\/?post_type=product&#038;p=738"},"modified":"2025-10-15T20:28:27","modified_gmt":"2025-10-15T20:28:27","slug":"concentrado-hills-para-perro-adulto-raza-pequena-1-6-15-libras","status":"publish","type":"product","link":"https:\/\/yobipet.elesteam.com\/index.php\/producto\/concentrado-hills-para-perro-adulto-raza-pequena-1-6-15-libras\/","title":{"rendered":"Concentrado Hills para Perro Adulto Raza Peque\u00f1a 1-6.  15 Libras"},"content":{"rendered":"<p><b>\u00bfQU\u00c9 ES?<\/b><\/p>\n<p><span style=\"font-weight: 400;\">Alimento elaborado con precisi\u00f3n para ofrecer a su perro la nutrici\u00f3n que necesita para una salud y felicidad de por vida.<\/span><\/p>\n<p><b>BENEFICIOS<\/b><\/p>\n<p><span style=\"font-weight: 400;\">Proporciona una nutrici\u00f3n equilibrada para perros que prefieren una croqueta m\u00e1s peque\u00f1a. Promueve un sistema inmunol\u00f3gico eficiente, piel y pelo suaves, mantenimiento de masa muscular, f\u00e1cil digesti\u00f3n, \u00f3rganos vitales y coraz\u00f3n saludables.<\/span><\/p>\n<p><b>DOSIS \/ APLICACI\u00d3N<\/b><\/p>\n<p><span style=\"font-weight: 400;\">Peso del perro (kg) Cantidad diaria (g)\u00a0<\/span><\/p>\n<p><span style=\"font-weight: 400;\">2,5 kg &#8211; 60 g<\/span><span style=\"font-weight: 400;\"><br \/>\n<\/span><span style=\"font-weight: 400;\">5 kg &#8211; 100 g<\/span><span style=\"font-weight: 400;\"><br \/>\n<\/span><span style=\"font-weight: 400;\">10 kg &#8211; 170 g<\/span><span style=\"font-weight: 400;\"><br \/>\n<\/span><span style=\"font-weight: 400;\">20 kg &#8211; 290 g<\/span><span style=\"font-weight: 400;\"><br \/>\n<\/span><span style=\"font-weight: 400;\">30 kg &#8211; 395 g<\/span><span style=\"font-weight: 400;\"><br \/>\n<\/span><span style=\"font-weight: 400;\">40 kg &#8211; 490 g<\/span><span style=\"font-weight: 400;\"><br \/>\n<\/span><span style=\"font-weight: 400;\">50 kg &#8211; 575 g<\/span><span style=\"font-weight: 400;\"><br \/>\n<\/span><span style=\"font-weight: 400;\">60 kg &#8211; 660 g<\/span><\/p>\n<p><b>COMPOSICION \/ INGREDIENTES<\/b><\/p>\n<p><span style=\"font-weight: 400;\">Pollo, cebada perlada agrietada, trigo integral, ma\u00edz integral, sorgo integral, harina de gluten de ma\u00edz, harina de soja, grasa de pollo, sabor a h\u00edgado de pollo, arroz cervecero, harina de pollo, pulpa de remolacha seca, aceite de soja, sabor a cerdo, \u00e1cido l\u00e1ctico , Carbonato de calcio, linaza, cloruro de potasio, cloruro de colina, sal yodada, vitaminas (suplemento de vitamina E, L-ascorbil-2-polifosfato (fuente de vitamina C), suplemento de niacina, mononitrato de tiamina, suplemento de vitamina A, pantotenato de calcio, suplemento de riboflavina , Biotina, suplemento de vitamina B12, clorhidrato de piridoxina, \u00e1cido f\u00f3lico, suplemento de vitamina D3), taurina, minerales (sulfato ferroso, \u00f3xido de zinc, sulfato de cobre, \u00f3xido de manganous, yodato de calcio, selenito de sodio), fibra de avena, tocoferoles mixtos para la frescura, natural Sabores, betacaroteno, manzanas, br\u00f3coli, zanahorias, ar\u00e1ndanos, guisantes verdes.<\/span><\/p>\n<p><b>CONTRAINDICACIONES<\/b><\/p>\n<p><span style=\"font-weight: 400;\">Consulte a su m\u00e9dico veterinario<\/span><\/p>\n","protected":false},"excerpt":{"rendered":"<p><span style=\"font-weight: 400;\">Alimento seco para perro adulto raza peque\u00f1a, sabor a<strong> pollo y cebada.\u00a0<\/strong><\/span><\/p>\n<p>&nbsp;<\/p>\n","protected":false},"featured_media":733,"template":"","meta":[],"product_brand":[50],"product_cat":[46,47],"product_tag":[],"class_list":{"0":"post-738","1":"product","2":"type-product","3":"status-publish","4":"has-post-thumbnail","6":"product_brand-hills-science-diet","7":"product_cat-comida","8":"product_cat-comida-para-perros","10":"first","11":"instock","12":"shipping-taxable","13":"purchasable","14":"product-type-simple"},"_links":{"self":[{"href":"https:\/\/yobipet.elesteam.com\/index.php\/wp-json\/wp\/v2\/product\/738","targetHints":{"allow":["GET"]}}],"collection":[{"href":"https:\/\/yobipet.elesteam.com\/index.php\/wp-json\/wp\/v2\/product"}],"about":[{"href":"https:\/\/yobipet.elesteam.com\/index.php\/wp-json\/wp\/v2\/types\/product"}],"wp:featuredmedia":[{"embeddable":true,"href":"https:\/\/yobipet.elesteam.com\/index.php\/wp-json\/wp\/v2\/media\/733"}],"wp:attachment":[{"href":"https:\/\/yobipet.elesteam.com\/index.php\/wp-json\/wp\/v2\/media?parent=738"}],"wp:term":[{"taxonomy":"product_brand","embeddable":true,"href":"https:\/\/yobipet.elesteam.com\/index.php\/wp-json\/wp\/v2\/product_brand?post=738"},{"taxonomy":"product_cat","embeddable":true,"href":"https:\/\/yobipet.elesteam.com\/index.php\/wp-json\/wp\/v2\/product_cat?post=738"},{"taxonomy":"product_tag","embeddable":true,"href":"https:\/\/yobipet.elesteam.com\/index.php\/wp-json\/wp\/v2\/product_tag?post=738"}],"curies":[{"name":"wp","href":"https:\/\/api.w.org\/{rel}","templated":true}]}}