{"id":747,"date":"2025-10-16T01:47:55","date_gmt":"2025-10-16T01:47:55","guid":{"rendered":"https:\/\/yobipet.elesteam.com\/?post_type=product&#038;p=747"},"modified":"2025-11-20T04:50:45","modified_gmt":"2025-11-20T04:50:45","slug":"concentrado-sportmix-high-protein-para-perro-20-kg","status":"publish","type":"product","link":"https:\/\/yobipet.elesteam.com\/index.php\/producto\/concentrado-sportmix-high-protein-para-perro-20-kg\/","title":{"rendered":"Concentrado Sportmix High Protein Para Perro. 20 Kg"},"content":{"rendered":"<p><b>\u00bfQU\u00c9 ES?<\/b><\/p>\n<p>Sportmix High Protein es un alimento seco formulado para perros adultos con alta actividad. Est\u00e1 dise\u00f1ado para aportar energ\u00eda extra y mayor contenido de prote\u00ednas para perros que requieren un nivel elevado de nutrici\u00f3n por su nivel de ejercicio, razas muy activas, perros de trabajo o en situaciones de estr\u00e9s.<\/p>\n<p><b>BENEFICIOS<\/b><\/p>\n<ul>\n<li data-start=\"781\" data-end=\"932\">Apoyo para mantenimiento de masa muscular y tono corporal, gracias al contenido elevado de prote\u00edna (27 %).<\/li>\n<li data-start=\"935\" data-end=\"1063\">Suministro de energ\u00eda sostenida, \u00fatil para perros activos o en ejercicio prolongado.<\/li>\n<li data-start=\"1066\" data-end=\"1231\">F\u00f3rmula \u201ccompleta y balanceada\u201d, es decir que incluye vitaminas y minerales para cubrir requerimientos nutricionales b\u00e1sicos.<\/li>\n<li data-start=\"1234\" data-end=\"1381\">Ayuda a mantener piel y pelaje saludables, ya que contiene grasas enriquecidas y nutrientes esenciales.<\/li>\n<li data-start=\"1384\" data-end=\"1500\">Buena digestibilidad y sabor, seg\u00fan lo indican fabricantes y distribuidores.<\/li>\n<\/ul>\n<p><b>INGREDIENTES\u00a0\u00a0<\/b><\/p>\n<ul>\n<li data-start=\"1666\" data-end=\"1733\">Meat Meal (harina de carne)<\/li>\n<li data-start=\"1736\" data-end=\"1817\">Ma\u00edz amarillo molido (ground yellow corn)<\/li>\n<li data-start=\"1820\" data-end=\"1889\">Harina de soya (soybean meal)<\/li>\n<li data-start=\"1892\" data-end=\"1944\">Trigo molido<\/li>\n<li data-start=\"1947\" data-end=\"2039\">Grasa de pollo (preservada con tocoferoles mixtos)<\/li>\n<li data-start=\"1947\" data-end=\"2039\">Germen de ma\u00edz (corn germ meal)<\/li>\n<li data-start=\"2118\" data-end=\"2202\">Sal, cloruro de potasio, cloruro de colina<\/li>\n<li data-start=\"2205\" data-end=\"2286\">Vitaminas (E, A, D3, B complejas, etc.)<\/li>\n<li data-start=\"2289\" data-end=\"2394\">Minerales (zinc, cobre, manganeso, hierro, selenio, yodo, etc.)\n<p data-start=\"2396\" data-end=\"2441\">\n<\/li>\n<\/ul>\n<p data-start=\"2396\" data-end=\"2441\"><strong data-start=\"2396\" data-end=\"2439\">AN\u00c1LISIS GARANTIZADO<\/strong><\/p>\n<ul>\n<li data-start=\"2444\" data-end=\"2517\">Prote\u00edna cruda (m\u00ednimo): 27.0 %<\/li>\n<li data-start=\"2520\" data-end=\"2590\">Grasa cruda (m\u00ednimo): 12.0 %<\/li>\n<li data-start=\"2593\" data-end=\"2662\">Fibra cruda (m\u00e1ximo): 4.5 %<\/li>\n<li data-start=\"2665\" data-end=\"2731\">Humedad (m\u00e1ximo): 10.0 %<\/li>\n<li data-start=\"2734\" data-end=\"2845\">Energ\u00eda metabolizable calculada: ~3,335 kcal\/kg (\u2248 329 kcal por taza)<\/li>\n<\/ul>\n<p><b>DOSIS \/ APLICACI\u00d3N<\/b><\/p>\n<p><span style=\"font-weight: 400;\">Ver el empaque del producto, donde normalmente aparece una tabla con gramos diarios seg\u00fan el peso de la mascota<\/span><\/p>\n","protected":false},"excerpt":{"rendered":"<p>Alimento seco para perro adulto. Receta de <strong>harina de carne\u00a0<\/strong><\/p>\n<p>44 Libras<\/p>\n","protected":false},"featured_media":748,"template":"","meta":[],"product_brand":[55],"product_cat":[46,47],"product_tag":[],"class_list":{"0":"post-747","1":"product","2":"type-product","3":"status-publish","4":"has-post-thumbnail","6":"product_brand-evangers","7":"product_cat-comida","8":"product_cat-comida-para-perros","10":"first","11":"instock","12":"shipping-taxable","13":"purchasable","14":"product-type-simple"},"_links":{"self":[{"href":"https:\/\/yobipet.elesteam.com\/index.php\/wp-json\/wp\/v2\/product\/747","targetHints":{"allow":["GET"]}}],"collection":[{"href":"https:\/\/yobipet.elesteam.com\/index.php\/wp-json\/wp\/v2\/product"}],"about":[{"href":"https:\/\/yobipet.elesteam.com\/index.php\/wp-json\/wp\/v2\/types\/product"}],"wp:featuredmedia":[{"embeddable":true,"href":"https:\/\/yobipet.elesteam.com\/index.php\/wp-json\/wp\/v2\/media\/748"}],"wp:attachment":[{"href":"https:\/\/yobipet.elesteam.com\/index.php\/wp-json\/wp\/v2\/media?parent=747"}],"wp:term":[{"taxonomy":"product_brand","embeddable":true,"href":"https:\/\/yobipet.elesteam.com\/index.php\/wp-json\/wp\/v2\/product_brand?post=747"},{"taxonomy":"product_cat","embeddable":true,"href":"https:\/\/yobipet.elesteam.com\/index.php\/wp-json\/wp\/v2\/product_cat?post=747"},{"taxonomy":"product_tag","embeddable":true,"href":"https:\/\/yobipet.elesteam.com\/index.php\/wp-json\/wp\/v2\/product_tag?post=747"}],"curies":[{"name":"wp","href":"https:\/\/api.w.org\/{rel}","templated":true}]}}