{"id":753,"date":"2025-10-16T03:06:35","date_gmt":"2025-10-16T03:06:35","guid":{"rendered":"https:\/\/yobipet.elesteam.com\/?post_type=product&#038;p=753"},"modified":"2025-10-16T03:11:06","modified_gmt":"2025-10-16T03:11:06","slug":"concentrado-advance-para-gato-adulto-esterilizado-2-10-anos-1-5-kg","status":"publish","type":"product","link":"https:\/\/yobipet.elesteam.com\/index.php\/producto\/concentrado-advance-para-gato-adulto-esterilizado-2-10-anos-1-5-kg\/","title":{"rendered":"Concentrado ADVANCE para Gato Adulto Esterilizado 2-10 A\u00f1os.  1.5 Kg"},"content":{"rendered":"<p><b>\u00bfQU\u00c9 ES?<\/b><\/p>\n<p>Advance Gato Adulto Esterilizado 2\u201310 a\u00f1os con Pavo es un alimento seco completo y equilibrado, especialmente formulado para gatos adultos esterilizados de 2 a 10 a\u00f1os. Su receta incluye pavo como fuente principal de prote\u00edna, cebada, guisantes y otros ingredientes de alta calidad, dise\u00f1ados para satisfacer las necesidades nutricionales espec\u00edficas de los gatos esterilizados.<\/p>\n<p><b>BENEFICIOS<\/b><\/p>\n<ul>\n<li data-start=\"668\" data-end=\"801\">Control del peso: Gracias a su contenido moderado en calor\u00edas y alto nivel de fibra, ayuda a mantener un peso corporal saludable.<\/li>\n<li data-start=\"804\" data-end=\"925\">Salud urinaria: Contribuye a mantener un pH urinario \u00f3ptimo, reduciendo el riesgo de problemas en el tracto urinario.<\/li>\n<li data-start=\"928\" data-end=\"1048\">Cuidado del pelaje: Enriquecido con \u00e1cidos grasos omega 3 y 6, y zinc, favorece una piel sana y un pelaje brillante.<\/li>\n<li data-start=\"1051\" data-end=\"1205\">Salud intestinal: Contiene prote\u00ednas de alto valor biol\u00f3gico y prebi\u00f3ticos que apoyan una digesti\u00f3n eficiente y una microbiota intestinal equilibrada.<\/li>\n<li data-start=\"1208\" data-end=\"1316\">Refuerzo inmunol\u00f3gico: Incluye inmunoglobulinas naturales que refuerzan las defensas naturales del gato.<\/li>\n<li data-start=\"1319\" data-end=\"1417\">Control del sarro dental: Ayuda a prevenir la formaci\u00f3n de sarro y mantiene un aliento fresco.<\/li>\n<\/ul>\n<p><b>INGREDIENTES\u00a0\u00a0<\/b><\/p>\n<ul>\n<li data-start=\"1467\" data-end=\"1481\">Pavo (15%)<\/li>\n<li data-start=\"1484\" data-end=\"1504\">Prote\u00edna de ma\u00edz<\/li>\n<li data-start=\"1507\" data-end=\"1522\">Ma\u00edz entero<\/li>\n<li data-start=\"1525\" data-end=\"1567\">Prote\u00ednas deshidratadas de ave y cerdo<\/li>\n<li data-start=\"1570\" data-end=\"1593\">Trigo integral (8%)<\/li>\n<li data-start=\"1596\" data-end=\"1620\">Cebada integral (8%)<\/li>\n<li data-start=\"1623\" data-end=\"1655\">Guisantes deshidratados (4%)<\/li>\n<li data-start=\"1658\" data-end=\"1679\">Prote\u00edna de trigo<\/li>\n<li data-start=\"1682\" data-end=\"1739\">Prote\u00ednas animales hidrolizadas (ave, cerdo, pescado)<\/li>\n<li data-start=\"1742\" data-end=\"1763\">Fibra de guisante<\/li>\n<li data-start=\"1766\" data-end=\"1790\">Sustancias minerales<\/li>\n<li data-start=\"1793\" data-end=\"1813\">Manteca de cerdo<\/li>\n<li data-start=\"1816\" data-end=\"1839\">Harinillas de trigo<\/li>\n<li data-start=\"1842\" data-end=\"1871\">Pulpa de remolacha (1,2%)<\/li>\n<li data-start=\"1874\" data-end=\"1895\">Aceite de pescado<\/li>\n<li data-start=\"1898\" data-end=\"1929\">Inulina de achicoria (0,6%)<\/li>\n<li>Prote\u00ednas plasm\u00e1ticas de cerdo (0,4%)<\/li>\n<\/ul>\n<p><strong>AN\u00c1LISIS GARANTIZADO<\/strong><\/p>\n<ul>\n<li data-start=\"2111\" data-end=\"2136\">Prote\u00edna bruta: 37.0%<\/li>\n<li data-start=\"2139\" data-end=\"2161\">Grasa bruta: 14.0%<\/li>\n<li data-start=\"2164\" data-end=\"2185\">Fibra bruta: 7.0%<\/li>\n<li data-start=\"2188\" data-end=\"2216\">Materia inorg\u00e1nica: 6.5%<\/li>\n<li data-start=\"2219\" data-end=\"2235\">Calcio: 1.1%<\/li>\n<li data-start=\"2238\" data-end=\"2255\">F\u00f3sforo: 1.0%<\/li>\n<li data-start=\"2258\" data-end=\"2273\">Sodio: 0.3%<\/li>\n<li data-start=\"2276\" data-end=\"2293\">Humedad: 8.0%<\/li>\n<\/ul>\n<p><b>DOSIS \/ APLICACI\u00d3N<\/b><\/p>\n<p data-start=\"2326\" data-end=\"2386\">La cantidad diaria recomendada var\u00eda seg\u00fan el peso del gato:<\/p>\n<div class=\"_tableContainer_1rjym_1\">\n<div class=\"group _tableWrapper_1rjym_13 flex w-fit flex-col-reverse\" tabindex=\"-1\">\n<table class=\"w-fit min-w-(--thread-content-width)\" data-start=\"2388\" data-end=\"2772\">\n<thead data-start=\"2388\" data-end=\"2442\">\n<tr data-start=\"2388\" data-end=\"2442\">\n<th data-start=\"2388\" data-end=\"2409\" data-col-size=\"sm\">Peso del gato (kg)<\/th>\n<th data-start=\"2409\" data-end=\"2442\" data-col-size=\"sm\">Raci\u00f3n diaria recomendada (g)<\/th>\n<\/tr>\n<\/thead>\n<tbody data-start=\"2498\" data-end=\"2772\">\n<tr data-start=\"2498\" data-end=\"2552\">\n<td data-start=\"2498\" data-end=\"2519\" data-col-size=\"sm\">2\u20133<\/td>\n<td data-start=\"2519\" data-end=\"2552\" data-col-size=\"sm\">30\u201345<\/td>\n<\/tr>\n<tr data-start=\"2553\" data-end=\"2607\">\n<td data-start=\"2553\" data-end=\"2574\" data-col-size=\"sm\">3\u20135<\/td>\n<td data-start=\"2574\" data-end=\"2607\" data-col-size=\"sm\">45\u201370<\/td>\n<\/tr>\n<tr data-start=\"2608\" data-end=\"2662\">\n<td data-start=\"2608\" data-end=\"2629\" data-col-size=\"sm\">5\u20137<\/td>\n<td data-start=\"2629\" data-end=\"2662\" data-col-size=\"sm\">70\u201395<\/td>\n<\/tr>\n<tr data-start=\"2663\" data-end=\"2717\">\n<td data-start=\"2663\" data-end=\"2684\" data-col-size=\"sm\">7\u20139<\/td>\n<td data-start=\"2684\" data-end=\"2717\" data-col-size=\"sm\">95\u2013120<\/td>\n<\/tr>\n<tr data-start=\"2718\" data-end=\"2772\">\n<td data-start=\"2718\" data-end=\"2739\" data-col-size=\"sm\">9\u201311<\/td>\n<td data-start=\"2739\" data-end=\"2772\" data-col-size=\"sm\">120\u2013145<\/td>\n<\/tr>\n<\/tbody>\n<\/table>\n<\/div>\n<\/div>\n","protected":false},"excerpt":{"rendered":"<p>Alimento seco para gato adulto esterilizado, con sabor a <strong>pavo.<\/strong><\/p>\n<p>3.3 Libras<\/p>\n","protected":false},"featured_media":755,"template":"","meta":[],"product_brand":[54],"product_cat":[46,48],"product_tag":[],"class_list":{"0":"post-753","1":"product","2":"type-product","3":"status-publish","4":"has-post-thumbnail","6":"product_brand-advance","7":"product_cat-comida","8":"product_cat-comida-para-gatos","10":"first","11":"instock","12":"shipping-taxable","13":"purchasable","14":"product-type-simple"},"_links":{"self":[{"href":"https:\/\/yobipet.elesteam.com\/index.php\/wp-json\/wp\/v2\/product\/753","targetHints":{"allow":["GET"]}}],"collection":[{"href":"https:\/\/yobipet.elesteam.com\/index.php\/wp-json\/wp\/v2\/product"}],"about":[{"href":"https:\/\/yobipet.elesteam.com\/index.php\/wp-json\/wp\/v2\/types\/product"}],"wp:featuredmedia":[{"embeddable":true,"href":"https:\/\/yobipet.elesteam.com\/index.php\/wp-json\/wp\/v2\/media\/755"}],"wp:attachment":[{"href":"https:\/\/yobipet.elesteam.com\/index.php\/wp-json\/wp\/v2\/media?parent=753"}],"wp:term":[{"taxonomy":"product_brand","embeddable":true,"href":"https:\/\/yobipet.elesteam.com\/index.php\/wp-json\/wp\/v2\/product_brand?post=753"},{"taxonomy":"product_cat","embeddable":true,"href":"https:\/\/yobipet.elesteam.com\/index.php\/wp-json\/wp\/v2\/product_cat?post=753"},{"taxonomy":"product_tag","embeddable":true,"href":"https:\/\/yobipet.elesteam.com\/index.php\/wp-json\/wp\/v2\/product_tag?post=753"}],"curies":[{"name":"wp","href":"https:\/\/api.w.org\/{rel}","templated":true}]}}