{"id":760,"date":"2025-10-16T18:19:53","date_gmt":"2025-10-16T18:19:53","guid":{"rendered":"https:\/\/yobipet.elesteam.com\/?post_type=product&#038;p=760"},"modified":"2025-11-03T17:20:44","modified_gmt":"2025-11-03T17:20:44","slug":"concentrado-advance-urinary-para-perro-3-kg","status":"publish","type":"product","link":"https:\/\/yobipet.elesteam.com\/index.php\/producto\/concentrado-advance-urinary-para-perro-3-kg\/","title":{"rendered":"Concentrado ADVANCE Urinary para Perro. 3 kg"},"content":{"rendered":"<p><b>\u00bfQU\u00c9 ES?<\/b><\/p>\n<p>Advance Veterinary Diets Urinary\u201d es un alimento diet\u00e9tico completo formulado para perros adultos, destinado a tratar y prevenir problemas del tracto urinario, especialmente los c\u00e1lculos de <em data-start=\"385\" data-end=\"396\">estruvita<\/em>. Es parte de la l\u00ednea veterinaria de Advance, utilizada bajo supervisi\u00f3n veterinaria.<\/p>\n<p><b>BENEFICIOS<\/b><\/p>\n<ul>\n<li data-start=\"588\" data-end=\"741\">Acidificaci\u00f3n moderada del pH urinario, lo que ayuda a disolver c\u00e1lculos de estruvita y a reducir su recurrencia.<\/li>\n<li data-start=\"744\" data-end=\"923\">Niveles de minerales controlados, asegurando que el contenido de magnesio y f\u00f3sforo est\u00e9 en rangos que minimizan la formaci\u00f3n de cristales.<\/li>\n<li data-start=\"926\" data-end=\"1069\">Diluici\u00f3n urinaria, favoreciendo un aumento del volumen de orina para \u201clavar\u201d mejor las v\u00edas urinarias.<\/li>\n<li data-start=\"1072\" data-end=\"1194\">Buen sabor, lo cual mejora la aceptaci\u00f3n del alimento incluso para uso prolongado.<\/li>\n<\/ul>\n<p><b>INGREDIENTES\u00a0\u00a0<\/b><\/p>\n<ul>\n<li data-start=\"1258\" data-end=\"1309\">Ma\u00edz entero<\/li>\n<li data-start=\"1312\" data-end=\"1365\">Arroz (~15 %)<\/li>\n<li data-start=\"1312\" data-end=\"1365\">Prote\u00ednas deshidratadas de ave (incluyendo ~6 % de pollo)<\/li>\n<li data-start=\"1468\" data-end=\"1524\">Prote\u00edna de ma\u00edz<\/li>\n<li data-start=\"1527\" data-end=\"1589\">Trigo integral (~10 %)<\/li>\n<li data-start=\"1592\" data-end=\"1650\">Manteca de cerdo<\/li>\n<li data-start=\"1653\" data-end=\"1764\">Harina de ma\u00edz, prote\u00ednas animales hidrolizadas (ave, cerdo, pescado)<\/li>\n<li data-start=\"1767\" data-end=\"1827\">Huevo deshidratado<\/li>\n<li data-start=\"1830\" data-end=\"1897\">Pulpa de remolacha (~1 %)<\/li>\n<li data-start=\"1900\" data-end=\"2023\">Cloruro de potasio, sulfato c\u00e1lcico, aceite de pescado, fosfato monoc\u00e1lcico, sal.<\/li>\n<\/ul>\n<p><b>AN\u00c1LISIS<\/b><strong>\u00a0GARANTIZADO<\/strong><\/p>\n<ul>\n<li data-start=\"2099\" data-end=\"2163\">Prote\u00edna bruta: ~ 22 %<\/li>\n<li data-start=\"2166\" data-end=\"2230\">Grasa bruta: ~ 14-15 %<\/li>\n<li data-start=\"2233\" data-end=\"2297\">Fibra bruta: ~ 2-2.5 %<\/li>\n<li data-start=\"2300\" data-end=\"2386\">Ceniza bruta (materia inorg\u00e1nica): ~ 5-5.5 %<\/li>\n<li data-start=\"2389\" data-end=\"2662\">Minerales clave:<br data-start=\"2405\" data-end=\"2408\" \/>\u2002\u2002\u2013 Calcio ~ 0.7 % <br data-start=\"2466\" data-end=\"2469\" \/>\u2002\u2002\u2013 F\u00f3sforo ~ 0.6 %<br data-start=\"2528\" data-end=\"2531\" \/>\u2002\u2002\u2013 Sodio ~ 0.25 %\u00a0<br data-start=\"2589\" data-end=\"2592\" \/>\u2002\u2002\u2013 Magnesio bajo (~ 0.08 %)<\/li>\n<\/ul>\n<p><b>DOSIS \/ APLICACI\u00d3N<\/b><\/p>\n<table>\n<tbody>\n<tr class=\"text-uppercase\">\n<td>PESO ADULTO<\/td>\n<td>GRAMOS POR D\u00cdA<\/td>\n<\/tr>\n<tr>\n<td>1 kg<\/td>\n<td>25 gr<\/td>\n<\/tr>\n<tr>\n<td>5 kg<\/td>\n<td>80 gr<\/td>\n<\/tr>\n<tr>\n<td>10 kg<\/td>\n<td>140 gr<\/td>\n<\/tr>\n<tr>\n<td>15 kg<\/td>\n<td>190 gr<\/td>\n<\/tr>\n<tr>\n<td>20 kg<\/td>\n<td>235 gr<\/td>\n<\/tr>\n<tr>\n<td>30 kg<\/td>\n<td>315 gr<\/td>\n<\/tr>\n<tr>\n<td>40 kg<\/td>\n<td>390 gr<\/td>\n<\/tr>\n<tr>\n<td>50 kg<\/td>\n<td>465 gr<\/td>\n<\/tr>\n<\/tbody>\n<\/table>\n<p>&nbsp;<\/p>\n","protected":false},"excerpt":{"rendered":"<p>Alimento seco para perro destinado a tratar y prevenir problemas del tracto urinario, sabor a<strong> pollo, arroz y trigo integral<\/strong>.<\/p>\n<p>6.6 Libras<\/p>\n","protected":false},"featured_media":764,"template":"","meta":[],"product_brand":[54],"product_cat":[46,47],"product_tag":[],"class_list":{"0":"post-760","1":"product","2":"type-product","3":"status-publish","4":"has-post-thumbnail","6":"product_brand-advance","7":"product_cat-comida","8":"product_cat-comida-para-perros","10":"first","11":"instock","12":"shipping-taxable","13":"purchasable","14":"product-type-simple"},"_links":{"self":[{"href":"https:\/\/yobipet.elesteam.com\/index.php\/wp-json\/wp\/v2\/product\/760","targetHints":{"allow":["GET"]}}],"collection":[{"href":"https:\/\/yobipet.elesteam.com\/index.php\/wp-json\/wp\/v2\/product"}],"about":[{"href":"https:\/\/yobipet.elesteam.com\/index.php\/wp-json\/wp\/v2\/types\/product"}],"wp:featuredmedia":[{"embeddable":true,"href":"https:\/\/yobipet.elesteam.com\/index.php\/wp-json\/wp\/v2\/media\/764"}],"wp:attachment":[{"href":"https:\/\/yobipet.elesteam.com\/index.php\/wp-json\/wp\/v2\/media?parent=760"}],"wp:term":[{"taxonomy":"product_brand","embeddable":true,"href":"https:\/\/yobipet.elesteam.com\/index.php\/wp-json\/wp\/v2\/product_brand?post=760"},{"taxonomy":"product_cat","embeddable":true,"href":"https:\/\/yobipet.elesteam.com\/index.php\/wp-json\/wp\/v2\/product_cat?post=760"},{"taxonomy":"product_tag","embeddable":true,"href":"https:\/\/yobipet.elesteam.com\/index.php\/wp-json\/wp\/v2\/product_tag?post=760"}],"curies":[{"name":"wp","href":"https:\/\/api.w.org\/{rel}","templated":true}]}}