{"id":771,"date":"2025-10-16T19:20:53","date_gmt":"2025-10-16T19:20:53","guid":{"rendered":"https:\/\/yobipet.elesteam.com\/?post_type=product&#038;p=771"},"modified":"2025-10-16T19:24:40","modified_gmt":"2025-10-16T19:24:40","slug":"concentrado-advance-para-perro-adulto-mini-7-kg","status":"publish","type":"product","link":"https:\/\/yobipet.elesteam.com\/index.php\/producto\/concentrado-advance-para-perro-adulto-mini-7-kg\/","title":{"rendered":"Concentrado ADVANCE para Perro Adulto Mini. 7 Kg"},"content":{"rendered":"<p><b>\u00bfQU\u00c9 ES?<\/b><\/p>\n<p>Advance Adulto Mini es un alimento seco formulado para perros adultos de raza peque\u00f1a (hasta aproximadamente 10 kg de peso adulto), de 8 meses hasta 8 a\u00f1os de edad. Est\u00e1 pensado para cubrir las necesidades nutricionales espec\u00edficas de perros peque\u00f1os: metabolismo m\u00e1s r\u00e1pido, mand\u00edbulas peque\u00f1as, mayor frecuencia card\u00edaca, mayor requerimiento energ\u00e9tico por kilo, etc.<\/p>\n<p><b>BENEFICIOS<\/b><\/p>\n<ul>\n<li data-start=\"773\" data-end=\"956\">Aporte energ\u00e9tico alto: prote\u00ednas y grasas suficientes para cubrir las necesidades de perros peque\u00f1os, que suelen quemar m\u00e1s calor\u00edas por kilo.<\/li>\n<li data-start=\"959\" data-end=\"1111\">Croquetas de tama\u00f1o peque\u00f1o adaptadas a la mand\u00edbula y dientes de razas peque\u00f1as, para facilitar la masticaci\u00f3n. F\u00e1cil digesti\u00f3n: ingredientes como pollo y arroz, adem\u00e1s de prote\u00ednas degradadas, ayudan a una mejor digestibilidad.<\/li>\n<li data-start=\"1273\" data-end=\"1445\">Cuidado dental: incluye ingredientes como pirofosfatos y una textura crocante que ayuda a prevenir el sarro y mantener buen aliento.<\/li>\n<li data-start=\"1448\" data-end=\"1607\">Piel y pelo saludables: la f\u00f3rmula tiene \u00e1cidos grasos omega, vitaminas, etc., que favorecen el brillo y salud cut\u00e1nea.<\/li>\n<li data-start=\"1610\" data-end=\"1737\">Protecci\u00f3n frente al envejecimiento celular: con antioxidantes y polifenoles incluidos.<\/li>\n<\/ul>\n<p><b>INGREDIENTES\u00a0\u00a0<\/b><\/p>\n<ul>\n<li data-start=\"1786\" data-end=\"1868\">Pollo (\u2248 20 %) como ingrediente principal.<\/li>\n<li data-start=\"1871\" data-end=\"1928\">Arroz (\u2248 10-15 %)<\/li>\n<li data-start=\"1931\" data-end=\"2002\">Prote\u00ednas deshidratadas de aves<\/li>\n<li data-start=\"2005\" data-end=\"2052\">Trigo<\/li>\n<li data-start=\"2055\" data-end=\"2121\">Harina de gluten de ma\u00edz<\/li>\n<li data-start=\"2124\" data-end=\"2210\">Grasas animales estabilizadas con vitamina E<\/li>\n<li data-start=\"2213\" data-end=\"2266\">Ma\u00edz entero<\/li>\n<li data-start=\"2269\" data-end=\"2364\">Prote\u00ednas animales hidrolizadas (ave, cerdo, pescado)<\/li>\n<li data-start=\"2367\" data-end=\"2427\">Pulpa de remolacha<\/li>\n<li data-start=\"2430\" data-end=\"2489\">Aceite de pescado<\/li>\n<li data-start=\"2492\" data-end=\"2678\">Huevo deshidratado, levadura, cloruro pot\u00e1sico, prote\u00ednas plasm\u00e1ticas, difosfato de tetrasodio, carbonato de calcio, sal, polifenoles naturales.<\/li>\n<\/ul>\n<p><strong>AN\u00c1LISIS GARANTIZADO<\/strong><\/p>\n<ul>\n<li data-start=\"2709\" data-end=\"2773\">Prote\u00edna bruta: ~ 28 %<\/li>\n<li data-start=\"2776\" data-end=\"2837\">Grasa bruta: ~ 19 %<\/li>\n<li data-start=\"2776\" data-end=\"2837\">Fibra bruta: alrededor de 2 %<\/li>\n<li data-start=\"2914\" data-end=\"2992\">Ceniza \/ materia inorg\u00e1nica: ~ 6.5 %<\/li>\n<li data-start=\"2995\" data-end=\"3051\">Calcio ~ 1.3 %<\/li>\n<li data-start=\"3054\" data-end=\"3111\">F\u00f3sforo ~ 1.0 %<\/li>\n<li data-start=\"3114\" data-end=\"3178\">Humedad (m\u00e1ximo) \u2248 9 %<\/li>\n<\/ul>\n<p><b>DOSIS \/ APLICACI\u00d3N<\/b><\/p>\n<p><span style=\"font-weight: 400;\">Ver el empaque del producto, donde normalmente aparece una tabla con gramos diarios seg\u00fan el peso de la mascota<\/span><\/p>\n","protected":false},"excerpt":{"rendered":"<p>Alimento seco para perro adulto mini, sabor a<strong> pollo y arroz.<\/strong><\/p>\n<p>15 Libras<\/p>\n","protected":false},"featured_media":770,"template":"","meta":[],"product_brand":[54],"product_cat":[46,47],"product_tag":[],"class_list":{"0":"post-771","1":"product","2":"type-product","3":"status-publish","4":"has-post-thumbnail","6":"product_brand-advance","7":"product_cat-comida","8":"product_cat-comida-para-perros","10":"first","11":"instock","12":"shipping-taxable","13":"purchasable","14":"product-type-simple"},"_links":{"self":[{"href":"https:\/\/yobipet.elesteam.com\/index.php\/wp-json\/wp\/v2\/product\/771","targetHints":{"allow":["GET"]}}],"collection":[{"href":"https:\/\/yobipet.elesteam.com\/index.php\/wp-json\/wp\/v2\/product"}],"about":[{"href":"https:\/\/yobipet.elesteam.com\/index.php\/wp-json\/wp\/v2\/types\/product"}],"wp:featuredmedia":[{"embeddable":true,"href":"https:\/\/yobipet.elesteam.com\/index.php\/wp-json\/wp\/v2\/media\/770"}],"wp:attachment":[{"href":"https:\/\/yobipet.elesteam.com\/index.php\/wp-json\/wp\/v2\/media?parent=771"}],"wp:term":[{"taxonomy":"product_brand","embeddable":true,"href":"https:\/\/yobipet.elesteam.com\/index.php\/wp-json\/wp\/v2\/product_brand?post=771"},{"taxonomy":"product_cat","embeddable":true,"href":"https:\/\/yobipet.elesteam.com\/index.php\/wp-json\/wp\/v2\/product_cat?post=771"},{"taxonomy":"product_tag","embeddable":true,"href":"https:\/\/yobipet.elesteam.com\/index.php\/wp-json\/wp\/v2\/product_tag?post=771"}],"curies":[{"name":"wp","href":"https:\/\/api.w.org\/{rel}","templated":true}]}}