{"id":784,"date":"2025-11-03T17:50:08","date_gmt":"2025-11-03T17:50:08","guid":{"rendered":"https:\/\/yobipet.elesteam.com\/?post_type=product&#038;p=784"},"modified":"2026-01-20T21:55:17","modified_gmt":"2026-01-20T21:55:17","slug":"credelio-para-perro-1-3-2-5-kg","status":"publish","type":"product","link":"https:\/\/yobipet.elesteam.com\/index.php\/producto\/credelio-para-perro-1-3-2-5-kg\/","title":{"rendered":"Credelio para Perro 1.3-2.5 Kg"},"content":{"rendered":"<p>\u00bfQUE ES?<\/p>\n<p>Credelio es un medicamento veterinario, presentado como comprimido masticable con sabor, indicado para perros. La versi\u00f3n para perros de 1,3-2,5 kg contiene 56,25 mg de la sustancia activa Lotilaner por comprimido. Est\u00e1 formulado para administraci\u00f3n oral, mensual, con o despu\u00e9s de la comida. Se comercializa bajo prescripci\u00f3n veterinaria.<\/p>\n<p>PROPIEDADES FARMACOL\u00d3GICAS<\/p>\n<p>El lotilaner, componente activo de Credelio, pertenece al grupo de las isoxazolinas y act\u00faa sobre el sistema nervioso de pulgas y garrapatas, bloqueando los canales de cloro regulados por el neurotransmisor GABA. Esto provoca una hiperexcitaci\u00f3n que lleva a la par\u00e1lisis y muerte de los par\u00e1sitos. Tras su administraci\u00f3n oral, se absorbe r\u00e1pidamente y mantiene niveles efectivos en sangre que brindan protecci\u00f3n continua durante aproximadamente un mes frente a nuevas infestaciones.<\/p>\n<p>APLICACI\u00d3N \/ MODO DE USO<\/p>\n<ul>\n<li data-start=\"3313\" data-end=\"3364\">V\u00eda oral.<\/li>\n<li data-start=\"3313\" data-end=\"3364\">Para perros que pesan <strong data-start=\"3389\" data-end=\"3403\">1,3-2,5 kg<\/strong>, se administra <strong data-start=\"3419\" data-end=\"3455\">1 comprimido de 56 mg (56,25 mg)<\/strong> de lotilaner.<\/li>\n<li data-start=\"3514\" data-end=\"3638\">El comprimido debe administrarse con comida o inmediatamente despu\u00e9s de la comida.<\/li>\n<li data-start=\"3641\" data-end=\"3710\">Frecuencia: una vez al mes.<\/li>\n<li data-start=\"3713\" data-end=\"3742\">Consideraciones especiales:<\/li>\n<li data-start=\"3747\" data-end=\"3885\">El producto est\u00e1 aprobado para perros de al menos 8 semanas de edad y con peso m\u00ednimo de 1,3 kg.<\/li>\n<li data-start=\"3890\" data-end=\"4061\">Para cachorros menores de 8 semanas o por debajo del peso, el uso debe basarse en evaluaci\u00f3n beneficio\/riesgo por el veterinario<\/li>\n<li data-start=\"4066\" data-end=\"4253\">No est\u00e1 establecido el uso de forma segura en perras gestantes, lactantes o en cr\u00eda, por lo que debe usarse solo tras valoraci\u00f3n del veterinario.<\/li>\n<\/ul>\n","protected":false},"excerpt":{"rendered":"<p>Es un comprimido masticable antipulgas y antigarrapatas que contiene lotilaner 56.25mg <strong>(1 Tableta)<\/strong><\/p>\n","protected":false},"featured_media":785,"template":"","meta":[],"product_brand":[57],"product_cat":[60,59],"product_tag":[],"class_list":{"0":"post-784","1":"product","2":"type-product","3":"status-publish","4":"has-post-thumbnail","6":"product_brand-credelio","7":"product_cat-antipulgas-y-garrapas-perros-medicamentos","8":"product_cat-medicamentos","10":"first","11":"instock","12":"shipping-taxable","13":"purchasable","14":"product-type-simple"},"_links":{"self":[{"href":"https:\/\/yobipet.elesteam.com\/index.php\/wp-json\/wp\/v2\/product\/784","targetHints":{"allow":["GET"]}}],"collection":[{"href":"https:\/\/yobipet.elesteam.com\/index.php\/wp-json\/wp\/v2\/product"}],"about":[{"href":"https:\/\/yobipet.elesteam.com\/index.php\/wp-json\/wp\/v2\/types\/product"}],"wp:featuredmedia":[{"embeddable":true,"href":"https:\/\/yobipet.elesteam.com\/index.php\/wp-json\/wp\/v2\/media\/785"}],"wp:attachment":[{"href":"https:\/\/yobipet.elesteam.com\/index.php\/wp-json\/wp\/v2\/media?parent=784"}],"wp:term":[{"taxonomy":"product_brand","embeddable":true,"href":"https:\/\/yobipet.elesteam.com\/index.php\/wp-json\/wp\/v2\/product_brand?post=784"},{"taxonomy":"product_cat","embeddable":true,"href":"https:\/\/yobipet.elesteam.com\/index.php\/wp-json\/wp\/v2\/product_cat?post=784"},{"taxonomy":"product_tag","embeddable":true,"href":"https:\/\/yobipet.elesteam.com\/index.php\/wp-json\/wp\/v2\/product_tag?post=784"}],"curies":[{"name":"wp","href":"https:\/\/api.w.org\/{rel}","templated":true}]}}