{"id":790,"date":"2025-11-03T20:38:33","date_gmt":"2025-11-03T20:38:33","guid":{"rendered":"https:\/\/yobipet.elesteam.com\/?post_type=product&#038;p=790"},"modified":"2026-01-20T21:56:59","modified_gmt":"2026-01-20T21:56:59","slug":"credelio-para-perro-5-5-11-0-kg","status":"publish","type":"product","link":"https:\/\/yobipet.elesteam.com\/index.php\/producto\/credelio-para-perro-5-5-11-0-kg\/","title":{"rendered":"Credelio para Perro 5.5-11.0 Kg"},"content":{"rendered":"<p>\u00bfQUE ES?<\/p>\n<p data-start=\"153\" data-end=\"467\">Credelio 225 mg es un comprimido masticable de uso veterinario, indicado para perros que pesan entre 5,5 y 11 kg. Su principio activo principal es Lotilaner (225 mg por comprimido) y est\u00e1 dise\u00f1ado para el tratamiento de infestaciones por pulgas y garrapatas.<\/p>\n<p>PROPIEDADES FARMACOL\u00d3GICAS<\/p>\n<p>Lotilaner pertenece al grupo de las isoxazolinas; act\u00faa inhibiendo los canales de cloro que est\u00e1n regulados por el neurotransmisor GABA en pulgas y garrapatas, provocando sobre-excitaci\u00f3n, par\u00e1lisis y muerte del par\u00e1sito. Tras su administraci\u00f3n oral con alimento, se absorbe y proporciona protecci\u00f3n durante aproximadamente un mes.<\/p>\n<p>APLICACI\u00d3N \/ MODO DE USO<\/p>\n<ul>\n<li data-start=\"946\" data-end=\"1014\">V\u00eda de administraci\u00f3n: oral.<\/li>\n<li data-start=\"1017\" data-end=\"1187\">Dosis: Para perros que pesan <strong data-start=\"1046\" data-end=\"1070\">&gt; 5,5 kg hasta 11 kg<\/strong>, se administra <strong data-start=\"1086\" data-end=\"1112\">1 comprimido de 225 mg<\/strong> (contenido de lotilaner) cada mes.<\/li>\n<li data-start=\"1190\" data-end=\"1257\">Frecuencia: Una vez al mes.<\/li>\n<li data-start=\"1260\" data-end=\"1424\">Momento de administraci\u00f3n: Con la comida o dentro de los 30 minutos posterior a la comida, para asegurar adecuada absorci\u00f3n.<\/li>\n<li data-start=\"1427\" data-end=\"1584\">Edad m\u00ednima y peso m\u00ednimo: Desde las 8 semanas de edad y perros de peso adecuado (5,5 kg en esta presentaci\u00f3n) o m\u00e1s.<\/li>\n<\/ul>\n","protected":false},"excerpt":{"rendered":"<p>Es un comprimido masticable antipulgas y antigarrapatas que contiene lotilaner 225mg <strong>(1 tableta)<\/strong><\/p>\n","protected":false},"featured_media":793,"template":"","meta":[],"product_brand":[57],"product_cat":[60,59],"product_tag":[],"class_list":{"0":"post-790","1":"product","2":"type-product","3":"status-publish","4":"has-post-thumbnail","6":"product_brand-credelio","7":"product_cat-antipulgas-y-garrapas-perros-medicamentos","8":"product_cat-medicamentos","10":"first","11":"instock","12":"shipping-taxable","13":"purchasable","14":"product-type-simple"},"_links":{"self":[{"href":"https:\/\/yobipet.elesteam.com\/index.php\/wp-json\/wp\/v2\/product\/790","targetHints":{"allow":["GET"]}}],"collection":[{"href":"https:\/\/yobipet.elesteam.com\/index.php\/wp-json\/wp\/v2\/product"}],"about":[{"href":"https:\/\/yobipet.elesteam.com\/index.php\/wp-json\/wp\/v2\/types\/product"}],"wp:featuredmedia":[{"embeddable":true,"href":"https:\/\/yobipet.elesteam.com\/index.php\/wp-json\/wp\/v2\/media\/793"}],"wp:attachment":[{"href":"https:\/\/yobipet.elesteam.com\/index.php\/wp-json\/wp\/v2\/media?parent=790"}],"wp:term":[{"taxonomy":"product_brand","embeddable":true,"href":"https:\/\/yobipet.elesteam.com\/index.php\/wp-json\/wp\/v2\/product_brand?post=790"},{"taxonomy":"product_cat","embeddable":true,"href":"https:\/\/yobipet.elesteam.com\/index.php\/wp-json\/wp\/v2\/product_cat?post=790"},{"taxonomy":"product_tag","embeddable":true,"href":"https:\/\/yobipet.elesteam.com\/index.php\/wp-json\/wp\/v2\/product_tag?post=790"}],"curies":[{"name":"wp","href":"https:\/\/api.w.org\/{rel}","templated":true}]}}