{"id":797,"date":"2025-11-03T21:10:26","date_gmt":"2025-11-03T21:10:26","guid":{"rendered":"https:\/\/yobipet.elesteam.com\/?post_type=product&#038;p=797"},"modified":"2026-01-20T23:09:34","modified_gmt":"2026-01-20T23:09:34","slug":"credelio-para-perro-22-45-kg","status":"publish","type":"product","link":"https:\/\/yobipet.elesteam.com\/index.php\/producto\/credelio-para-perro-22-45-kg\/","title":{"rendered":"Credelio para Perro 22-45 Kg"},"content":{"rendered":"<p>\u00bfQUE ES?<\/p>\n<p>Credelio\u202f900\u202fmg es un comprimido masticable de administraci\u00f3n mensual, dise\u00f1ado para perros con peso entre 22\u202fkg y 45\u202fkg. Contiene como sustancia activa Lotilaner (900\u202fmg por comprimido en esta presentaci\u00f3n) y est\u00e1 indicado para el tratamiento y prevenci\u00f3n de infestaciones por pulgas y garrapatas.<\/p>\n<p>PROPIEDADES FARMACOL\u00d3GICAS<\/p>\n<p>Lotilaner pertenece al grupo de las <em data-start=\"592\" data-end=\"606\">isoxazolinas<\/em>. Act\u00faa bloqueando los canales de cloro regulados por el neurotransmisor GABA en pulgas y garrapatas, lo que provoca hiperexcitaci\u00f3n neuromuscular del par\u00e1sito, su par\u00e1lisis y posterior muerte. Tras la administraci\u00f3n oral junto con la comida, se absorbe y mantiene niveles que ofrecen protecci\u00f3n durante aproximadamente un mes frente a nuevas infestaciones.<\/p>\n<p>APLICACI\u00d3N \/ MODO DE USO<\/p>\n<ul>\n<li data-start=\"1044\" data-end=\"1151\">V\u00eda de administraci\u00f3n: oral, mediante un comprimido masticable.<\/li>\n<li data-start=\"1154\" data-end=\"1302\">Dosis: Para perros que pesan entre 22\u202fkg y 45\u202fkg, se administra 1 comprimido de 900\u202fmg de lotilaner.<\/li>\n<li data-start=\"1305\" data-end=\"1376\">Frecuencia: Una vez al mes.<\/li>\n<li data-start=\"1379\" data-end=\"1569\">Momento de administraci\u00f3n: Debe administrarse con la comida o dentro de los 30 minutos posteriores a la comida, para asegurar una buena absorci\u00f3n.<\/li>\n<li data-start=\"1572\" data-end=\"1729\">Edad m\u00ednima: Aprobado para perros y cachorros de al menos 8 semanas de edad y con el peso m\u00ednimo correspondiente.<\/li>\n<\/ul>\n","protected":false},"excerpt":{"rendered":"<p>Es un comprimido masticable antipulgas y antigarrapatas que contiene lotilaner 900mg<strong> (1 tableta)<\/strong><\/p>\n","protected":false},"featured_media":799,"template":"","meta":[],"product_brand":[57],"product_cat":[60],"product_tag":[],"class_list":{"0":"post-797","1":"product","2":"type-product","3":"status-publish","4":"has-post-thumbnail","6":"product_brand-credelio","7":"product_cat-antipulgas-y-garrapas-perros-medicamentos","9":"first","10":"instock","11":"shipping-taxable","12":"purchasable","13":"product-type-simple"},"_links":{"self":[{"href":"https:\/\/yobipet.elesteam.com\/index.php\/wp-json\/wp\/v2\/product\/797","targetHints":{"allow":["GET"]}}],"collection":[{"href":"https:\/\/yobipet.elesteam.com\/index.php\/wp-json\/wp\/v2\/product"}],"about":[{"href":"https:\/\/yobipet.elesteam.com\/index.php\/wp-json\/wp\/v2\/types\/product"}],"wp:featuredmedia":[{"embeddable":true,"href":"https:\/\/yobipet.elesteam.com\/index.php\/wp-json\/wp\/v2\/media\/799"}],"wp:attachment":[{"href":"https:\/\/yobipet.elesteam.com\/index.php\/wp-json\/wp\/v2\/media?parent=797"}],"wp:term":[{"taxonomy":"product_brand","embeddable":true,"href":"https:\/\/yobipet.elesteam.com\/index.php\/wp-json\/wp\/v2\/product_brand?post=797"},{"taxonomy":"product_cat","embeddable":true,"href":"https:\/\/yobipet.elesteam.com\/index.php\/wp-json\/wp\/v2\/product_cat?post=797"},{"taxonomy":"product_tag","embeddable":true,"href":"https:\/\/yobipet.elesteam.com\/index.php\/wp-json\/wp\/v2\/product_tag?post=797"}],"curies":[{"name":"wp","href":"https:\/\/api.w.org\/{rel}","templated":true}]}}