{"id":800,"date":"2025-11-03T22:44:18","date_gmt":"2025-11-03T22:44:18","guid":{"rendered":"https:\/\/yobipet.elesteam.com\/?post_type=product&#038;p=800"},"modified":"2025-11-07T20:24:30","modified_gmt":"2025-11-07T20:24:30","slug":"bravecto-para-perro-4-4-9-9-kg","status":"publish","type":"product","link":"https:\/\/yobipet.elesteam.com\/index.php\/producto\/bravecto-para-perro-4-4-9-9-kg\/","title":{"rendered":"Bravecto para Perro 2-4.5 Kg"},"content":{"rendered":"<p>\u00bfQUE ES?<\/p>\n<p>Bravecto es un comprimido masticable (con sabor) de administraci\u00f3n oral, dise\u00f1ado para perros de m\u00e1s de 6\u202fmeses de edad y con peso de 4,4\u202flb a 9,9\u202flb (\u2248\u202f2\u20114,5\u202fkg). Contiene el principio activo Fluralaner, y est\u00e1 indicado para el tratamiento y prevenci\u00f3n de infestaciones por pulgas y garrapatas.<\/p>\n<p>PROPIEDADES FARMACOL\u00d3GICAS<\/p>\n<p>Fluralaner pertenece a la clase de las isoxazolinas. Act\u00faa como inhibidor de los canales de cloro regulados por los receptores de \u00e1cido\u202f\u03b3\u2011aminobut\u00edrico (GABA) y de glutamato en artr\u00f3podos (pulgas y garrapatas), provocando hiperexcitaci\u00f3n neuromuscular, par\u00e1lisis y muerte del par\u00e1sito. Una \u00fanica dosis oral proporciona protecci\u00f3n durante aproximadamente 12 semanas contra pulgas y muchas especies de garrapatas.<\/p>\n<p>APLICACI\u00d3N \/ MODO DE USO<\/p>\n<ul>\n<li data-start=\"1101\" data-end=\"1204\">V\u00eda de administraci\u00f3n: oral, un solo comprimido masticable.<\/li>\n<li data-start=\"1101\" data-end=\"1204\">Dosis para peso 4,4\u20119,9\u202flb (2\u20114,5\u202fkg): 1\u202fchew que contiene 112,5\u202fmg de fluralaner.<\/li>\n<li data-start=\"1336\" data-end=\"1576\">Frecuencia: cada 12\u202fsemanas (aproximadamente cada 3\u202fmeses). En zonas de alta exposici\u00f3n de ciertas garrapatas (por ejemplo Amblyomma americanum \u201clone star tick\u201d) puede considerarse cada 8\u202fsemanas.<\/li>\n<li data-start=\"1579\" data-end=\"1714\">Momento de administraci\u00f3n: Debe administrarse con comida para asegurar una mejor absorci\u00f3n.<\/li>\n<\/ul>\n","protected":false},"excerpt":{"rendered":"<article class=\"text-token-text-primary w-full focus:outline-none [--shadow-height:45px] has-data-writing-block:pointer-events-none has-data-writing-block:-mt-(--shadow-height) has-data-writing-block:pt-(--shadow-height) [&amp;:has([data-writing-block])&gt;*]:pointer-events-auto [content-visibility:auto] supports-[content-visibility:auto]:[contain-intrinsic-size:auto_100lvh] scroll-mt-[calc(var(--header-height)+min(200px,max(70px,20svh)))]\" dir=\"auto\" tabindex=\"-1\" data-turn-id=\"d72686cf-d518-42ef-922a-263e8c095336\" data-testid=\"conversation-turn-24\" data-scroll-anchor=\"true\" data-turn=\"assistant\">\n<div class=\"text-base my-auto mx-auto pb-10 [--thread-content-margin:--spacing(4)] thread-sm:[--thread-content-margin:--spacing(6)] thread-lg:[--thread-content-margin:--spacing(16)] px-(--thread-content-margin)\">\n<div class=\"[--thread-content-max-width:40rem] thread-lg:[--thread-content-max-width:48rem] mx-auto max-w-(--thread-content-max-width) flex-1 group\/turn-messages focus-visible:outline-hidden relative flex w-full min-w-0 flex-col agent-turn\" tabindex=\"-1\">\n<div class=\"flex max-w-full flex-col grow\">\n<div class=\"min-h-8 text-message relative flex w-full flex-col items-end gap-2 text-start break-words whitespace-normal [.text-message+&amp;]:mt-1\" dir=\"auto\" data-message-author-role=\"assistant\" data-message-id=\"fc30f19e-ce9a-4c44-b98d-fcbb5a8a5edb\" data-message-model-slug=\"gpt-5\">\n<div class=\"flex w-full flex-col gap-1 empty:hidden first:pt-[1px]\">\n<div class=\"markdown prose dark:prose-invert w-full break-words light markdown-new-styling\">\n<p data-start=\"497\" data-end=\"609\" data-is-last-node=\"\" data-is-only-node=\"\">Protege a tu perro de pulgas y garrapatas con una sola dosis que dura hasta 3 meses.<\/p>\n<\/div>\n<\/div>\n<\/div>\n<\/div>\n<div class=\"z-0 flex min-h-[46px] justify-start\"><\/div>\n<div class=\"mt-3 w-full empty:hidden\">\n<div class=\"text-center\"><\/div>\n<\/div>\n<\/div>\n<\/div>\n<\/article>\n<div class=\"pointer-events-none h-px w-px\" aria-hidden=\"true\" data-edge=\"true\"><\/div>\n","protected":false},"featured_media":801,"template":"","meta":[],"product_brand":[58],"product_cat":[60,59],"product_tag":[],"class_list":{"0":"post-800","1":"product","2":"type-product","3":"status-publish","4":"has-post-thumbnail","6":"product_brand-bravecto","7":"product_cat-antipulgas-y-garrapas-perros-medicamentos","8":"product_cat-medicamentos","10":"first","11":"instock","12":"shipping-taxable","13":"purchasable","14":"product-type-simple"},"_links":{"self":[{"href":"https:\/\/yobipet.elesteam.com\/index.php\/wp-json\/wp\/v2\/product\/800","targetHints":{"allow":["GET"]}}],"collection":[{"href":"https:\/\/yobipet.elesteam.com\/index.php\/wp-json\/wp\/v2\/product"}],"about":[{"href":"https:\/\/yobipet.elesteam.com\/index.php\/wp-json\/wp\/v2\/types\/product"}],"wp:featuredmedia":[{"embeddable":true,"href":"https:\/\/yobipet.elesteam.com\/index.php\/wp-json\/wp\/v2\/media\/801"}],"wp:attachment":[{"href":"https:\/\/yobipet.elesteam.com\/index.php\/wp-json\/wp\/v2\/media?parent=800"}],"wp:term":[{"taxonomy":"product_brand","embeddable":true,"href":"https:\/\/yobipet.elesteam.com\/index.php\/wp-json\/wp\/v2\/product_brand?post=800"},{"taxonomy":"product_cat","embeddable":true,"href":"https:\/\/yobipet.elesteam.com\/index.php\/wp-json\/wp\/v2\/product_cat?post=800"},{"taxonomy":"product_tag","embeddable":true,"href":"https:\/\/yobipet.elesteam.com\/index.php\/wp-json\/wp\/v2\/product_tag?post=800"}],"curies":[{"name":"wp","href":"https:\/\/api.w.org\/{rel}","templated":true}]}}