{"id":805,"date":"2025-11-03T23:48:29","date_gmt":"2025-11-03T23:48:29","guid":{"rendered":"https:\/\/yobipet.elesteam.com\/?post_type=product&#038;p=805"},"modified":"2025-11-20T04:50:46","modified_gmt":"2025-11-20T04:50:46","slug":"bravecto-para-perro-10-20-kg","status":"publish","type":"product","link":"https:\/\/yobipet.elesteam.com\/index.php\/producto\/bravecto-para-perro-10-20-kg\/","title":{"rendered":"Bravecto para Perro 10-20 Kg"},"content":{"rendered":"<p>\u00bfQUE ES?<\/p>\n<p>Bravecto es un comprimido masticable veterinario (con sabor) indicado para perros que pesan entre m\u00e1s de 10 kg hasta 20 kg. Contiene como principio activo Fluralaner, un insecticida y acaricida de uso sist\u00e9mico, utilizado para el tratamiento y prevenci\u00f3n de infestaciones por pulgas y garrapatas.<\/p>\n<p>PROPIEDADES FARMACOL\u00d3GICAS<\/p>\n<p>El fluralaner pertenece a la clase de las isoxazolinas. Act\u00faa bloqueando los canales de cloro regulados por los neurotransmisores GABA y glutamato en pulgas y garrapatas, lo que provoca una sobre-excitaci\u00f3n neuromuscular del par\u00e1sito, seguido de par\u00e1lisis y muerte. Una sola dosis oral proporciona protecci\u00f3n prolongada (hasta 12 semanas para pulgas y la mayor\u00eda de garrapatas) gracias a su absorci\u00f3n sist\u00e9mica.<\/p>\n<p>APLICACI\u00d3N \/ MODO DE USO<\/p>\n<ul>\n<li data-start=\"1052\" data-end=\"1159\">V\u00eda de administraci\u00f3n: oral, mediante un comprimido masticable.<\/li>\n<li data-start=\"1162\" data-end=\"1320\">Dosis: Para perros que pesan entre 10-20 kg, se administra 1 comprimido que contiene 500 mg de fluralaner.<\/li>\n<li data-start=\"1323\" data-end=\"1440\">Frecuencia: Una sola dosis cada aproximadamente 12 semanas (3 meses).<\/li>\n<li data-start=\"1443\" data-end=\"1614\">Momento de administraci\u00f3n: Se recomienda administrar con comida o justo despu\u00e9s de la comida para asegurar una buena absorci\u00f3n.<\/li>\n<li data-start=\"1617\" data-end=\"1744\">Edad m\u00ednima: Aprobado para perros desde al menos 8 semanas de edad y peso adecuado.<\/li>\n<\/ul>\n<p data-start=\"143\" data-end=\"483\">\n","protected":false},"excerpt":{"rendered":"<p>Protege a tu perro de pulgas y garrapatas con una sola dosis que dura hasta 3 meses.<\/p>\n","protected":false},"featured_media":806,"template":"","meta":[],"product_brand":[58],"product_cat":[60,59],"product_tag":[],"class_list":{"0":"post-805","1":"product","2":"type-product","3":"status-publish","4":"has-post-thumbnail","6":"product_brand-bravecto","7":"product_cat-antipulgas-y-garrapas-perros-medicamentos","8":"product_cat-medicamentos","10":"first","11":"outofstock","12":"shipping-taxable","13":"purchasable","14":"product-type-simple"},"_links":{"self":[{"href":"https:\/\/yobipet.elesteam.com\/index.php\/wp-json\/wp\/v2\/product\/805","targetHints":{"allow":["GET"]}}],"collection":[{"href":"https:\/\/yobipet.elesteam.com\/index.php\/wp-json\/wp\/v2\/product"}],"about":[{"href":"https:\/\/yobipet.elesteam.com\/index.php\/wp-json\/wp\/v2\/types\/product"}],"wp:featuredmedia":[{"embeddable":true,"href":"https:\/\/yobipet.elesteam.com\/index.php\/wp-json\/wp\/v2\/media\/806"}],"wp:attachment":[{"href":"https:\/\/yobipet.elesteam.com\/index.php\/wp-json\/wp\/v2\/media?parent=805"}],"wp:term":[{"taxonomy":"product_brand","embeddable":true,"href":"https:\/\/yobipet.elesteam.com\/index.php\/wp-json\/wp\/v2\/product_brand?post=805"},{"taxonomy":"product_cat","embeddable":true,"href":"https:\/\/yobipet.elesteam.com\/index.php\/wp-json\/wp\/v2\/product_cat?post=805"},{"taxonomy":"product_tag","embeddable":true,"href":"https:\/\/yobipet.elesteam.com\/index.php\/wp-json\/wp\/v2\/product_tag?post=805"}],"curies":[{"name":"wp","href":"https:\/\/api.w.org\/{rel}","templated":true}]}}