{"id":813,"date":"2025-11-04T00:07:01","date_gmt":"2025-11-04T00:07:01","guid":{"rendered":"https:\/\/yobipet.elesteam.com\/?post_type=product&#038;p=813"},"modified":"2025-11-07T20:26:46","modified_gmt":"2025-11-07T20:26:46","slug":"bravecto-para-perro-40-56-kg","status":"publish","type":"product","link":"https:\/\/yobipet.elesteam.com\/index.php\/producto\/bravecto-para-perro-40-56-kg\/","title":{"rendered":"Bravecto para Perro 40-56 Kg"},"content":{"rendered":"<p>\u00bfQUE ES?<\/p>\n<p>Bravecto es un comprimido masticable veterinario (antipar\u00e1sito externo) que contiene como principio activo Fluralaner. En la presentaci\u00f3n para perros de &gt; 40 kg hasta 56 kg de peso corporal se administra una \u00fanica tableta dise\u00f1ada para ese rango de peso.\u00a0<br data-start=\"436\" data-end=\"439\" \/>Est\u00e1 indicado para el tratamiento y prevenci\u00f3n de infestaciones por pulgas y garrapatas en perros.<\/p>\n<p>PROPIEDADES FARMACOL\u00d3GICAS<\/p>\n<p>Fluralaner pertenece a la clase de las isoxazolinas. Act\u00faa bloqueando los canales de cloro regulados por el neurotransmisor GABA (y en artr\u00f3podos tambi\u00e9n los de glutamato) en pulgas y garrapatas, lo que provoca una sobreexcitaci\u00f3n neuromuscular de los par\u00e1sitos, seguida de par\u00e1lisis y muerte.<br data-start=\"979\" data-end=\"982\" \/>Tras la administraci\u00f3n oral con alimento, se absorbe y mantiene niveles activos que brindan protecci\u00f3n prolongada (aproximadamente <strong data-start=\"1113\" data-end=\"1127\">12 semanas<\/strong>) frente a pulgas y m\u00faltiples especies de garrapatas.<\/p>\n<p>APLICACI\u00d3N \/ MODO DE USO<\/p>\n<ul>\n<li data-start=\"1263\" data-end=\"1359\">V\u00eda de administraci\u00f3n: Oral \u2014 comprimido masticable.<\/li>\n<li data-start=\"1362\" data-end=\"1557\">Dosis: Para perros que pesan entre &gt; 40 kg hasta 56 kg, se administra 1 comprimido que corresponde a la presentaci\u00f3n de 1 400 mg de fluralaner.<\/li>\n<li data-start=\"1560\" data-end=\"1779\">Frecuencia: Una \u00fanica administraci\u00f3n que se repite cada ~12 semanas para el control \u00f3ptimo de pulgas; para garrapatas, la frecuencia puede depender de la especie de garrapata.<\/li>\n<li data-start=\"1782\" data-end=\"2092\">Momento de administraci\u00f3n: Debe administrarse con comida o inmediatamente despu\u00e9s de la comida para asegurar una absorci\u00f3n adecuada. Si el perro no toma voluntariamente el comprimido, se puede dar junto con comida o directamente en la boca, observando que lo trague.<\/li>\n<li data-start=\"2095\" data-end=\"2201\">Precauci\u00f3n: No fragmentar el comprimido (no debe dividirse).<\/li>\n<\/ul>\n","protected":false},"excerpt":{"rendered":"<p>Protege a tu perro de pulgas y garrapatas con una sola dosis que dura hasta 3 meses.<\/p>\n","protected":false},"featured_media":819,"template":"","meta":[],"product_brand":[58],"product_cat":[60,59],"product_tag":[],"class_list":{"0":"post-813","1":"product","2":"type-product","3":"status-publish","4":"has-post-thumbnail","6":"product_brand-bravecto","7":"product_cat-antipulgas-y-garrapas-perros-medicamentos","8":"product_cat-medicamentos","10":"first","11":"instock","12":"shipping-taxable","13":"purchasable","14":"product-type-simple"},"_links":{"self":[{"href":"https:\/\/yobipet.elesteam.com\/index.php\/wp-json\/wp\/v2\/product\/813","targetHints":{"allow":["GET"]}}],"collection":[{"href":"https:\/\/yobipet.elesteam.com\/index.php\/wp-json\/wp\/v2\/product"}],"about":[{"href":"https:\/\/yobipet.elesteam.com\/index.php\/wp-json\/wp\/v2\/types\/product"}],"wp:featuredmedia":[{"embeddable":true,"href":"https:\/\/yobipet.elesteam.com\/index.php\/wp-json\/wp\/v2\/media\/819"}],"wp:attachment":[{"href":"https:\/\/yobipet.elesteam.com\/index.php\/wp-json\/wp\/v2\/media?parent=813"}],"wp:term":[{"taxonomy":"product_brand","embeddable":true,"href":"https:\/\/yobipet.elesteam.com\/index.php\/wp-json\/wp\/v2\/product_brand?post=813"},{"taxonomy":"product_cat","embeddable":true,"href":"https:\/\/yobipet.elesteam.com\/index.php\/wp-json\/wp\/v2\/product_cat?post=813"},{"taxonomy":"product_tag","embeddable":true,"href":"https:\/\/yobipet.elesteam.com\/index.php\/wp-json\/wp\/v2\/product_tag?post=813"}],"curies":[{"name":"wp","href":"https:\/\/api.w.org\/{rel}","templated":true}]}}