{"id":821,"date":"2025-11-05T18:24:05","date_gmt":"2025-11-05T18:24:05","guid":{"rendered":"https:\/\/yobipet.elesteam.com\/?post_type=product&#038;p=821"},"modified":"2025-11-20T04:50:45","modified_gmt":"2025-11-20T04:50:45","slug":"credelio-para-gatos-0-5-2-0-kg","status":"publish","type":"product","link":"https:\/\/yobipet.elesteam.com\/index.php\/producto\/credelio-para-gatos-0-5-2-0-kg\/","title":{"rendered":"Credelio para Gatos 0.5-2.0 Kg"},"content":{"rendered":"<p>\u00bfQU\u00c9 ES?<\/p>\n<p data-start=\"137\" data-end=\"536\">Credelio es un comprimido masticable para gatos, dise\u00f1ado para el rango de peso de <strong data-start=\"220\" data-end=\"239\">0,5 kg a 2,0 kg<\/strong>, que contiene la sustancia activa Lotilaner 12 mg por tableta en esta presentaci\u00f3n.\u00a0<br data-start=\"361\" data-end=\"364\" \/>Est\u00e1 indicado para el tratamiento de infestaciones de pulgas y garrapatas en gatos a partir de 8 semanas de edad y \u2265 0,5 kg de peso.<\/p>\n<p>PROPIEDADES FARMACOL\u00d3GICAS<\/p>\n<p>Lotilaner pertenece al grupo de las isoxazolinas y act\u00faa bloqueando los canales de cloro regulados por el neurotransmisor GABA en pulgas y garrapatas. Esto provoca hiperexcitaci\u00f3n neuromuscular del par\u00e1sito, par\u00e1lisis y muerte. Una vez administrado por v\u00eda oral (junto a la comida o poco despu\u00e9s) se absorbe y ofrece una eficacia persistente de aproximadamente un mes frente a pulgas (Ctenocephalides felis y Ctenocephalides canis) y ciertas garrapatas (Ixodes ricinus) en gatos.<\/p>\n<p>APLICACI\u00d3N MODO DE USO<\/p>\n<ul>\n<li data-start=\"1177\" data-end=\"1283\">V\u00eda de administraci\u00f3n: oral, mediante 1 comprimido masticable.<\/li>\n<li data-start=\"1286\" data-end=\"1412\">Para gatos de 0,5 kg a 2,0 kg: administrar 1 comprimido de 12 mg de lotilaner.<\/li>\n<li data-start=\"1415\" data-end=\"1575\">Debe administrarse con comida o dentro de los 30 minutos posteriores a la comida para asegurar absorci\u00f3n adecuada.<\/li>\n<li data-start=\"1578\" data-end=\"1772\">Frecuencia de administraci\u00f3n: el producto debe administrarse cada mes durante la temporada de pulgas y garrapatas o seg\u00fan recomendaci\u00f3n veterinaria.<\/li>\n<\/ul>\n","protected":false},"excerpt":{"rendered":"<p>Est\u00e1 indicado para el tratamiento de infestaciones de pulgas y garrapatas en gatos <strong>(1 Tableta)<\/strong><\/p>\n","protected":false},"featured_media":822,"template":"","meta":[],"product_brand":[57],"product_cat":[61],"product_tag":[],"class_list":{"0":"post-821","1":"product","2":"type-product","3":"status-publish","4":"has-post-thumbnail","6":"product_brand-credelio","7":"product_cat-antipulgas-y-garrapas-gatos","9":"first","10":"outofstock","11":"shipping-taxable","12":"purchasable","13":"product-type-simple"},"_links":{"self":[{"href":"https:\/\/yobipet.elesteam.com\/index.php\/wp-json\/wp\/v2\/product\/821","targetHints":{"allow":["GET"]}}],"collection":[{"href":"https:\/\/yobipet.elesteam.com\/index.php\/wp-json\/wp\/v2\/product"}],"about":[{"href":"https:\/\/yobipet.elesteam.com\/index.php\/wp-json\/wp\/v2\/types\/product"}],"wp:featuredmedia":[{"embeddable":true,"href":"https:\/\/yobipet.elesteam.com\/index.php\/wp-json\/wp\/v2\/media\/822"}],"wp:attachment":[{"href":"https:\/\/yobipet.elesteam.com\/index.php\/wp-json\/wp\/v2\/media?parent=821"}],"wp:term":[{"taxonomy":"product_brand","embeddable":true,"href":"https:\/\/yobipet.elesteam.com\/index.php\/wp-json\/wp\/v2\/product_brand?post=821"},{"taxonomy":"product_cat","embeddable":true,"href":"https:\/\/yobipet.elesteam.com\/index.php\/wp-json\/wp\/v2\/product_cat?post=821"},{"taxonomy":"product_tag","embeddable":true,"href":"https:\/\/yobipet.elesteam.com\/index.php\/wp-json\/wp\/v2\/product_tag?post=821"}],"curies":[{"name":"wp","href":"https:\/\/api.w.org\/{rel}","templated":true}]}}