{"id":824,"date":"2025-11-05T18:44:23","date_gmt":"2025-11-05T18:44:23","guid":{"rendered":"https:\/\/yobipet.elesteam.com\/?post_type=product&#038;p=824"},"modified":"2025-11-07T21:06:05","modified_gmt":"2025-11-07T21:06:05","slug":"credelio-para-gatos-2-0-8-0-kg","status":"publish","type":"product","link":"https:\/\/yobipet.elesteam.com\/index.php\/producto\/credelio-para-gatos-2-0-8-0-kg\/","title":{"rendered":"Credelio para Gatos 2.0-8.0 Kg"},"content":{"rendered":"<p>\u00bfQU\u00c9 ES?<\/p>\n<p>Credelio para gatos es un comprimido masticable con sabor dise\u00f1ado para el control de par\u00e1sitos externos en gatos y gatitos (\u2265 8 semanas de edad) que pesen <strong data-start=\"308\" data-end=\"338\">m\u00e1s de 2,0 kg hasta 8,0 kg<\/strong>. Contiene la sustancia activa Lotilaner, un ectoparasiticida sist\u00e9mico.<br data-start=\"448\" data-end=\"451\" \/>Est\u00e1 indicado para el tratamiento de infestaciones por pulgas (Ctenocephalides felis y Ctenocephalides canis) y ciertas garrapatas (Ixodes ricinus) en gatos.<\/p>\n<p>PROPIEDADES FARMACOL\u00d3GICAS<\/p>\n<p>Lotilaner pertenece a la clase de las isoxazolinas. Act\u00faa inhibiendo los canales de cloro regulados por GABA en pulgas y garrapatas, lo que provoca sobreexcitaci\u00f3n neuromuscular del par\u00e1sito, seguida de par\u00e1lisis y muerte. Despu\u00e9s de la administraci\u00f3n oral con alimento o dentro de los 30 min tras una comida, alcanza niveles suficientes para ofrecer protecci\u00f3n durante aproximadamente <strong data-start=\"1101\" data-end=\"1111\">un mes<\/strong>.<\/p>\n<p>APLICACI\u00d3N MODO DE USO<\/p>\n<ul>\n<li data-start=\"1195\" data-end=\"1312\">V\u00eda de administraci\u00f3n: oral, mediante un comprimido masticable con sabor.<\/li>\n<li data-start=\"1315\" data-end=\"1487\">Para gatos que pesan &gt; 2,0 kg hasta 8,0 kg, se administra 1 comprimido de 48 mg de lotilaner (equivale a esta presentaci\u00f3n).<\/li>\n<li data-start=\"1490\" data-end=\"1663\">El comprimido debe administrarse con comida o dentro de los 30 minutos despu\u00e9s de la comida, para asegurar una buena absorci\u00f3n.<\/li>\n<li data-start=\"1666\" data-end=\"1828\">Frecuencia: administrar una vez al mes, durante la temporada de pulgas y garrapatas o seg\u00fan el criterio veterinario.<\/li>\n<\/ul>\n","protected":false},"excerpt":{"rendered":"<p>Est\u00e1 indicado para el tratamiento de infestaciones de pulgas y garrapatas en gatos\u00a0<strong>(1 Tableta)<\/strong><\/p>\n","protected":false},"featured_media":825,"template":"","meta":[],"product_brand":[57],"product_cat":[61],"product_tag":[],"class_list":{"0":"post-824","1":"product","2":"type-product","3":"status-publish","4":"has-post-thumbnail","6":"product_brand-credelio","7":"product_cat-antipulgas-y-garrapas-gatos","9":"first","10":"instock","11":"shipping-taxable","12":"purchasable","13":"product-type-simple"},"_links":{"self":[{"href":"https:\/\/yobipet.elesteam.com\/index.php\/wp-json\/wp\/v2\/product\/824","targetHints":{"allow":["GET"]}}],"collection":[{"href":"https:\/\/yobipet.elesteam.com\/index.php\/wp-json\/wp\/v2\/product"}],"about":[{"href":"https:\/\/yobipet.elesteam.com\/index.php\/wp-json\/wp\/v2\/types\/product"}],"wp:featuredmedia":[{"embeddable":true,"href":"https:\/\/yobipet.elesteam.com\/index.php\/wp-json\/wp\/v2\/media\/825"}],"wp:attachment":[{"href":"https:\/\/yobipet.elesteam.com\/index.php\/wp-json\/wp\/v2\/media?parent=824"}],"wp:term":[{"taxonomy":"product_brand","embeddable":true,"href":"https:\/\/yobipet.elesteam.com\/index.php\/wp-json\/wp\/v2\/product_brand?post=824"},{"taxonomy":"product_cat","embeddable":true,"href":"https:\/\/yobipet.elesteam.com\/index.php\/wp-json\/wp\/v2\/product_cat?post=824"},{"taxonomy":"product_tag","embeddable":true,"href":"https:\/\/yobipet.elesteam.com\/index.php\/wp-json\/wp\/v2\/product_tag?post=824"}],"curies":[{"name":"wp","href":"https:\/\/api.w.org\/{rel}","templated":true}]}}